{"id":1006,"date":"2021-08-08T16:24:47","date_gmt":"2021-08-08T15:24:47","guid":{"rendered":"https:\/\/www.cuihamo.fr\/?page_id=1006"},"modified":"2025-03-02T22:41:58","modified_gmt":"2025-03-02T21:41:58","slug":"actions-20202021","status":"publish","type":"page","link":"https:\/\/cuihamo.fr\/?page_id=1006","title":{"rendered":"Actions 2020\/2021"},"content":{"rendered":"<p>Pendant l&rsquo;ann\u00e9e \u00e9coul\u00e9e, CUI HA MO a soutenu diff\u00e9rentes actions:<\/p>\n<p>1- Prise en charge frais de scolarit\u00e9 pour 7 enfants d\u00e9munis 2020\/2021<\/p>\n<p>2- Prise en charge frais de scolarit\u00e9 pour 16 enfants r\u00e9fugi\u00e9s de guerre&nbsp;2020\/2021<\/p>\n<p>3- Prise en charge frais de scolarit\u00e9 12 enfants aveugles&nbsp;2020\/2021<\/p>\n<p>4- Frais de formation pour 2 \u00e9tudiants&nbsp;2020\/2021<\/p>\n<p>5- Construction d\u2019une v\u00e9randa \u00e0 l\u2019\u00e9cole de KOMBE<\/p>\n<p>6-D\u00e9but du chantier de la Maison d&rsquo;Accueil CUIHAMO, avec prise en charge partielle des frais de main d\u2019\u0153uvre sur l\u2019ann\u00e9e 2020<\/p>\n<p>Cette construction est r\u00e9alis\u00e9e \u00e0 l&#8217;emplacement d&rsquo;une ancienne maison non achev\u00e9e et qu&rsquo;il a fallu d\u00e9molir. Voici le lien vid\u00e9o:<\/p>\n<p><a href=\"https:\/\/youtu.be\/7JHDKQwQJjA\">https:\/\/youtu.be\/7JHDKQwQJjA<\/a><\/p>\n<p>Une autre activit\u00e9 consiste \u00e0 exp\u00e9dier des colis avec du mat\u00e9riel scolaire&nbsp;; des ordinateurs, des jouets, des livres, des habits essentiellement d\u2019enfants et de femmes, des jouets, du mat\u00e9riel m\u00e9dical etc\u2026<\/p>\n<p>&nbsp;<\/p>\n<p>Voici le lien vers le film relatant les diff\u00e9rentes op\u00e9rations:&nbsp; &nbsp; &nbsp;&nbsp;<a href=\"https:\/\/youtu.be\/VT5lq4I7X_Y\">https:\/\/youtu.be\/VT5lq4I7X_Y<\/a><\/p>\n","protected":false},"excerpt":{"rendered":"<p>Pendant l&rsquo;ann\u00e9e \u00e9coul\u00e9e, CUI HA MO a soutenu diff\u00e9rentes actions: 1- Prise en charge frais de scolarit\u00e9 pour 7 enfants d\u00e9munis 2020\/2021 2- Prise en charge frais de scolarit\u00e9 pour 16 enfants r\u00e9fugi\u00e9s de guerre&nbsp;2020\/2021&hellip;<\/p>\n<p class=\"more-link-wrapper\"><a href=\"https:\/\/cuihamo.fr\/?page_id=1006\" class=\"more-link\">Continue Reading<span class=\"screen-reader-text\"> \u00ab\u00a0Actions 2020\/2021\u00a0\u00bb<\/span><\/a><\/p>\n","protected":false},"author":5,"featured_media":0,"parent":23,"menu_order":1,"comment_status":"closed","ping_status":"closed","template":"","meta":{"footnotes":""},"class_list":["post-1006","page","type-page","status-publish","hentry"],"_links":{"self":[{"href":"https:\/\/cuihamo.fr\/index.php?rest_route=\/wp\/v2\/pages\/1006","targetHints":{"allow":["GET"]}}],"collection":[{"href":"https:\/\/cuihamo.fr\/index.php?rest_route=\/wp\/v2\/pages"}],"about":[{"href":"https:\/\/cuihamo.fr\/index.php?rest_route=\/wp\/v2\/types\/page"}],"author":[{"embeddable":true,"href":"https:\/\/cuihamo.fr\/index.php?rest_route=\/wp\/v2\/users\/5"}],"replies":[{"embeddable":true,"href":"https:\/\/cuihamo.fr\/index.php?rest_route=%2Fwp%2Fv2%2Fcomments&post=1006"}],"version-history":[{"count":7,"href":"https:\/\/cuihamo.fr\/index.php?rest_route=\/wp\/v2\/pages\/1006\/revisions"}],"predecessor-version":[{"id":1305,"href":"https:\/\/cuihamo.fr\/index.php?rest_route=\/wp\/v2\/pages\/1006\/revisions\/1305"}],"up":[{"embeddable":true,"href":"https:\/\/cuihamo.fr\/index.php?rest_route=\/wp\/v2\/pages\/23"}],"wp:attachment":[{"href":"https:\/\/cuihamo.fr\/index.php?rest_route=%2Fwp%2Fv2%2Fmedia&parent=1006"}],"curies":[{"name":"wp","href":"https:\/\/api.w.org\/{rel}","templated":true}]}}