{"id":1017,"date":"2021-08-08T17:04:04","date_gmt":"2021-08-08T16:04:04","guid":{"rendered":"https:\/\/www.cuihamo.fr\/?page_id=1017"},"modified":"2025-07-26T13:05:17","modified_gmt":"2025-07-26T12:05:17","slug":"maison-daccueil-cuihamo","status":"publish","type":"page","link":"https:\/\/cuihamo.fr\/?page_id=1017","title":{"rendered":"Maison d&rsquo;accueil CUIHAMO"},"content":{"rendered":"\n<p>En 2023\/2024, le chantier \u00e0 la maison d&rsquo;accueil CUIHAMO se poursuit:<\/p>\n\n\n\n<figure class=\"wp-block-embed is-type-video is-provider-youtube wp-block-embed-youtube wp-embed-aspect-4-3 wp-has-aspect-ratio\"><div class=\"wp-block-embed__wrapper\">\n<iframe loading=\"lazy\" title=\"Maison CUIHAMO\" width=\"925\" height=\"520\" src=\"https:\/\/www.youtube.com\/embed\/-ggNLVf6p4A?feature=oembed\" frameborder=\"0\" allow=\"accelerometer; autoplay; clipboard-write; encrypted-media; gyroscope; picture-in-picture; web-share\" referrerpolicy=\"strict-origin-when-cross-origin\" allowfullscreen><\/iframe>\n<\/div><\/figure>\n\n\n\n<p>En 2022\/2023, CUIHAMO a poursuivi le chantier de la Maison d&rsquo;accueil CUIHAMO:<\/p>\n\n\n\n<figure class=\"wp-block-embed is-type-video is-provider-youtube wp-block-embed-youtube wp-embed-aspect-16-9 wp-has-aspect-ratio\"><div class=\"wp-block-embed__wrapper\">\n<iframe loading=\"lazy\" title=\"Construction Maison CUIHAMO \u00e0 Souza\" width=\"925\" height=\"520\" src=\"https:\/\/www.youtube.com\/embed\/R4pNTNeZyCo?feature=oembed\" frameborder=\"0\" allow=\"accelerometer; autoplay; clipboard-write; encrypted-media; gyroscope; picture-in-picture; web-share\" referrerpolicy=\"strict-origin-when-cross-origin\" allowfullscreen><\/iframe>\n<\/div><\/figure>\n\n\n<p>En 2021, l&rsquo;Association a poursuivi les travaux de construction de la Maison d&rsquo;accueil CUIHAMO, qui cependant n&rsquo;est pas encore achev\u00e9e.<\/p>\n\n<p>En 2020 a d\u00e9but\u00e9 le chantier pour la construction d&rsquo;une maison d&rsquo;accueil CUIHAMO.<\/p>\n<p>Cette construction est r\u00e9alis\u00e9e \u00e0 l&#8217;emplacement d&rsquo;une ancienne maison non achev\u00e9e et qu&rsquo;il a fallu d\u00e9molir.<\/p>\n<p>Voici le lien vid\u00e9o:<\/p>\n<p><a href=\"https:\/\/youtu.be\/7JHDKQwQJjA\">https:\/\/youtu.be\/7JHDKQwQJjA<\/a><\/p>\n\n","protected":false},"excerpt":{"rendered":"<p>En 2023\/2024, le chantier \u00e0 la maison d&rsquo;accueil CUIHAMO se poursuit: En 2022\/2023, CUIHAMO a poursuivi le chantier de la Maison d&rsquo;accueil CUIHAMO: En 2021, l&rsquo;Association a poursuivi les travaux de construction de la Maison&hellip;<\/p>\n<p class=\"more-link-wrapper\"><a href=\"https:\/\/cuihamo.fr\/?page_id=1017\" class=\"more-link\">Continue Reading<span class=\"screen-reader-text\"> \u00ab\u00a0Maison d&rsquo;accueil CUIHAMO\u00a0\u00bb<\/span><\/a><\/p>\n","protected":false},"author":5,"featured_media":0,"parent":23,"menu_order":11,"comment_status":"closed","ping_status":"closed","template":"","meta":{"footnotes":""},"class_list":["post-1017","page","type-page","status-publish","hentry"],"_links":{"self":[{"href":"https:\/\/cuihamo.fr\/index.php?rest_route=\/wp\/v2\/pages\/1017","targetHints":{"allow":["GET"]}}],"collection":[{"href":"https:\/\/cuihamo.fr\/index.php?rest_route=\/wp\/v2\/pages"}],"about":[{"href":"https:\/\/cuihamo.fr\/index.php?rest_route=\/wp\/v2\/types\/page"}],"author":[{"embeddable":true,"href":"https:\/\/cuihamo.fr\/index.php?rest_route=\/wp\/v2\/users\/5"}],"replies":[{"embeddable":true,"href":"https:\/\/cuihamo.fr\/index.php?rest_route=%2Fwp%2Fv2%2Fcomments&post=1017"}],"version-history":[{"count":10,"href":"https:\/\/cuihamo.fr\/index.php?rest_route=\/wp\/v2\/pages\/1017\/revisions"}],"predecessor-version":[{"id":1334,"href":"https:\/\/cuihamo.fr\/index.php?rest_route=\/wp\/v2\/pages\/1017\/revisions\/1334"}],"up":[{"embeddable":true,"href":"https:\/\/cuihamo.fr\/index.php?rest_route=\/wp\/v2\/pages\/23"}],"wp:attachment":[{"href":"https:\/\/cuihamo.fr\/index.php?rest_route=%2Fwp%2Fv2%2Fmedia&parent=1017"}],"curies":[{"name":"wp","href":"https:\/\/api.w.org\/{rel}","templated":true}]}}