{"id":1037,"date":"2022-09-11T18:56:57","date_gmt":"2022-09-11T17:56:57","guid":{"rendered":"https:\/\/www.cuihamo.fr\/?page_id=1037"},"modified":"2025-03-02T22:41:48","modified_gmt":"2025-03-02T21:41:48","slug":"actions-2021-2022","status":"publish","type":"page","link":"https:\/\/cuihamo.fr\/?page_id=1037","title":{"rendered":"Actions 2021\/2022"},"content":{"rendered":"\n<p>Durant l&rsquo;ann\u00e9e 2021\/2022, l&rsquo;Association CUI.HA.MO. a investi dans :<\/p>\n\n\n\n<p>1-Prise en charge frais de scolarit\u00e9 pour enfants d\u00e9munis <\/p>\n\n\n\n<p>2-Prise en charge partielle frais de scolarit\u00e9 pour des enfants r\u00e9fugi\u00e9s de guerre <\/p>\n\n\n\n<p>3-Extension de la Maison d&rsquo;accueil CUIHAMO <\/p>\n\n\n\n<p>4-Achat d\u2019une scie pour fabrication de ruches <\/p>\n\n\n\n<p>5-Frais de formation de savonniers et mise \u00e0 disposition des produits pour la 1<sup>\u00e8re<\/sup> production<\/p>\n\n\n\n<p>6-Achat d\u2019un cong\u00e9lateur <\/p>\n\n\n\n<p>7-Construction d\u2019une salle de classe \u00e0 SOUZA <\/p>\n\n\n\n<p>8-Frais de transport pour envoi d\u2019habits&nbsp; <\/p>\n\n\n\n<p><\/p>\n\n\n\n<p> <\/p>\n\n\n\n<p>Vous trouverez ici les vid\u00e9os de l&rsquo;ann\u00e9e:<\/p>\n\n\n\n<figure class=\"wp-block-embed-youtube wp-block-embed is-type-video is-provider-youtube wp-embed-aspect-16-9 wp-has-aspect-ratio\"><div class=\"wp-block-embed__wrapper\">\n<iframe loading=\"lazy\" title=\"Vid\u00e9o CUIHAMO 2022 partie 1\" width=\"925\" height=\"520\" src=\"https:\/\/www.youtube.com\/embed\/Tgtnx50_joE?feature=oembed\" frameborder=\"0\" allow=\"accelerometer; autoplay; clipboard-write; encrypted-media; gyroscope; picture-in-picture; web-share\" referrerpolicy=\"strict-origin-when-cross-origin\" allowfullscreen><\/iframe>\n<\/div><\/figure>\n\n\n\n<figure class=\"wp-block-embed-youtube wp-block-embed is-type-video is-provider-youtube wp-embed-aspect-16-9 wp-has-aspect-ratio\"><div class=\"wp-block-embed__wrapper\">\n<iframe loading=\"lazy\" title=\"Vid\u00e9o CUIHAMO 2022 partie 2\" width=\"925\" height=\"520\" src=\"https:\/\/www.youtube.com\/embed\/lgcW5eynAR4?feature=oembed\" frameborder=\"0\" allow=\"accelerometer; autoplay; clipboard-write; encrypted-media; gyroscope; picture-in-picture; web-share\" referrerpolicy=\"strict-origin-when-cross-origin\" allowfullscreen><\/iframe>\n<\/div><\/figure>\n\n\n\n<figure class=\"wp-block-embed-youtube wp-block-embed is-type-video is-provider-youtube wp-embed-aspect-16-9 wp-has-aspect-ratio\"><div class=\"wp-block-embed__wrapper\">\n<iframe loading=\"lazy\" title=\"Vid\u00e9o CUIHAMO 2022 partie 3\" width=\"925\" height=\"520\" src=\"https:\/\/www.youtube.com\/embed\/uuYD9AUPZNU?feature=oembed\" frameborder=\"0\" allow=\"accelerometer; autoplay; clipboard-write; encrypted-media; gyroscope; picture-in-picture; web-share\" referrerpolicy=\"strict-origin-when-cross-origin\" allowfullscreen><\/iframe>\n<\/div><\/figure>\n","protected":false},"excerpt":{"rendered":"<p>Durant l&rsquo;ann\u00e9e 2021\/2022, l&rsquo;Association CUI.HA.MO. a investi dans : 1-Prise en charge frais de scolarit\u00e9 pour enfants d\u00e9munis 2-Prise en charge partielle frais de scolarit\u00e9 pour des enfants r\u00e9fugi\u00e9s de guerre 3-Extension de la Maison&hellip;<\/p>\n<p class=\"more-link-wrapper\"><a href=\"https:\/\/cuihamo.fr\/?page_id=1037\" class=\"more-link\">Continue Reading<span class=\"screen-reader-text\"> \u00ab\u00a0Actions 2021\/2022\u00a0\u00bb<\/span><\/a><\/p>\n","protected":false},"author":5,"featured_media":0,"parent":23,"menu_order":0,"comment_status":"closed","ping_status":"closed","template":"","meta":{"footnotes":""},"class_list":["post-1037","page","type-page","status-publish","hentry"],"_links":{"self":[{"href":"https:\/\/cuihamo.fr\/index.php?rest_route=\/wp\/v2\/pages\/1037","targetHints":{"allow":["GET"]}}],"collection":[{"href":"https:\/\/cuihamo.fr\/index.php?rest_route=\/wp\/v2\/pages"}],"about":[{"href":"https:\/\/cuihamo.fr\/index.php?rest_route=\/wp\/v2\/types\/page"}],"author":[{"embeddable":true,"href":"https:\/\/cuihamo.fr\/index.php?rest_route=\/wp\/v2\/users\/5"}],"replies":[{"embeddable":true,"href":"https:\/\/cuihamo.fr\/index.php?rest_route=%2Fwp%2Fv2%2Fcomments&post=1037"}],"version-history":[{"count":13,"href":"https:\/\/cuihamo.fr\/index.php?rest_route=\/wp\/v2\/pages\/1037\/revisions"}],"predecessor-version":[{"id":1304,"href":"https:\/\/cuihamo.fr\/index.php?rest_route=\/wp\/v2\/pages\/1037\/revisions\/1304"}],"up":[{"embeddable":true,"href":"https:\/\/cuihamo.fr\/index.php?rest_route=\/wp\/v2\/pages\/23"}],"wp:attachment":[{"href":"https:\/\/cuihamo.fr\/index.php?rest_route=%2Fwp%2Fv2%2Fmedia&parent=1037"}],"curies":[{"name":"wp","href":"https:\/\/api.w.org\/{rel}","templated":true}]}}