{"id":1062,"date":"2022-09-11T19:55:30","date_gmt":"2022-09-11T18:55:30","guid":{"rendered":"https:\/\/www.cuihamo.fr\/?page_id=1062"},"modified":"2022-09-11T19:55:31","modified_gmt":"2022-09-11T18:55:31","slug":"ecole-de-souza","status":"publish","type":"page","link":"https:\/\/cuihamo.fr\/?page_id=1062","title":{"rendered":"Ecole de Souza"},"content":{"rendered":"\n<p>En 2021, une classe suppl\u00e9mentaire a \u00e9t\u00e9 construite \u00e0 SOUZA pour parer au manque de place \u00e0 la structure existante.<\/p>\n","protected":false},"excerpt":{"rendered":"<p>En 2021, une classe suppl\u00e9mentaire a \u00e9t\u00e9 construite \u00e0 SOUZA pour parer au manque de place \u00e0 la structure existante.<\/p>\n","protected":false},"author":5,"featured_media":0,"parent":77,"menu_order":5,"comment_status":"closed","ping_status":"closed","template":"","meta":{"footnotes":""},"class_list":["post-1062","page","type-page","status-publish","hentry"],"_links":{"self":[{"href":"https:\/\/cuihamo.fr\/index.php?rest_route=\/wp\/v2\/pages\/1062","targetHints":{"allow":["GET"]}}],"collection":[{"href":"https:\/\/cuihamo.fr\/index.php?rest_route=\/wp\/v2\/pages"}],"about":[{"href":"https:\/\/cuihamo.fr\/index.php?rest_route=\/wp\/v2\/types\/page"}],"author":[{"embeddable":true,"href":"https:\/\/cuihamo.fr\/index.php?rest_route=\/wp\/v2\/users\/5"}],"replies":[{"embeddable":true,"href":"https:\/\/cuihamo.fr\/index.php?rest_route=%2Fwp%2Fv2%2Fcomments&post=1062"}],"version-history":[{"count":1,"href":"https:\/\/cuihamo.fr\/index.php?rest_route=\/wp\/v2\/pages\/1062\/revisions"}],"predecessor-version":[{"id":1063,"href":"https:\/\/cuihamo.fr\/index.php?rest_route=\/wp\/v2\/pages\/1062\/revisions\/1063"}],"up":[{"embeddable":true,"href":"https:\/\/cuihamo.fr\/index.php?rest_route=\/wp\/v2\/pages\/77"}],"wp:attachment":[{"href":"https:\/\/cuihamo.fr\/index.php?rest_route=%2Fwp%2Fv2%2Fmedia&parent=1062"}],"curies":[{"name":"wp","href":"https:\/\/api.w.org\/{rel}","templated":true}]}}