{"id":1090,"date":"2024-08-18T19:12:32","date_gmt":"2024-08-18T18:12:32","guid":{"rendered":"https:\/\/www.cuihamo.fr\/?page_id=1090"},"modified":"2024-08-18T21:06:50","modified_gmt":"2024-08-18T20:06:50","slug":"actions-2022-2023","status":"publish","type":"page","link":"https:\/\/cuihamo.fr\/?page_id=1090","title":{"rendered":"Actions 2022\/2023"},"content":{"rendered":"\n<p>Durant l\u2019ann\u00e9e 2022\/2023, CUI HA MO a soutenu au Cameroun diff\u00e9rentes actions :<\/p>\n\n\n\n<p>1- Prise en charge frais de scolarit\u00e9 pour enfants d\u00e9munis <\/p>\n\n\n\n<p>2- Prise en charge frais de scolarit\u00e9 d\u2019enfants aveugles<\/p>\n\n\n\n<p>3- Prise en charge frais de scolarit\u00e9 pour des enfants r\u00e9fugi\u00e9s de guerre <\/p>\n\n\n\n<p>4- Extension de la maison d\u2019Accueil CUIHAMO <\/p>\n\n\n\n<p>5- Tables et chaises pour l\u2019\u00e9cole de MALEKE<\/p>\n\n\n\n<p>6- Achats d\u2019instruments pour la fanfare d\u2019\u00e9cole<\/p>\n\n\n\n<p>Voici les vid\u00e9os de l&rsquo;ann\u00e9e:<\/p>\n\n\n\n<p><\/p>\n\n\n\n<figure class=\"wp-block-embed-youtube wp-block-embed is-type-video is-provider-youtube wp-embed-aspect-16-9 wp-has-aspect-ratio\"><div class=\"wp-block-embed__wrapper\">\n<iframe loading=\"lazy\" title=\"Atelier au Centre des aveugles\" width=\"925\" height=\"520\" src=\"https:\/\/www.youtube.com\/embed\/6WtqlZZYiCk?feature=oembed\" frameborder=\"0\" allow=\"accelerometer; autoplay; clipboard-write; encrypted-media; gyroscope; picture-in-picture; web-share\" referrerpolicy=\"strict-origin-when-cross-origin\" allowfullscreen><\/iframe>\n<\/div><\/figure>\n\n\n\n<figure class=\"wp-block-embed-youtube wp-block-embed is-type-video is-provider-youtube wp-embed-aspect-16-9 wp-has-aspect-ratio\"><div class=\"wp-block-embed__wrapper\">\n<iframe loading=\"lazy\" title=\"Construction Maison CUIHAMO \u00e0 Souza\" width=\"925\" height=\"520\" src=\"https:\/\/www.youtube.com\/embed\/R4pNTNeZyCo?feature=oembed\" frameborder=\"0\" allow=\"accelerometer; autoplay; clipboard-write; encrypted-media; gyroscope; picture-in-picture; web-share\" referrerpolicy=\"strict-origin-when-cross-origin\" allowfullscreen><\/iframe>\n<\/div><\/figure>\n\n\n\n<figure class=\"wp-block-embed-youtube wp-block-embed is-type-video is-provider-youtube wp-embed-aspect-16-9 wp-has-aspect-ratio\"><div class=\"wp-block-embed__wrapper\">\n<iframe loading=\"lazy\" title=\"La nouvelle scie\" width=\"925\" height=\"520\" src=\"https:\/\/www.youtube.com\/embed\/y8x4oJifM5w?feature=oembed\" frameborder=\"0\" allow=\"accelerometer; autoplay; clipboard-write; encrypted-media; gyroscope; picture-in-picture; web-share\" referrerpolicy=\"strict-origin-when-cross-origin\" allowfullscreen><\/iframe>\n<\/div><\/figure>\n\n\n\n<figure class=\"wp-block-embed-youtube wp-block-embed is-type-video is-provider-youtube wp-embed-aspect-16-9 wp-has-aspect-ratio\"><div class=\"wp-block-embed__wrapper\">\n<iframe loading=\"lazy\" title=\"Remise de la fanfare \u00e0 l&#039;\u00e9cole de Komb\u00e9\" width=\"925\" height=\"520\" src=\"https:\/\/www.youtube.com\/embed\/lt0JBOFIyuE?feature=oembed\" frameborder=\"0\" allow=\"accelerometer; autoplay; clipboard-write; encrypted-media; gyroscope; picture-in-picture; web-share\" referrerpolicy=\"strict-origin-when-cross-origin\" allowfullscreen><\/iframe>\n<\/div><\/figure>\n\n\n\n<figure class=\"wp-block-embed-youtube wp-block-embed is-type-video is-provider-youtube wp-embed-aspect-16-9 wp-has-aspect-ratio\"><div class=\"wp-block-embed__wrapper\">\n<iframe loading=\"lazy\" title=\"Remise des tables et chaises \u00e0 Maleke\" width=\"925\" height=\"520\" src=\"https:\/\/www.youtube.com\/embed\/Jwmvx88Q_SU?feature=oembed\" frameborder=\"0\" allow=\"accelerometer; autoplay; clipboard-write; encrypted-media; gyroscope; picture-in-picture; web-share\" referrerpolicy=\"strict-origin-when-cross-origin\" allowfullscreen><\/iframe>\n<\/div><\/figure>\n","protected":false},"excerpt":{"rendered":"<p>Durant l\u2019ann\u00e9e 2022\/2023, CUI HA MO a soutenu au Cameroun diff\u00e9rentes actions : 1- Prise en charge frais de scolarit\u00e9 pour enfants d\u00e9munis 2- Prise en charge frais de scolarit\u00e9 d\u2019enfants aveugles 3- Prise en&hellip;<\/p>\n<p class=\"more-link-wrapper\"><a href=\"https:\/\/cuihamo.fr\/?page_id=1090\" class=\"more-link\">Continue Reading<span class=\"screen-reader-text\"> \u00ab\u00a0Actions 2022\/2023\u00a0\u00bb<\/span><\/a><\/p>\n","protected":false},"author":5,"featured_media":0,"parent":23,"menu_order":-1,"comment_status":"closed","ping_status":"closed","template":"","meta":{"footnotes":""},"class_list":["post-1090","page","type-page","status-publish","hentry"],"_links":{"self":[{"href":"https:\/\/cuihamo.fr\/index.php?rest_route=\/wp\/v2\/pages\/1090","targetHints":{"allow":["GET"]}}],"collection":[{"href":"https:\/\/cuihamo.fr\/index.php?rest_route=\/wp\/v2\/pages"}],"about":[{"href":"https:\/\/cuihamo.fr\/index.php?rest_route=\/wp\/v2\/types\/page"}],"author":[{"embeddable":true,"href":"https:\/\/cuihamo.fr\/index.php?rest_route=\/wp\/v2\/users\/5"}],"replies":[{"embeddable":true,"href":"https:\/\/cuihamo.fr\/index.php?rest_route=%2Fwp%2Fv2%2Fcomments&post=1090"}],"version-history":[{"count":7,"href":"https:\/\/cuihamo.fr\/index.php?rest_route=\/wp\/v2\/pages\/1090\/revisions"}],"predecessor-version":[{"id":1126,"href":"https:\/\/cuihamo.fr\/index.php?rest_route=\/wp\/v2\/pages\/1090\/revisions\/1126"}],"up":[{"embeddable":true,"href":"https:\/\/cuihamo.fr\/index.php?rest_route=\/wp\/v2\/pages\/23"}],"wp:attachment":[{"href":"https:\/\/cuihamo.fr\/index.php?rest_route=%2Fwp%2Fv2%2Fmedia&parent=1090"}],"curies":[{"name":"wp","href":"https:\/\/api.w.org\/{rel}","templated":true}]}}