{"id":1093,"date":"2024-08-18T19:15:56","date_gmt":"2024-08-18T18:15:56","guid":{"rendered":"https:\/\/www.cuihamo.fr\/?page_id=1093"},"modified":"2025-07-26T18:06:12","modified_gmt":"2025-07-26T17:06:12","slug":"actions-2023-2024","status":"publish","type":"page","link":"https:\/\/cuihamo.fr\/?page_id=1093","title":{"rendered":"Actions 2023\/2024"},"content":{"rendered":"\n<p>Durant l\u2019ann\u00e9e 2023\/2024, CUI HA MO a soutenu au Cameroun diff\u00e9rentes actions :<\/p>\n\n\n\n<p>1- Prise en charge frais de scolarit\u00e9 pour enfants d\u00e9munis <\/p>\n\n\n\n<p>2- Prise en charge frais de scolarit\u00e9 d\u2019enfants aveugles<\/p>\n\n\n\n<p>3- Prise en charge frais de scolarit\u00e9 pour des enfants r\u00e9fugi\u00e9s de guerre <\/p>\n\n\n\n<p>4- Poursuite de la construction de la maison d\u2019Accueil CUIHAMO <\/p>\n\n\n\n<p>Voici les vid\u00e9os de nos r\u00e9alisations et de la vie des b\u00e9n\u00e9ficiaires:<\/p>\n\n\n\n<figure class=\"wp-block-embed is-type-video is-provider-youtube wp-block-embed-youtube wp-embed-aspect-16-9 wp-has-aspect-ratio\"><div class=\"wp-block-embed__wrapper\">\n<iframe loading=\"lazy\" title=\"dons scolaire\" width=\"925\" height=\"520\" src=\"https:\/\/www.youtube.com\/embed\/C2OjgAVJIdk?feature=oembed\" frameborder=\"0\" allow=\"accelerometer; autoplay; clipboard-write; encrypted-media; gyroscope; picture-in-picture; web-share\" referrerpolicy=\"strict-origin-when-cross-origin\" allowfullscreen><\/iframe>\n<\/div><\/figure>\n\n\n\n<figure class=\"wp-block-embed is-type-video is-provider-youtube wp-block-embed-youtube wp-embed-aspect-16-9 wp-has-aspect-ratio\"><div class=\"wp-block-embed__wrapper\">\n<iframe loading=\"lazy\" title=\"Distribution v\u00eatements\" width=\"925\" height=\"520\" src=\"https:\/\/www.youtube.com\/embed\/x_0NZTAS7yI?feature=oembed\" frameborder=\"0\" allow=\"accelerometer; autoplay; clipboard-write; encrypted-media; gyroscope; picture-in-picture; web-share\" referrerpolicy=\"strict-origin-when-cross-origin\" allowfullscreen><\/iframe>\n<\/div><\/figure>\n\n\n\n<figure class=\"wp-block-embed is-type-video is-provider-youtube wp-block-embed-youtube wp-embed-aspect-4-3 wp-has-aspect-ratio\"><div class=\"wp-block-embed__wrapper\">\n<iframe loading=\"lazy\" title=\"Repas avec des d\u00e9munis\" width=\"925\" height=\"520\" src=\"https:\/\/www.youtube.com\/embed\/jlurYygIoho?feature=oembed\" frameborder=\"0\" allow=\"accelerometer; autoplay; clipboard-write; encrypted-media; gyroscope; picture-in-picture; web-share\" referrerpolicy=\"strict-origin-when-cross-origin\" allowfullscreen><\/iframe>\n<\/div><\/figure>\n\n\n\n<figure class=\"wp-block-embed is-type-video is-provider-youtube wp-block-embed-youtube wp-embed-aspect-4-3 wp-has-aspect-ratio\"><div class=\"wp-block-embed__wrapper\">\n<iframe loading=\"lazy\" title=\"Formation des jeunes \u00e0 la ferronnerie\" width=\"925\" height=\"520\" src=\"https:\/\/www.youtube.com\/embed\/J3JWFetcI5M?feature=oembed\" frameborder=\"0\" allow=\"accelerometer; autoplay; clipboard-write; encrypted-media; gyroscope; picture-in-picture; web-share\" referrerpolicy=\"strict-origin-when-cross-origin\" allowfullscreen><\/iframe>\n<\/div><\/figure>\n\n\n\n<figure class=\"wp-block-embed is-type-video is-provider-youtube wp-block-embed-youtube wp-embed-aspect-4-3 wp-has-aspect-ratio\"><div class=\"wp-block-embed__wrapper\">\n<iframe loading=\"lazy\" title=\"Maison CUIHAMO\" width=\"925\" height=\"520\" src=\"https:\/\/www.youtube.com\/embed\/-ggNLVf6p4A?feature=oembed\" frameborder=\"0\" allow=\"accelerometer; autoplay; clipboard-write; encrypted-media; gyroscope; picture-in-picture; web-share\" referrerpolicy=\"strict-origin-when-cross-origin\" allowfullscreen><\/iframe>\n<\/div><\/figure>\n\n\n\n<figure class=\"wp-block-embed is-type-video is-provider-youtube wp-block-embed-youtube wp-embed-aspect-16-9 wp-has-aspect-ratio\"><div class=\"wp-block-embed__wrapper\">\n<iframe loading=\"lazy\" title=\"Fabrication des cadres de ruches\" width=\"925\" height=\"520\" src=\"https:\/\/www.youtube.com\/embed\/N8Gyg4fhobs?feature=oembed\" frameborder=\"0\" allow=\"accelerometer; autoplay; clipboard-write; encrypted-media; gyroscope; picture-in-picture; web-share\" referrerpolicy=\"strict-origin-when-cross-origin\" allowfullscreen><\/iframe>\n<\/div><\/figure>\n\n\n\n<figure class=\"wp-block-embed is-type-video is-provider-youtube wp-block-embed-youtube wp-embed-aspect-4-3 wp-has-aspect-ratio\"><div class=\"wp-block-embed__wrapper\">\n<iframe loading=\"lazy\" title=\"Travail au centre des aveugles\" width=\"925\" height=\"520\" src=\"https:\/\/www.youtube.com\/embed\/HYVHpYWqX-U?feature=oembed\" frameborder=\"0\" allow=\"accelerometer; autoplay; clipboard-write; encrypted-media; gyroscope; picture-in-picture; web-share\" referrerpolicy=\"strict-origin-when-cross-origin\" allowfullscreen><\/iframe>\n<\/div><\/figure>\n","protected":false},"excerpt":{"rendered":"<p>Durant l\u2019ann\u00e9e 2023\/2024, CUI HA MO a soutenu au Cameroun diff\u00e9rentes actions : 1- Prise en charge frais de scolarit\u00e9 pour enfants d\u00e9munis 2- Prise en charge frais de scolarit\u00e9 d\u2019enfants aveugles 3- Prise en&hellip;<\/p>\n<p class=\"more-link-wrapper\"><a href=\"https:\/\/cuihamo.fr\/?page_id=1093\" class=\"more-link\">Continue Reading<span class=\"screen-reader-text\"> \u00ab\u00a0Actions 2023\/2024\u00a0\u00bb<\/span><\/a><\/p>\n","protected":false},"author":5,"featured_media":0,"parent":23,"menu_order":-2,"comment_status":"closed","ping_status":"closed","template":"","meta":{"footnotes":""},"class_list":["post-1093","page","type-page","status-publish","hentry"],"_links":{"self":[{"href":"https:\/\/cuihamo.fr\/index.php?rest_route=\/wp\/v2\/pages\/1093","targetHints":{"allow":["GET"]}}],"collection":[{"href":"https:\/\/cuihamo.fr\/index.php?rest_route=\/wp\/v2\/pages"}],"about":[{"href":"https:\/\/cuihamo.fr\/index.php?rest_route=\/wp\/v2\/types\/page"}],"author":[{"embeddable":true,"href":"https:\/\/cuihamo.fr\/index.php?rest_route=\/wp\/v2\/users\/5"}],"replies":[{"embeddable":true,"href":"https:\/\/cuihamo.fr\/index.php?rest_route=%2Fwp%2Fv2%2Fcomments&post=1093"}],"version-history":[{"count":9,"href":"https:\/\/cuihamo.fr\/index.php?rest_route=\/wp\/v2\/pages\/1093\/revisions"}],"predecessor-version":[{"id":1340,"href":"https:\/\/cuihamo.fr\/index.php?rest_route=\/wp\/v2\/pages\/1093\/revisions\/1340"}],"up":[{"embeddable":true,"href":"https:\/\/cuihamo.fr\/index.php?rest_route=\/wp\/v2\/pages\/23"}],"wp:attachment":[{"href":"https:\/\/cuihamo.fr\/index.php?rest_route=%2Fwp%2Fv2%2Fmedia&parent=1093"}],"curies":[{"name":"wp","href":"https:\/\/api.w.org\/{rel}","templated":true}]}}