{"id":1318,"date":"2025-07-24T15:33:14","date_gmt":"2025-07-24T14:33:14","guid":{"rendered":"https:\/\/www.cuihamo.fr\/?page_id=1318"},"modified":"2025-07-25T15:27:49","modified_gmt":"2025-07-25T14:27:49","slug":"actions-2024-2025","status":"publish","type":"page","link":"https:\/\/cuihamo.fr\/?page_id=1318","title":{"rendered":"Actions 2024\/2025"},"content":{"rendered":"\n<p><\/p>\n\n\n\n<p>Durant l&rsquo;ann\u00e9e 2024, nous avons soutenu au Cameroun diff\u00e9rents projets.<\/p>\n\n\n\n<p>&#8211; Prise en charge frais de scolarit\u00e9 d\u2019enfants aveugles<\/p>\n\n\n\n<p>&#8211; Poursuite de la construction de la maison d\u2019Accueil CUIHAMO<\/p>\n\n\n\n<p>&#8211; Frais de r\u00e9paration d\u2019un fauteuil roulant<\/p>\n\n\n\n<p>&#8211; Achat d\u2019un v\u00e9hicule<\/p>\n\n\n\n<figure class=\"wp-block-embed is-type-video is-provider-youtube wp-block-embed-youtube wp-embed-aspect-16-9 wp-has-aspect-ratio\"><div class=\"wp-block-embed__wrapper\">\n<iframe loading=\"lazy\" title=\"Cuihamo 2024\/2025\" width=\"925\" height=\"520\" src=\"https:\/\/www.youtube.com\/embed\/Se2Jpg1Xykg?feature=oembed\" frameborder=\"0\" allow=\"accelerometer; autoplay; clipboard-write; encrypted-media; gyroscope; picture-in-picture; web-share\" referrerpolicy=\"strict-origin-when-cross-origin\" allowfullscreen><\/iframe>\n<\/div><\/figure>\n\n\n\n<figure class=\"wp-block-embed is-type-video is-provider-youtube wp-block-embed-youtube wp-embed-aspect-16-9 wp-has-aspect-ratio\"><div class=\"wp-block-embed__wrapper\">\n<iframe loading=\"lazy\" title=\"Vie \u00e0 Loum Chantier Gare\" width=\"925\" height=\"520\" src=\"https:\/\/www.youtube.com\/embed\/4oGqflpa-28?feature=oembed\" frameborder=\"0\" allow=\"accelerometer; autoplay; clipboard-write; encrypted-media; gyroscope; picture-in-picture; web-share\" referrerpolicy=\"strict-origin-when-cross-origin\" allowfullscreen><\/iframe>\n<\/div><\/figure>\n","protected":false},"excerpt":{"rendered":"<p>Durant l&rsquo;ann\u00e9e 2024, nous avons soutenu au Cameroun diff\u00e9rents projets. &#8211; Prise en charge frais de scolarit\u00e9 d\u2019enfants aveugles &#8211; Poursuite de la construction de la maison d\u2019Accueil CUIHAMO &#8211; Frais de r\u00e9paration d\u2019un fauteuil&hellip;<\/p>\n<p class=\"more-link-wrapper\"><a href=\"https:\/\/cuihamo.fr\/?page_id=1318\" class=\"more-link\">Continue Reading<span class=\"screen-reader-text\"> \u00ab\u00a0Actions 2024\/2025\u00a0\u00bb<\/span><\/a><\/p>\n","protected":false},"author":5,"featured_media":0,"parent":23,"menu_order":-3,"comment_status":"closed","ping_status":"closed","template":"","meta":{"footnotes":""},"class_list":["post-1318","page","type-page","status-publish","hentry"],"_links":{"self":[{"href":"https:\/\/cuihamo.fr\/index.php?rest_route=\/wp\/v2\/pages\/1318","targetHints":{"allow":["GET"]}}],"collection":[{"href":"https:\/\/cuihamo.fr\/index.php?rest_route=\/wp\/v2\/pages"}],"about":[{"href":"https:\/\/cuihamo.fr\/index.php?rest_route=\/wp\/v2\/types\/page"}],"author":[{"embeddable":true,"href":"https:\/\/cuihamo.fr\/index.php?rest_route=\/wp\/v2\/users\/5"}],"replies":[{"embeddable":true,"href":"https:\/\/cuihamo.fr\/index.php?rest_route=%2Fwp%2Fv2%2Fcomments&post=1318"}],"version-history":[{"count":3,"href":"https:\/\/cuihamo.fr\/index.php?rest_route=\/wp\/v2\/pages\/1318\/revisions"}],"predecessor-version":[{"id":1323,"href":"https:\/\/cuihamo.fr\/index.php?rest_route=\/wp\/v2\/pages\/1318\/revisions\/1323"}],"up":[{"embeddable":true,"href":"https:\/\/cuihamo.fr\/index.php?rest_route=\/wp\/v2\/pages\/23"}],"wp:attachment":[{"href":"https:\/\/cuihamo.fr\/index.php?rest_route=%2Fwp%2Fv2%2Fmedia&parent=1318"}],"curies":[{"name":"wp","href":"https:\/\/api.w.org\/{rel}","templated":true}]}}