{"id":158,"date":"2011-03-09T22:48:33","date_gmt":"2011-03-09T21:48:33","guid":{"rendered":"https:\/\/www.cuihamo.fr\/?page_id=158"},"modified":"2019-07-20T20:15:00","modified_gmt":"2019-07-20T19:15:00","slug":"internat","status":"publish","type":"page","link":"https:\/\/cuihamo.fr\/?page_id=158","title":{"rendered":"Ecole de Kompina"},"content":{"rendered":"<p>&nbsp;<\/p>\n<figure style=\"width: 300px\" class=\"wp-caption aligncenter\"><a href=\"https:\/\/cuihamo.fr\/?attachment_id=566\" rel=\"attachment wp-att-566\"><img loading=\"lazy\" decoding=\"async\" title=\"ancienne_ecole_Kompina_vue_de_devant\" src=\"https:\/\/cuihamo.fr\/wp-content\/uploads\/2011\/03\/ancienne_ecole_Kompina_vue_de_devant2.jpg\" alt=\"\" width=\"300\" height=\"225\" \/><\/a><figcaption class=\"wp-caption-text\">Ancienne \u00e9cole de KOMPINA vue de devant<\/figcaption><\/figure>\n<p>&nbsp;<\/p>\n<figure id=\"attachment_375\" aria-describedby=\"caption-attachment-375\" style=\"width: 300px\" class=\"wp-caption aligncenter\"><a href=\"https:\/\/cuihamo.fr\/?attachment_id=375\" rel=\"attachment wp-att-375\"><img loading=\"lazy\" decoding=\"async\" class=\" wp-image-375\" title=\"ancienne_ecole_Kompina_entree\" src=\"https:\/\/cuihamo.fr\/wp-content\/uploads\/2011\/03\/ancienne_ecole_Kompina_entree.jpg\" alt=\"\" width=\"300\" height=\"225\" \/><\/a><figcaption id=\"caption-attachment-375\" class=\"wp-caption-text\">Ancienne \u00e9cole de Kompina &#8211; entr\u00e9e<\/figcaption><\/figure>\n<p>La nouvelle \u00e9cole de Kompina, pr\u00e8s de SOUZA, a \u00e9t\u00e9 financ\u00e9e par l&rsquo;Association en 2010\/2011.<\/p>\n<figure id=\"attachment_549\" aria-describedby=\"caption-attachment-549\" style=\"width: 300px\" class=\"wp-caption aligncenter\"><a href=\"https:\/\/cuihamo.fr\/?attachment_id=549\" rel=\"attachment wp-att-549\"><img loading=\"lazy\" decoding=\"async\" class=\"size-full wp-image-549\" title=\"ecole_Kompina_fondations\" src=\"https:\/\/cuihamo.fr\/wp-content\/uploads\/2011\/03\/ecole_Kompina_fondations1.jpg\" alt=\"\" width=\"300\" height=\"225\" \/><\/a><figcaption id=\"caption-attachment-549\" class=\"wp-caption-text\">Les fondations de la nouvelle \u00e9cole de KOMPINA<\/figcaption><\/figure>\n<figure id=\"attachment_378\" aria-describedby=\"caption-attachment-378\" style=\"width: 300px\" class=\"wp-caption aligncenter\"><a href=\"https:\/\/cuihamo.fr\/?attachment_id=378\" rel=\"attachment wp-att-378\"><img loading=\"lazy\" decoding=\"async\" class=\" wp-image-378\" title=\"ecole_Kompina_pose_charpente\" src=\"https:\/\/cuihamo.fr\/wp-content\/uploads\/2011\/03\/ecole_Kompina_pose_charpente.jpg\" alt=\"\" width=\"300\" height=\"225\" \/><\/a><figcaption id=\"caption-attachment-378\" class=\"wp-caption-text\">La pose de la charpente de la nouvelle \u00e9cole<\/figcaption><\/figure>\n<p>&nbsp;<\/p>\n<figure id=\"attachment_551\" aria-describedby=\"caption-attachment-551\" style=\"width: 300px\" class=\"wp-caption aligncenter\"><a href=\"https:\/\/cuihamo.fr\/?attachment_id=551\" rel=\"attachment wp-att-551\"><img loading=\"lazy\" decoding=\"async\" class=\"size-full wp-image-551\" title=\"ecole_Kompina_visite_enfants_chantier\" src=\"https:\/\/cuihamo.fr\/wp-content\/uploads\/2011\/03\/ecole_Kompina_visite_enfants_chantier1.jpg\" alt=\"\" width=\"300\" height=\"225\" \/><\/a><figcaption id=\"caption-attachment-551\" class=\"wp-caption-text\">Les enfants en visite sur le chantier de la nouvelle \u00e9cole<\/figcaption><\/figure>\n<p>&nbsp;<\/p>\n<figure id=\"attachment_553\" aria-describedby=\"caption-attachment-553\" style=\"width: 300px\" class=\"wp-caption aligncenter\"><a href=\"https:\/\/cuihamo.fr\/?attachment_id=553\" rel=\"attachment wp-att-553\"><img loading=\"lazy\" decoding=\"async\" class=\"size-medium wp-image-553\" title=\"Enfants avec le P\u00e8re Gabriel devant l'\u00e9cole de KOMPINA\" src=\"https:\/\/cuihamo.fr\/wp-content\/uploads\/2011\/03\/Enfants-avec-le-P\u00e8re-Gabriel-devant-l\u00e9cole-de-KOMPINA-300x225.jpg\" alt=\"\" width=\"300\" height=\"225\" srcset=\"https:\/\/cuihamo.fr\/wp-content\/uploads\/2011\/03\/Enfants-avec-le-P\u00e8re-Gabriel-devant-l\u00e9cole-de-KOMPINA-300x225.jpg 300w, https:\/\/cuihamo.fr\/wp-content\/uploads\/2011\/03\/Enfants-avec-le-P\u00e8re-Gabriel-devant-l\u00e9cole-de-KOMPINA-1024x769.jpg 1024w\" sizes=\"auto, (max-width: 300px) 100vw, 300px\" \/><\/a><figcaption id=\"caption-attachment-553\" class=\"wp-caption-text\">2012 &#8211; Les enfants avec le P\u00e8re Gabriel devant la nouvelle \u00e9cole de KOMPINA<\/figcaption><\/figure>\n<p>&nbsp;<\/p>\n<figure id=\"attachment_554\" aria-describedby=\"caption-attachment-554\" style=\"width: 300px\" class=\"wp-caption aligncenter\"><a href=\"https:\/\/cuihamo.fr\/?attachment_id=554\" rel=\"attachment wp-att-554\"><img loading=\"lazy\" decoding=\"async\" class=\"size-medium wp-image-554\" title=\"Instituteur avec enfants et P\u00e8re Gabriel\" src=\"https:\/\/cuihamo.fr\/wp-content\/uploads\/2011\/03\/Instituteur-avec-enfants-et-P\u00e8re-Gabriel-300x225.jpg\" alt=\"\" width=\"300\" height=\"225\" srcset=\"https:\/\/cuihamo.fr\/wp-content\/uploads\/2011\/03\/Instituteur-avec-enfants-et-P\u00e8re-Gabriel-300x225.jpg 300w, https:\/\/cuihamo.fr\/wp-content\/uploads\/2011\/03\/Instituteur-avec-enfants-et-P\u00e8re-Gabriel-1024x769.jpg 1024w\" sizes=\"auto, (max-width: 300px) 100vw, 300px\" \/><\/a><figcaption id=\"caption-attachment-554\" class=\"wp-caption-text\">Les enfants avec leur instituteur et le P\u00e8re Gabriel<\/figcaption><\/figure>\n<p>&nbsp;<\/p>\n<p>&nbsp;<\/p>\n<p>En 2011\/2012, la nouvelle \u00e9cole a \u00e9t\u00e9 agrandie par le rajout d&rsquo;une troisi\u00e8me salle de classe, qui reste \u00e0 finaliser.<\/p>\n<p>&nbsp;<\/p>\n<figure id=\"attachment_556\" aria-describedby=\"caption-attachment-556\" style=\"width: 300px\" class=\"wp-caption aligncenter\"><a href=\"https:\/\/cuihamo.fr\/?attachment_id=556\" rel=\"attachment wp-att-556\"><img loading=\"lazy\" decoding=\"async\" class=\"size-medium wp-image-556\" title=\"ecole_de_kompina_suite\" src=\"https:\/\/cuihamo.fr\/wp-content\/uploads\/2011\/03\/ecole_de_kompina_suite-300x206.jpg\" alt=\"\" width=\"300\" height=\"206\" srcset=\"https:\/\/cuihamo.fr\/wp-content\/uploads\/2011\/03\/ecole_de_kompina_suite-300x206.jpg 300w, https:\/\/cuihamo.fr\/wp-content\/uploads\/2011\/03\/ecole_de_kompina_suite-1024x705.jpg 1024w\" sizes=\"auto, (max-width: 300px) 100vw, 300px\" \/><\/a><figcaption id=\"caption-attachment-556\" class=\"wp-caption-text\">Travaux de construction de la troisi\u00e8me salle de classe<\/figcaption><\/figure>\n<p>&nbsp;<\/p>\n<figure id=\"attachment_557\" aria-describedby=\"caption-attachment-557\" style=\"width: 300px\" class=\"wp-caption aligncenter\"><a href=\"https:\/\/cuihamo.fr\/?attachment_id=557\" rel=\"attachment wp-att-557\"><img loading=\"lazy\" decoding=\"async\" class=\"size-medium wp-image-557\" title=\"Pose de la charpente\" src=\"https:\/\/cuihamo.fr\/wp-content\/uploads\/2011\/03\/Pose-de-la-charpente-300x205.jpg\" alt=\"\" width=\"300\" height=\"205\" srcset=\"https:\/\/cuihamo.fr\/wp-content\/uploads\/2011\/03\/Pose-de-la-charpente-300x205.jpg 300w, https:\/\/cuihamo.fr\/wp-content\/uploads\/2011\/03\/Pose-de-la-charpente-1024x699.jpg 1024w\" sizes=\"auto, (max-width: 300px) 100vw, 300px\" \/><\/a><figcaption id=\"caption-attachment-557\" class=\"wp-caption-text\">Pose de la charpente et de la toiture sur la nouvelle salle<\/figcaption><\/figure>\n<p>&nbsp;<\/p>\n<figure id=\"attachment_558\" aria-describedby=\"caption-attachment-558\" style=\"width: 300px\" class=\"wp-caption aligncenter\"><a href=\"https:\/\/cuihamo.fr\/?attachment_id=558\" rel=\"attachment wp-att-558\"><img loading=\"lazy\" decoding=\"async\" class=\"size-medium wp-image-558\" title=\"Toiture en t\u00f4le galvanis\u00e9e\" src=\"https:\/\/cuihamo.fr\/wp-content\/uploads\/2011\/03\/Toiture-en-t\u00f4le-galvanis\u00e9e-300x258.jpg\" alt=\"\" width=\"300\" height=\"258\" srcset=\"https:\/\/cuihamo.fr\/wp-content\/uploads\/2011\/03\/Toiture-en-t\u00f4le-galvanis\u00e9e-300x258.jpg 300w, https:\/\/cuihamo.fr\/wp-content\/uploads\/2011\/03\/Toiture-en-t\u00f4le-galvanis\u00e9e-1024x881.jpg 1024w\" sizes=\"auto, (max-width: 300px) 100vw, 300px\" \/><\/a><figcaption id=\"caption-attachment-558\" class=\"wp-caption-text\">Toiture r\u00e9alis\u00e9e en t\u00f4le galvanis\u00e9e<\/figcaption><\/figure>\n<p>&nbsp;<\/p>\n<figure id=\"attachment_560\" aria-describedby=\"caption-attachment-560\" style=\"width: 300px\" class=\"wp-caption aligncenter\"><a href=\"https:\/\/cuihamo.fr\/?attachment_id=560\" rel=\"attachment wp-att-560\"><img loading=\"lazy\" decoding=\"async\" class=\"size-medium wp-image-560\" title=\"Gros oeuvre achev\u00e9\" src=\"https:\/\/cuihamo.fr\/wp-content\/uploads\/2011\/03\/Gros-oeuvre-achev\u00e9-300x225.jpg\" alt=\"\" width=\"300\" height=\"225\" srcset=\"https:\/\/cuihamo.fr\/wp-content\/uploads\/2011\/03\/Gros-oeuvre-achev\u00e9-300x225.jpg 300w, https:\/\/cuihamo.fr\/wp-content\/uploads\/2011\/03\/Gros-oeuvre-achev\u00e9-1024x769.jpg 1024w\" sizes=\"auto, (max-width: 300px) 100vw, 300px\" \/><\/a><figcaption id=\"caption-attachment-560\" class=\"wp-caption-text\">Gros oeuvre de la troisi\u00e8me salle achev\u00e9<\/figcaption><\/figure>\n<p>&nbsp;<\/p>\n<figure id=\"attachment_563\" aria-describedby=\"caption-attachment-563\" style=\"width: 300px\" class=\"wp-caption aligncenter\"><a href=\"https:\/\/cuihamo.fr\/?attachment_id=563\" rel=\"attachment wp-att-563\"><img loading=\"lazy\" decoding=\"async\" class=\"size-medium wp-image-563\" title=\"Nouvelle \u00e9cole de de KOMPINA\" src=\"https:\/\/cuihamo.fr\/wp-content\/uploads\/2011\/03\/Nouvelle-\u00e9cole-de-de-KOMPINA1-300x225.jpg\" alt=\"\" width=\"300\" height=\"225\" srcset=\"https:\/\/cuihamo.fr\/wp-content\/uploads\/2011\/03\/Nouvelle-\u00e9cole-de-de-KOMPINA1-300x225.jpg 300w, https:\/\/cuihamo.fr\/wp-content\/uploads\/2011\/03\/Nouvelle-\u00e9cole-de-de-KOMPINA1-1024x769.jpg 1024w\" sizes=\"auto, (max-width: 300px) 100vw, 300px\" \/><\/a><figcaption id=\"caption-attachment-563\" class=\"wp-caption-text\">La nouvelle \u00e9cole de KOMPINA dont la troisi\u00e8me salle reste \u00e0 finaliser<\/figcaption><\/figure>\n<p>En 2013\/2014, la troisi\u00e8me salle de classe de l&rsquo;\u00e9cole de KOMPINA a \u00e9t\u00e9 achev\u00e9e:<\/p>\n<ul>\n<li>Cr\u00e9pissage de la troisi\u00e8me salle de classe:<\/li>\n<\/ul>\n<figure style=\"width: 300px\" class=\"wp-caption aligncenter\"><a href=\"https:\/\/cuihamo.fr\/?attachment_id=720\" rel=\"attachment wp-att-720\"><img loading=\"lazy\" decoding=\"async\" title=\"cr\u00e9pissage de la 3e salle de classe_kompina\" src=\"https:\/\/cuihamo.fr\/wp-content\/uploads\/2011\/03\/cr\u00e9pissage-de-la-3e-salle-de-classe_kompina-300x225.jpg\" alt=\"\" width=\"300\" height=\"225\" \/><\/a><figcaption class=\"wp-caption-text\">Cr\u00e9pissage de la 3e salle de classe<\/figcaption><\/figure>\n<p>&nbsp;<\/p>\n<ul>\n<li>Achats de bancs d&rsquo;\u00e9coliers:<\/li>\n<\/ul>\n<p>&nbsp;<\/p>\n<figure style=\"width: 300px\" class=\"wp-caption aligncenter\"><a href=\"https:\/\/cuihamo.fr\/?attachment_id=721\" rel=\"attachment wp-att-721\"><img loading=\"lazy\" decoding=\"async\" title=\"ecole_kompina_bancs_ecoliers\" src=\"https:\/\/cuihamo.fr\/wp-content\/uploads\/2011\/03\/ecole_kompina_bancs_ecoliers-300x225.jpg\" alt=\"\" width=\"300\" height=\"225\" \/><\/a><figcaption class=\"wp-caption-text\">Bancs d&rsquo;\u00e9coliers \u00e0 l&rsquo;\u00e9cole de KOMPINA<\/figcaption><\/figure>\n<p>&nbsp;<\/p>\n<ul>\n<li>Pose d&rsquo;une chappe dans la troisi\u00e8me salle de classe:<\/li>\n<\/ul>\n<p>&nbsp;<\/p>\n<p style=\"text-align: center;\"><a href=\"https:\/\/cuihamo.fr\/?attachment_id=722\" rel=\"attachment wp-att-722\"><img loading=\"lazy\" decoding=\"async\" title=\"ecole_kompina_chappe_1\" src=\"https:\/\/cuihamo.fr\/wp-content\/uploads\/2011\/03\/ecole_kompina_chappe_1-300x255.jpg\" alt=\"\" width=\"300\" height=\"255\" \/><\/a><\/p>\n<p style=\"text-align: center;\"><a href=\"https:\/\/cuihamo.fr\/?attachment_id=723\" rel=\"attachment wp-att-723\"><img loading=\"lazy\" decoding=\"async\" title=\"ecole_kompina_chappe_2\" src=\"https:\/\/cuihamo.fr\/wp-content\/uploads\/2011\/03\/ecole_kompina_chappe_2-300x254.jpg\" alt=\"\" width=\"300\" height=\"254\" \/><\/a><\/p>\n<p style=\"text-align: center;\"><a href=\"https:\/\/cuihamo.fr\/?attachment_id=724\" rel=\"attachment wp-att-724\"><img loading=\"lazy\" decoding=\"async\" title=\"ecole_kompina_chappe_3\" src=\"https:\/\/cuihamo.fr\/wp-content\/uploads\/2011\/03\/ecole_kompina_chappe_3-300x244.jpg\" alt=\"\" width=\"300\" height=\"244\" \/><\/a><\/p>\n<p style=\"text-align: center;\"><a href=\"https:\/\/cuihamo.fr\/?attachment_id=725\" rel=\"attachment wp-att-725\"><img loading=\"lazy\" decoding=\"async\" title=\"ecole_kompina_chappe_4\" src=\"https:\/\/cuihamo.fr\/wp-content\/uploads\/2011\/03\/ecole_kompina_chappe_4-300x255.jpg\" alt=\"\" width=\"300\" height=\"255\" \/><\/a><\/p>\n<p style=\"text-align: center;\"><a href=\"https:\/\/cuihamo.fr\/?attachment_id=726\" rel=\"attachment wp-att-726\"><img loading=\"lazy\" decoding=\"async\" title=\"ecole_kompina_chappe_5\" src=\"https:\/\/cuihamo.fr\/wp-content\/uploads\/2011\/03\/ecole_kompina_chappe_5-300x254.jpg\" alt=\"\" width=\"300\" height=\"254\" \/><\/a><\/p>\n<ul>\n<li>\n<div style=\"text-align: left;\">Peinture de l&rsquo;\u00e9cole de KOMPINA :<\/div>\n<\/li>\n<\/ul>\n<div style=\"text-align: center;\"><a href=\"https:\/\/cuihamo.fr\/?attachment_id=728\" rel=\"attachment wp-att-728\"><img loading=\"lazy\" decoding=\"async\" title=\"ecole_kompina_juillet_2014\" src=\"https:\/\/cuihamo.fr\/wp-content\/uploads\/2011\/03\/ecole_kompina_juillet_2014-300x225.jpg\" alt=\"\" width=\"300\" height=\"225\" \/><\/a><\/div>\n<div style=\"text-align: center;\">L&rsquo;\u00e9cole de KOMPINA en juillet 2014.<\/div>\n<div><\/div>\n<div>En 2018, l&rsquo;Association CUI.HA.MO. a financ\u00e9 le cr\u00e9pissage et la chape des sols de trois salles de classe. &#8211; voir vid\u00e9o des Actions 2018\/2019 &#8211;<\/div>\n","protected":false},"excerpt":{"rendered":"<p>&nbsp; &nbsp; La nouvelle \u00e9cole de Kompina, pr\u00e8s de SOUZA, a \u00e9t\u00e9 financ\u00e9e par l&rsquo;Association en 2010\/2011. &nbsp; &nbsp; &nbsp; &nbsp; &nbsp; En 2011\/2012, la nouvelle \u00e9cole a \u00e9t\u00e9 agrandie par le rajout d&rsquo;une troisi\u00e8me&hellip;<\/p>\n<p class=\"more-link-wrapper\"><a href=\"https:\/\/cuihamo.fr\/?page_id=158\" class=\"more-link\">Continue Reading<span class=\"screen-reader-text\"> \u00ab\u00a0Ecole de Kompina\u00a0\u00bb<\/span><\/a><\/p>\n","protected":false},"author":7,"featured_media":0,"parent":77,"menu_order":3,"comment_status":"closed","ping_status":"open","template":"","meta":{"footnotes":""},"class_list":["post-158","page","type-page","status-publish","hentry"],"_links":{"self":[{"href":"https:\/\/cuihamo.fr\/index.php?rest_route=\/wp\/v2\/pages\/158","targetHints":{"allow":["GET"]}}],"collection":[{"href":"https:\/\/cuihamo.fr\/index.php?rest_route=\/wp\/v2\/pages"}],"about":[{"href":"https:\/\/cuihamo.fr\/index.php?rest_route=\/wp\/v2\/types\/page"}],"author":[{"embeddable":true,"href":"https:\/\/cuihamo.fr\/index.php?rest_route=\/wp\/v2\/users\/7"}],"replies":[{"embeddable":true,"href":"https:\/\/cuihamo.fr\/index.php?rest_route=%2Fwp%2Fv2%2Fcomments&post=158"}],"version-history":[{"count":81,"href":"https:\/\/cuihamo.fr\/index.php?rest_route=\/wp\/v2\/pages\/158\/revisions"}],"predecessor-version":[{"id":953,"href":"https:\/\/cuihamo.fr\/index.php?rest_route=\/wp\/v2\/pages\/158\/revisions\/953"}],"up":[{"embeddable":true,"href":"https:\/\/cuihamo.fr\/index.php?rest_route=\/wp\/v2\/pages\/77"}],"wp:attachment":[{"href":"https:\/\/cuihamo.fr\/index.php?rest_route=%2Fwp%2Fv2%2Fmedia&parent=158"}],"curies":[{"name":"wp","href":"https:\/\/api.w.org\/{rel}","templated":true}]}}