{"id":161,"date":"2011-03-09T22:49:17","date_gmt":"2011-03-09T21:49:17","guid":{"rendered":"https:\/\/www.cuihamo.fr\/?page_id=161"},"modified":"2025-07-26T12:59:51","modified_gmt":"2025-07-26T11:59:51","slug":"formation-professionnelle","status":"publish","type":"page","link":"https:\/\/cuihamo.fr\/?page_id=161","title":{"rendered":"Formation Professionnelle"},"content":{"rendered":"\n<p>Deux jeunes en formation soudure que l&rsquo;Association souhaite aider \u00e0 leur installation.<\/p>\n\n\n\n<figure class=\"wp-block-embed is-type-video is-provider-youtube wp-block-embed-youtube wp-embed-aspect-4-3 wp-has-aspect-ratio\"><div class=\"wp-block-embed__wrapper\">\n<iframe loading=\"lazy\" title=\"Formation des jeunes \u00e0 la ferronnerie\" width=\"925\" height=\"520\" src=\"https:\/\/www.youtube.com\/embed\/J3JWFetcI5M?feature=oembed\" frameborder=\"0\" allow=\"accelerometer; autoplay; clipboard-write; encrypted-media; gyroscope; picture-in-picture; web-share\" referrerpolicy=\"strict-origin-when-cross-origin\" allowfullscreen><\/iframe>\n<\/div><\/figure>\n\n\n<p>En 2021, l&rsquo;Association a soutenu 6 personnes qui on pu b\u00e9n\u00e9ficier d&rsquo;une formation pour la fabrication de savons et la mise \u00e0 disposition du mat\u00e9riel pour la premi\u00e8re production.<\/p>\n<p><iframe loading=\"lazy\" title=\"Mat\u00e9riel pour la 1\u00e8re production de savons\" width=\"925\" height=\"520\" src=\"https:\/\/www.youtube.com\/embed\/ZM_c4MW6t5I?feature=oembed\" frameborder=\"0\" allow=\"accelerometer; autoplay; clipboard-write; encrypted-media; gyroscope; picture-in-picture; web-share\" referrerpolicy=\"strict-origin-when-cross-origin\" allowfullscreen><\/iframe><\/p>\n<p>La formation de production de savons:<\/p>\n<p><iframe loading=\"lazy\" title=\"Formations production de savons 1\" width=\"925\" height=\"520\" src=\"https:\/\/www.youtube.com\/embed\/_GnL5KM7OlQ?feature=oembed\" frameborder=\"0\" allow=\"accelerometer; autoplay; clipboard-write; encrypted-media; gyroscope; picture-in-picture; web-share\" referrerpolicy=\"strict-origin-when-cross-origin\" allowfullscreen><\/iframe><\/p>\n<p><iframe loading=\"lazy\" title=\"Formation Productions de savons 2\" width=\"563\" height=\"1000\" src=\"https:\/\/www.youtube.com\/embed\/IARh0ffGKfQ?feature=oembed\" frameborder=\"0\" allow=\"accelerometer; autoplay; clipboard-write; encrypted-media; gyroscope; picture-in-picture; web-share\" referrerpolicy=\"strict-origin-when-cross-origin\" allowfullscreen><\/iframe><\/p>\n<p><iframe loading=\"lazy\" title=\"La production de savons\" width=\"925\" height=\"520\" src=\"https:\/\/www.youtube.com\/embed\/LAmM4zu8_o8?feature=oembed\" frameborder=\"0\" allow=\"accelerometer; autoplay; clipboard-write; encrypted-media; gyroscope; picture-in-picture; web-share\" referrerpolicy=\"strict-origin-when-cross-origin\" allowfullscreen><\/iframe><\/p>\n<p>En 2021, l&rsquo;Association a investi dans l&rsquo;achat d&rsquo;une scie pour la fabrication de ruches.<\/p>\n<p><iframe loading=\"lazy\" title=\"Les ruches en bois\" width=\"925\" height=\"520\" src=\"https:\/\/www.youtube.com\/embed\/HIai0kYLaDQ?feature=oembed\" frameborder=\"0\" allow=\"accelerometer; autoplay; clipboard-write; encrypted-media; gyroscope; picture-in-picture; web-share\" referrerpolicy=\"strict-origin-when-cross-origin\" allowfullscreen><\/iframe><\/p>\n<p>En 2019, l&rsquo;\u00e9l\u00e8ve infirmi\u00e8re obtient son dipl\u00f4me.<\/p>\n<figure id=\"attachment_1025\" aria-describedby=\"caption-attachment-1025\" style=\"width: 224px\" class=\"wp-caption aligncenter\"><img loading=\"lazy\" decoding=\"async\" class=\"size-medium wp-image-1025\" src=\"https:\/\/cuihamo.fr\/wp-content\/uploads\/2011\/03\/Infirmi\u00e8re-diplom\u00e9e-2-224x300.jpg\" alt=\"\" width=\"224\" height=\"300\" srcset=\"https:\/\/cuihamo.fr\/wp-content\/uploads\/2011\/03\/Infirmi\u00e8re-diplom\u00e9e-2-224x300.jpg 224w, https:\/\/cuihamo.fr\/wp-content\/uploads\/2011\/03\/Infirmi\u00e8re-diplom\u00e9e-2-768x1027.jpg 768w, https:\/\/cuihamo.fr\/wp-content\/uploads\/2011\/03\/Infirmi\u00e8re-diplom\u00e9e-2-766x1024.jpg 766w, https:\/\/cuihamo.fr\/wp-content\/uploads\/2011\/03\/Infirmi\u00e8re-diplom\u00e9e-2.jpg 808w\" sizes=\"auto, (max-width: 224px) 100vw, 224px\" \/><figcaption id=\"caption-attachment-1025\" class=\"wp-caption-text\">2021- La jeune infirmi\u00e8re exer\u00e7ant dans une maternit\u00e9.<\/figcaption><\/figure>\n<figure id=\"attachment_1026\" aria-describedby=\"caption-attachment-1026\" style=\"width: 224px\" class=\"wp-caption aligncenter\"><img loading=\"lazy\" decoding=\"async\" class=\"size-medium wp-image-1026\" src=\"https:\/\/cuihamo.fr\/wp-content\/uploads\/2011\/03\/Infirmi\u00e8re-diplom\u00e9e-1-224x300.jpg\" alt=\"\" width=\"224\" height=\"300\" srcset=\"https:\/\/cuihamo.fr\/wp-content\/uploads\/2011\/03\/Infirmi\u00e8re-diplom\u00e9e-1-224x300.jpg 224w, https:\/\/cuihamo.fr\/wp-content\/uploads\/2011\/03\/Infirmi\u00e8re-diplom\u00e9e-1-768x1027.jpg 768w, https:\/\/cuihamo.fr\/wp-content\/uploads\/2011\/03\/Infirmi\u00e8re-diplom\u00e9e-1-766x1024.jpg 766w, https:\/\/cuihamo.fr\/wp-content\/uploads\/2011\/03\/Infirmi\u00e8re-diplom\u00e9e-1.jpg 808w\" sizes=\"auto, (max-width: 224px) 100vw, 224px\" \/><figcaption id=\"caption-attachment-1026\" class=\"wp-caption-text\">L&rsquo;infirmi\u00e8re vient d&rsquo;accoucher une maman: elle tient son premier nouveau-n\u00e9 dans les bras.<\/figcaption><\/figure>\n<p>Prise en charge des frais pour une installation professionnelle d&rsquo;une aveugle devenue marchande de glace.<\/p>\n<p>En 2018, l&rsquo;\u00e9l\u00e8ve infirmi\u00e8re entame sa troisi\u00e8me ann\u00e9e de formation, soutenue par notre Association.<\/p>\n<p>En 2017, l&rsquo;Association continue la prise en charge des frais pour l&rsquo;\u00e9l\u00e8ve infirmi\u00e8re.<\/p>\n<p>En 2016,&nbsp; l&rsquo;Association a pris en charge les frais de formation d&rsquo;une jeune \u00e9l\u00e8ve infirmi\u00e8re.<\/p>\n<p>Voici deux petites vid\u00e9os de ses stages de formation en maternit\u00e9 et en m\u00e9decine.<\/p>\n<div style=\"width: 640px;\" class=\"wp-video\"><video class=\"wp-video-shortcode\" id=\"video-161-1\" width=\"640\" height=\"352\" preload=\"metadata\" controls=\"controls\"><source type=\"video\/mp4\" src=\"https:\/\/cuihamo.fr\/wp-content\/uploads\/2011\/03\/VID-20170723-WA0000.mp4?_=1\" \/><a href=\"https:\/\/cuihamo.fr\/wp-content\/uploads\/2011\/03\/VID-20170723-WA0000.mp4\">https:\/\/cuihamo.fr\/wp-content\/uploads\/2011\/03\/VID-20170723-WA0000.mp4<\/a><\/video><\/div>\n<div style=\"width: 640px;\" class=\"wp-video\"><video class=\"wp-video-shortcode\" id=\"video-161-2\" width=\"640\" height=\"352\" preload=\"metadata\" controls=\"controls\"><source type=\"video\/mp4\" src=\"https:\/\/cuihamo.fr\/wp-content\/uploads\/2011\/03\/VID-20170723-WA0001.mp4?_=2\" \/><a href=\"https:\/\/cuihamo.fr\/wp-content\/uploads\/2011\/03\/VID-20170723-WA0001.mp4\">https:\/\/cuihamo.fr\/wp-content\/uploads\/2011\/03\/VID-20170723-WA0001.mp4<\/a><\/video><\/div>\n<p>En 2011, installation de la jeune fille form\u00e9e au m\u00e9tier de coiffeuse. La formation et le mat\u00e9riel a \u00e9t\u00e9 pris en charge par notre association.<\/p>\n<figure id=\"attachment_584\" aria-describedby=\"caption-attachment-584\" style=\"width: 300px\" class=\"wp-caption aligncenter\"><a href=\"https:\/\/cuihamo.fr\/?attachment_id=584\" rel=\"attachment wp-att-584\"><img loading=\"lazy\" decoding=\"async\" class=\"size-medium wp-image-584\" title=\"Jeune fille dans son salon de coiffure 1\" src=\"https:\/\/cuihamo.fr\/wp-content\/uploads\/2011\/03\/Jeune-fille-dans-son-salon-de-coiffure-17-300x225.jpg\" alt=\"\" width=\"300\" height=\"225\" srcset=\"https:\/\/cuihamo.fr\/wp-content\/uploads\/2011\/03\/Jeune-fille-dans-son-salon-de-coiffure-17-300x225.jpg 300w, https:\/\/cuihamo.fr\/wp-content\/uploads\/2011\/03\/Jeune-fille-dans-son-salon-de-coiffure-17-1024x769.jpg 1024w\" sizes=\"auto, (max-width: 300px) 100vw, 300px\" \/><\/a><figcaption id=\"caption-attachment-584\" class=\"wp-caption-text\">Notre jeune coiffeuse avec l&rsquo;une de ses premi\u00e8res clientes<\/figcaption><\/figure>\n<figure id=\"attachment_585\" aria-describedby=\"caption-attachment-585\" style=\"width: 300px\" class=\"wp-caption aligncenter\"><a href=\"https:\/\/cuihamo.fr\/?attachment_id=585\" rel=\"attachment wp-att-585\"><img loading=\"lazy\" decoding=\"async\" class=\"size-medium wp-image-585\" title=\"Jeune fille dans son salon de coiffure 2\" src=\"https:\/\/cuihamo.fr\/wp-content\/uploads\/2011\/03\/Jeune-fille-dans-son-salon-de-coiffure-22-300x225.jpg\" alt=\"\" width=\"300\" height=\"225\" srcset=\"https:\/\/cuihamo.fr\/wp-content\/uploads\/2011\/03\/Jeune-fille-dans-son-salon-de-coiffure-22-300x225.jpg 300w, https:\/\/cuihamo.fr\/wp-content\/uploads\/2011\/03\/Jeune-fille-dans-son-salon-de-coiffure-22-1024x769.jpg 1024w\" sizes=\"auto, (max-width: 300px) 100vw, 300px\" \/><\/a><figcaption id=\"caption-attachment-585\" class=\"wp-caption-text\">En pleine action<\/figcaption><\/figure>\n<figure id=\"attachment_586\" aria-describedby=\"caption-attachment-586\" style=\"width: 300px\" class=\"wp-caption aligncenter\"><a href=\"https:\/\/cuihamo.fr\/?attachment_id=586\" rel=\"attachment wp-att-586\"><img loading=\"lazy\" decoding=\"async\" class=\"size-medium wp-image-586\" title=\"Jeune fille dans son salon de coiffure 3\" src=\"https:\/\/cuihamo.fr\/wp-content\/uploads\/2011\/03\/Jeune-fille-dans-son-salon-de-coiffure-31-300x225.jpg\" alt=\"\" width=\"300\" height=\"225\" srcset=\"https:\/\/cuihamo.fr\/wp-content\/uploads\/2011\/03\/Jeune-fille-dans-son-salon-de-coiffure-31-300x225.jpg 300w, https:\/\/cuihamo.fr\/wp-content\/uploads\/2011\/03\/Jeune-fille-dans-son-salon-de-coiffure-31-1024x769.jpg 1024w\" sizes=\"auto, (max-width: 300px) 100vw, 300px\" \/><\/a><figcaption id=\"caption-attachment-586\" class=\"wp-caption-text\">Jeune fille \u00e9panouie dans son travail<\/figcaption><\/figure>\n<figure id=\"attachment_587\" aria-describedby=\"caption-attachment-587\" style=\"width: 300px\" class=\"wp-caption aligncenter\"><a href=\"https:\/\/cuihamo.fr\/?attachment_id=587\" rel=\"attachment wp-att-587\"><img loading=\"lazy\" decoding=\"async\" class=\"size-medium wp-image-587\" title=\"Jeune fille dans son salon de coiffure 4\" src=\"https:\/\/cuihamo.fr\/wp-content\/uploads\/2011\/03\/Jeune-fille-dans-son-salon-de-coiffure-4-300x225.jpg\" alt=\"\" width=\"300\" height=\"225\" srcset=\"https:\/\/cuihamo.fr\/wp-content\/uploads\/2011\/03\/Jeune-fille-dans-son-salon-de-coiffure-4-300x225.jpg 300w, https:\/\/cuihamo.fr\/wp-content\/uploads\/2011\/03\/Jeune-fille-dans-son-salon-de-coiffure-4-1024x769.jpg 1024w\" sizes=\"auto, (max-width: 300px) 100vw, 300px\" \/><\/a><figcaption id=\"caption-attachment-587\" class=\"wp-caption-text\">Elle sourit vers l&rsquo;avenir.<\/figcaption><\/figure>\n<p>Depuis 2009, l\u2019association CUI.HA.MO. soutient deux jeunes qui ont \u00e9t\u00e9 form\u00e9s au m\u00e9tier de coiffeur-visagiste (\u00e9quivalent de nos coiffeurs hommes-femmes).<\/p>\n<figure id=\"attachment_321\" aria-describedby=\"caption-attachment-321\" style=\"width: 300px\" class=\"wp-caption aligncenter\"><a href=\"https:\/\/cuihamo.fr\/?attachment_id=321\" rel=\"attachment wp-att-321\"><img loading=\"lazy\" decoding=\"async\" title=\"\" src=\"https:\/\/cuihamo.fr\/wp-content\/uploads\/2011\/03\/Jeune-en-formation-coiffure-300x225.jpg\" alt=\"Jeune en formation de coiffure\" width=\"300\" height=\"225\"\/><\/a><figcaption id=\"caption-attachment-321\" class=\"wp-caption-text\">Jeune en formation de coiffure<\/figcaption><\/figure>\n<p>Les formations et le mat\u00e9riel professionnel ont \u00e9t\u00e9 pris en charge afin de leur assurer un travail.<\/p>\n<figure id=\"attachment_314\" aria-describedby=\"caption-attachment-314\" style=\"width: 300px\" class=\"wp-caption aligncenter\"><a href=\"https:\/\/cuihamo.fr\/?attachment_id=314\" rel=\"attachment wp-att-314\"><img loading=\"lazy\" decoding=\"async\" title=\"DIGITAL IMAGE\" src=\"https:\/\/cuihamo.fr\/wp-content\/uploads\/2011\/03\/coiffeur-dipl\u00f4m\u00e9-devant-son-salon-300x190.jpg\" alt=\"Le jeune dipl\u00f4m\u00e9 devant son salon\" width=\"300\" height=\"190\"\/><\/a><figcaption id=\"caption-attachment-314\" class=\"wp-caption-text\">Le jeune dipl\u00f4m\u00e9 devant son salon<\/figcaption><\/figure>\n<dl id=\"attachment_571\">\n<dt><\/dt>\n<dd><\/dd>\n<\/dl>","protected":false},"excerpt":{"rendered":"<p>Deux jeunes en formation soudure que l&rsquo;Association souhaite aider \u00e0 leur installation. En 2021, l&rsquo;Association a soutenu 6 personnes qui on pu b\u00e9n\u00e9ficier d&rsquo;une formation pour la fabrication de savons et la mise \u00e0 disposition&hellip;<\/p>\n<p class=\"more-link-wrapper\"><a href=\"https:\/\/cuihamo.fr\/?page_id=161\" class=\"more-link\">Continue Reading<span class=\"screen-reader-text\"> \u00ab\u00a0Formation Professionnelle\u00a0\u00bb<\/span><\/a><\/p>\n","protected":false},"author":7,"featured_media":0,"parent":23,"menu_order":9,"comment_status":"closed","ping_status":"open","template":"","meta":{"footnotes":""},"class_list":["post-161","page","type-page","status-publish","hentry"],"_links":{"self":[{"href":"https:\/\/cuihamo.fr\/index.php?rest_route=\/wp\/v2\/pages\/161","targetHints":{"allow":["GET"]}}],"collection":[{"href":"https:\/\/cuihamo.fr\/index.php?rest_route=\/wp\/v2\/pages"}],"about":[{"href":"https:\/\/cuihamo.fr\/index.php?rest_route=\/wp\/v2\/types\/page"}],"author":[{"embeddable":true,"href":"https:\/\/cuihamo.fr\/index.php?rest_route=\/wp\/v2\/users\/7"}],"replies":[{"embeddable":true,"href":"https:\/\/cuihamo.fr\/index.php?rest_route=%2Fwp%2Fv2%2Fcomments&post=161"}],"version-history":[{"count":27,"href":"https:\/\/cuihamo.fr\/index.php?rest_route=\/wp\/v2\/pages\/161\/revisions"}],"predecessor-version":[{"id":1331,"href":"https:\/\/cuihamo.fr\/index.php?rest_route=\/wp\/v2\/pages\/161\/revisions\/1331"}],"up":[{"embeddable":true,"href":"https:\/\/cuihamo.fr\/index.php?rest_route=\/wp\/v2\/pages\/23"}],"wp:attachment":[{"href":"https:\/\/cuihamo.fr\/index.php?rest_route=%2Fwp%2Fv2%2Fmedia&parent=161"}],"curies":[{"name":"wp","href":"https:\/\/api.w.org\/{rel}","templated":true}]}}