{"id":181,"date":"2011-07-28T14:36:06","date_gmt":"2011-07-28T13:36:06","guid":{"rendered":"https:\/\/www.cuihamo.fr\/?page_id=181"},"modified":"2016-08-25T13:17:25","modified_gmt":"2016-08-25T12:17:25","slug":"ecole-de-kake","status":"publish","type":"page","link":"https:\/\/cuihamo.fr\/?page_id=181","title":{"rendered":"Ecole de Kak\u00e9"},"content":{"rendered":"<table width=\"638\">\n<tbody>\n<tr>\n<td>\n<p><figure id=\"attachment_403\" aria-describedby=\"caption-attachment-403\" style=\"width: 300px\" class=\"wp-caption aligncenter\"><img loading=\"lazy\" decoding=\"async\" title=\"Ancienne \u00e9cole de Kak\u00e9\" src=\"https:\/\/cuihamo.fr\/wp-content\/uploads\/2011\/07\/Ancienne-\u00e9cole-de-Kak\u00e93-300x225.jpg\" alt=\"\" width=\"300\" height=\"225\" \/><figcaption id=\"caption-attachment-403\" class=\"wp-caption-text\">L&rsquo;ancienne \u00e9cole de Kak\u00e9<\/figcaption><\/figure><\/td>\n<td>\n<p><figure id=\"attachment_397\" aria-describedby=\"caption-attachment-397\" style=\"width: 300px\" class=\"wp-caption aligncenter\"><a href=\"https:\/\/cuihamo.fr\/?attachment_id=397\" rel=\"attachment wp-att-397\"><img loading=\"lazy\" decoding=\"async\" title=\"Int\u00e9rieur de l'ancienne \u00e9cole de Kak\u00e9_1\" src=\"https:\/\/cuihamo.fr\/wp-content\/uploads\/2011\/07\/Int\u00e9rieur-de-lancienne-\u00e9cole-de-Kak\u00e9_11-300x225.jpg\" alt=\"\" width=\"300\" height=\"225\" \/><\/a><figcaption id=\"caption-attachment-397\" class=\"wp-caption-text\">Int\u00e9rieur de l&rsquo;ancienne \u00e9cole de Kak\u00e9<\/figcaption><\/figure><\/td>\n<\/tr>\n<\/tbody>\n<\/table>\n<table>\n<tbody>\n<tr>\n<td>\n<p><figure id=\"attachment_403\" aria-describedby=\"caption-attachment-403\" style=\"width: 300px\" class=\"wp-caption aligncenter\"><img loading=\"lazy\" decoding=\"async\" title=\"Ancienne \u00e9cole de Kak\u00e9\" src=\"https:\/\/cuihamo.fr\/wp-content\/uploads\/2011\/07\/Ancienne-\u00e9cole-de-Kak\u00e93-300x225.jpg\" alt=\"\" width=\"300\" height=\"225\" \/><figcaption id=\"caption-attachment-403\" class=\"wp-caption-text\">L&rsquo;ancienne \u00e9cole de Kak\u00e9<\/figcaption><\/figure><\/td>\n<td>\n<p><figure id=\"attachment_397\" aria-describedby=\"caption-attachment-397\" style=\"width: 300px\" class=\"wp-caption aligncenter\"><a href=\"https:\/\/cuihamo.fr\/?attachment_id=397\" rel=\"attachment wp-att-397\"><img loading=\"lazy\" decoding=\"async\" title=\"Int\u00e9rieur de l'ancienne \u00e9cole de Kak\u00e9_1\" src=\"https:\/\/cuihamo.fr\/wp-content\/uploads\/2011\/07\/Int\u00e9rieur-de-lancienne-\u00e9cole-de-Kak\u00e9_11-300x225.jpg\" alt=\"\" width=\"300\" height=\"225\" \/><\/a><figcaption id=\"caption-attachment-397\" class=\"wp-caption-text\">Int\u00e9rieur de l&rsquo;ancienne \u00e9cole de Kak\u00e9<\/figcaption><\/figure><\/td>\n<\/tr>\n<\/tbody>\n<\/table>\n<p>&nbsp;<\/p>\n<figure id=\"attachment_396\" aria-describedby=\"caption-attachment-396\" style=\"width: 300px\" class=\"wp-caption aligncenter\"><a href=\"https:\/\/cuihamo.fr\/?attachment_id=396\" rel=\"attachment wp-att-396\"><img loading=\"lazy\" decoding=\"async\" class=\"size-medium wp-image-396\" title=\"Int\u00e9rieur de l'ancienne \u00e9cole de Kak\u00e9_2\" src=\"https:\/\/cuihamo.fr\/wp-content\/uploads\/2011\/07\/Int\u00e9rieur-de-lancienne-\u00e9cole-de-Kak\u00e9_2-300x225.jpg\" alt=\"\" width=\"300\" height=\"225\" srcset=\"https:\/\/cuihamo.fr\/wp-content\/uploads\/2011\/07\/Int\u00e9rieur-de-lancienne-\u00e9cole-de-Kak\u00e9_2-300x225.jpg 300w, https:\/\/cuihamo.fr\/wp-content\/uploads\/2011\/07\/Int\u00e9rieur-de-lancienne-\u00e9cole-de-Kak\u00e9_2-1024x768.jpg 1024w, https:\/\/cuihamo.fr\/wp-content\/uploads\/2011\/07\/Int\u00e9rieur-de-lancienne-\u00e9cole-de-Kak\u00e9_2.jpg 2048w\" sizes=\"auto, (max-width: 300px) 100vw, 300px\" \/><\/a><figcaption id=\"caption-attachment-396\" class=\"wp-caption-text\">Int\u00e9rieur de l&rsquo;ancienne \u00e9cole de Kak\u00e9<\/figcaption><\/figure>\n<p>A Kak\u00e9, situ\u00e9 dans les environs de SOUZA, en 2008\/2009, premi\u00e8re r\u00e9alisation de la construction d&rsquo;un groupe scolaire par l&rsquo;Association.<\/p>\n<table>\n<tbody>\n<tr>\n<td>\n<p><figure id=\"attachment_395\" aria-describedby=\"caption-attachment-395\" style=\"width: 300px\" class=\"wp-caption aligncenter\"><a href=\"https:\/\/cuihamo.fr\/?attachment_id=395\" rel=\"attachment wp-att-395\"><img loading=\"lazy\" decoding=\"async\" class=\"size-medium wp-image-395\" title=\"DIGITAL IMAGE\" src=\"https:\/\/cuihamo.fr\/wp-content\/uploads\/2011\/07\/D\u00e9buts-des-travaux-de-la-nouvelle-\u00e9cole-300x225.jpg\" alt=\"\" width=\"300\" height=\"225\" srcset=\"https:\/\/cuihamo.fr\/wp-content\/uploads\/2011\/07\/D\u00e9buts-des-travaux-de-la-nouvelle-\u00e9cole-300x225.jpg 300w, https:\/\/cuihamo.fr\/wp-content\/uploads\/2011\/07\/D\u00e9buts-des-travaux-de-la-nouvelle-\u00e9cole-1024x768.jpg 1024w\" sizes=\"auto, (max-width: 300px) 100vw, 300px\" \/><\/a><figcaption id=\"caption-attachment-395\" class=\"wp-caption-text\">D\u00e9but des travaux de la nouvelle \u00e9cole<\/figcaption><\/figure><\/td>\n<td>\n<p><figure id=\"attachment_394\" aria-describedby=\"caption-attachment-394\" style=\"width: 300px\" class=\"wp-caption aligncenter\"><a href=\"https:\/\/cuihamo.fr\/?attachment_id=394\" rel=\"attachment wp-att-394\"><img loading=\"lazy\" decoding=\"async\" class=\"size-medium wp-image-394\" title=\"DIGITAL IMAGE\" src=\"https:\/\/cuihamo.fr\/wp-content\/uploads\/2011\/07\/nouvelle-\u00e9cole-en-chantier-300x225.jpg\" alt=\"\" width=\"300\" height=\"225\" srcset=\"https:\/\/cuihamo.fr\/wp-content\/uploads\/2011\/07\/nouvelle-\u00e9cole-en-chantier-300x225.jpg 300w, https:\/\/cuihamo.fr\/wp-content\/uploads\/2011\/07\/nouvelle-\u00e9cole-en-chantier-1024x768.jpg 1024w\" sizes=\"auto, (max-width: 300px) 100vw, 300px\" \/><\/a><figcaption id=\"caption-attachment-394\" class=\"wp-caption-text\">Nouvelle \u00e9cole en chantier<\/figcaption><\/figure><\/td>\n<\/tr>\n<\/tbody>\n<\/table>\n<p>&nbsp;<\/p>\n<table>\n<tbody>\n<tr>\n<td>\n<p><figure id=\"attachment_393\" aria-describedby=\"caption-attachment-393\" style=\"width: 300px\" class=\"wp-caption aligncenter\"><a href=\"https:\/\/cuihamo.fr\/?attachment_id=393\" rel=\"attachment wp-att-393\"><img loading=\"lazy\" decoding=\"async\" class=\"size-medium wp-image-393\" title=\"DIGITAL IMAGE\" src=\"https:\/\/cuihamo.fr\/wp-content\/uploads\/2011\/07\/Le-chantier-touche-\u00e0-sa-fin1-300x225.jpg\" alt=\"\" width=\"300\" height=\"225\" srcset=\"https:\/\/cuihamo.fr\/wp-content\/uploads\/2011\/07\/Le-chantier-touche-\u00e0-sa-fin1-300x225.jpg 300w, https:\/\/cuihamo.fr\/wp-content\/uploads\/2011\/07\/Le-chantier-touche-\u00e0-sa-fin1-1024x768.jpg 1024w\" sizes=\"auto, (max-width: 300px) 100vw, 300px\" \/><\/a><figcaption id=\"caption-attachment-393\" class=\"wp-caption-text\">Le chantier touche \u00e0 sa fin<\/figcaption><\/figure><\/td>\n<td>\n<p><figure id=\"attachment_391\" aria-describedby=\"caption-attachment-391\" style=\"width: 300px\" class=\"wp-caption aligncenter\"><a href=\"https:\/\/cuihamo.fr\/?attachment_id=391\" rel=\"attachment wp-att-391\"><img loading=\"lazy\" decoding=\"async\" class=\"size-medium wp-image-391\" title=\"DIGITAL IMAGE\" src=\"https:\/\/cuihamo.fr\/wp-content\/uploads\/2011\/07\/Nouveaux-bancs-en-attente-dinstallation-300x225.jpg\" alt=\"\" width=\"300\" height=\"225\" srcset=\"https:\/\/cuihamo.fr\/wp-content\/uploads\/2011\/07\/Nouveaux-bancs-en-attente-dinstallation-300x225.jpg 300w, https:\/\/cuihamo.fr\/wp-content\/uploads\/2011\/07\/Nouveaux-bancs-en-attente-dinstallation-1024x768.jpg 1024w\" sizes=\"auto, (max-width: 300px) 100vw, 300px\" \/><\/a><figcaption id=\"caption-attachment-391\" class=\"wp-caption-text\">Nouveaux bancs en attente d&rsquo;installation<\/figcaption><\/figure><\/td>\n<\/tr>\n<\/tbody>\n<\/table>\n<p>&nbsp;<\/p>\n<p>&nbsp;<\/p>\n<table>\n<tbody>\n<tr>\n<td>\n<p><figure id=\"attachment_390\" aria-describedby=\"caption-attachment-390\" style=\"width: 300px\" class=\"wp-caption aligncenter\"><a href=\"https:\/\/cuihamo.fr\/?attachment_id=390\" rel=\"attachment wp-att-390\"><img loading=\"lazy\" decoding=\"async\" class=\"size-medium wp-image-390\" title=\"DIGITAL IMAGE\" src=\"https:\/\/cuihamo.fr\/wp-content\/uploads\/2011\/07\/Nouvelle-\u00e9cole-de-Kak\u00e9-300x225.jpg\" alt=\"\" width=\"300\" height=\"225\" srcset=\"https:\/\/cuihamo.fr\/wp-content\/uploads\/2011\/07\/Nouvelle-\u00e9cole-de-Kak\u00e9-300x225.jpg 300w, https:\/\/cuihamo.fr\/wp-content\/uploads\/2011\/07\/Nouvelle-\u00e9cole-de-Kak\u00e9-1024x768.jpg 1024w\" sizes=\"auto, (max-width: 300px) 100vw, 300px\" \/><\/a><figcaption id=\"caption-attachment-390\" class=\"wp-caption-text\">Nouvelle \u00e9cole de Kak\u00e9<\/figcaption><\/figure><\/td>\n<td>\n<p><figure id=\"attachment_389\" aria-describedby=\"caption-attachment-389\" style=\"width: 300px\" class=\"wp-caption aligncenter\"><a href=\"https:\/\/cuihamo.fr\/?attachment_id=389\" rel=\"attachment wp-att-389\"><img loading=\"lazy\" decoding=\"async\" class=\"size-medium wp-image-389\" title=\"DIGITAL IMAGE\" src=\"https:\/\/cuihamo.fr\/wp-content\/uploads\/2011\/07\/Inauguration-300x225.jpg\" alt=\"\" width=\"300\" height=\"225\" srcset=\"https:\/\/cuihamo.fr\/wp-content\/uploads\/2011\/07\/Inauguration-300x225.jpg 300w, https:\/\/cuihamo.fr\/wp-content\/uploads\/2011\/07\/Inauguration-1024x768.jpg 1024w\" sizes=\"auto, (max-width: 300px) 100vw, 300px\" \/><\/a><figcaption id=\"caption-attachment-389\" class=\"wp-caption-text\">Inauguration<\/figcaption><\/figure><\/td>\n<\/tr>\n<\/tbody>\n<\/table>\n<p>&nbsp;<\/p>\n<p>&nbsp;<\/p>\n<p>&nbsp;<\/p>\n<table>\n<tbody>\n<tr>\n<td>\n<p><figure id=\"attachment_388\" aria-describedby=\"caption-attachment-388\" style=\"width: 300px\" class=\"wp-caption aligncenter\"><a href=\"https:\/\/cuihamo.fr\/?attachment_id=388\" rel=\"attachment wp-att-388\"><img loading=\"lazy\" decoding=\"async\" class=\"size-medium wp-image-388\" title=\"DIGITAL IMAGE\" src=\"https:\/\/cuihamo.fr\/wp-content\/uploads\/2011\/07\/Personnalit\u00e9s-et-participants-\u00e0-linauguration-300x225.jpg\" alt=\"\" width=\"300\" height=\"225\" srcset=\"https:\/\/cuihamo.fr\/wp-content\/uploads\/2011\/07\/Personnalit\u00e9s-et-participants-\u00e0-linauguration-300x225.jpg 300w, https:\/\/cuihamo.fr\/wp-content\/uploads\/2011\/07\/Personnalit\u00e9s-et-participants-\u00e0-linauguration-1024x768.jpg 1024w\" sizes=\"auto, (max-width: 300px) 100vw, 300px\" \/><\/a><figcaption id=\"caption-attachment-388\" class=\"wp-caption-text\">Personnalit\u00e9s et participants \u00e0 l&rsquo;inauguration<\/figcaption><\/figure><\/td>\n<td>\n<p><figure id=\"attachment_387\" aria-describedby=\"caption-attachment-387\" style=\"width: 300px\" class=\"wp-caption aligncenter\"><a href=\"https:\/\/cuihamo.fr\/?attachment_id=387\" rel=\"attachment wp-att-387\"><img loading=\"lazy\" decoding=\"async\" class=\"size-medium wp-image-387\" title=\"DIGITAL IMAGE\" src=\"https:\/\/cuihamo.fr\/wp-content\/uploads\/2011\/07\/Public-\u00e0-linauguration-300x225.jpg\" alt=\"\" width=\"300\" height=\"225\" srcset=\"https:\/\/cuihamo.fr\/wp-content\/uploads\/2011\/07\/Public-\u00e0-linauguration-300x225.jpg 300w, https:\/\/cuihamo.fr\/wp-content\/uploads\/2011\/07\/Public-\u00e0-linauguration-1024x768.jpg 1024w\" sizes=\"auto, (max-width: 300px) 100vw, 300px\" \/><\/a><figcaption id=\"caption-attachment-387\" class=\"wp-caption-text\">Public \u00e0 l&rsquo;inauguration<\/figcaption><\/figure><\/td>\n<\/tr>\n<\/tbody>\n<\/table>\n<figure id=\"attachment_386\" aria-describedby=\"caption-attachment-386\" style=\"width: 300px\" class=\"wp-caption aligncenter\"><a href=\"https:\/\/cuihamo.fr\/?attachment_id=386\" rel=\"attachment wp-att-386\"><img loading=\"lazy\" decoding=\"async\" class=\"size-medium wp-image-386\" title=\"DIGITAL IMAGE\" src=\"https:\/\/cuihamo.fr\/wp-content\/uploads\/2011\/07\/Groupe-folklorique-participant-\u00e0-linauguration-300x225.jpg\" alt=\"\" width=\"300\" height=\"225\" srcset=\"https:\/\/cuihamo.fr\/wp-content\/uploads\/2011\/07\/Groupe-folklorique-participant-\u00e0-linauguration-300x225.jpg 300w, https:\/\/cuihamo.fr\/wp-content\/uploads\/2011\/07\/Groupe-folklorique-participant-\u00e0-linauguration-1024x768.jpg 1024w\" sizes=\"auto, (max-width: 300px) 100vw, 300px\" \/><\/a><figcaption id=\"caption-attachment-386\" class=\"wp-caption-text\">Groupe folklorique participant \u00e0 l&rsquo;inauguration<\/figcaption><\/figure>\n<p>&nbsp;<\/p>\n<p>En 2014, l&rsquo;\u00e9cole de KAKE est toujours en parfait \u00e9tat:<\/p>\n<p>&nbsp;<\/p>\n<figure style=\"width: 300px\" class=\"wp-caption aligncenter\"><a href=\"https:\/\/cuihamo.fr\/?attachment_id=730\" rel=\"attachment wp-att-730\"><img loading=\"lazy\" decoding=\"async\" title=\"ecole de Kak\u00e9 en juillet 2014\" src=\"https:\/\/cuihamo.fr\/wp-content\/uploads\/2011\/07\/ecole-de-Kak\u00e9-en-juillet-2014-300x225.jpg\" alt=\"\" width=\"300\" height=\"225\" \/><\/a><figcaption class=\"wp-caption-text\">Ecole de KAKE en juillet 2014<\/figcaption><\/figure>\n<p>&nbsp;<\/p>\n","protected":false},"excerpt":{"rendered":"<p>&nbsp; A Kak\u00e9, situ\u00e9 dans les environs de SOUZA, en 2008\/2009, premi\u00e8re r\u00e9alisation de la construction d&rsquo;un groupe scolaire par l&rsquo;Association. &nbsp; &nbsp; &nbsp; &nbsp; &nbsp; &nbsp; &nbsp; En 2014, l&rsquo;\u00e9cole de KAKE est toujours&hellip;<\/p>\n<p class=\"more-link-wrapper\"><a href=\"https:\/\/cuihamo.fr\/?page_id=181\" class=\"more-link\">Continue Reading<span class=\"screen-reader-text\"> \u00ab\u00a0Ecole de Kak\u00e9\u00a0\u00bb<\/span><\/a><\/p>\n","protected":false},"author":5,"featured_media":0,"parent":77,"menu_order":2,"comment_status":"closed","ping_status":"open","template":"","meta":{"footnotes":""},"class_list":["post-181","page","type-page","status-publish","hentry"],"_links":{"self":[{"href":"https:\/\/cuihamo.fr\/index.php?rest_route=\/wp\/v2\/pages\/181","targetHints":{"allow":["GET"]}}],"collection":[{"href":"https:\/\/cuihamo.fr\/index.php?rest_route=\/wp\/v2\/pages"}],"about":[{"href":"https:\/\/cuihamo.fr\/index.php?rest_route=\/wp\/v2\/types\/page"}],"author":[{"embeddable":true,"href":"https:\/\/cuihamo.fr\/index.php?rest_route=\/wp\/v2\/users\/5"}],"replies":[{"embeddable":true,"href":"https:\/\/cuihamo.fr\/index.php?rest_route=%2Fwp%2Fv2%2Fcomments&post=181"}],"version-history":[{"count":34,"href":"https:\/\/cuihamo.fr\/index.php?rest_route=\/wp\/v2\/pages\/181\/revisions"}],"predecessor-version":[{"id":827,"href":"https:\/\/cuihamo.fr\/index.php?rest_route=\/wp\/v2\/pages\/181\/revisions\/827"}],"up":[{"embeddable":true,"href":"https:\/\/cuihamo.fr\/index.php?rest_route=\/wp\/v2\/pages\/77"}],"wp:attachment":[{"href":"https:\/\/cuihamo.fr\/index.php?rest_route=%2Fwp%2Fv2%2Fmedia&parent=181"}],"curies":[{"name":"wp","href":"https:\/\/api.w.org\/{rel}","templated":true}]}}