{"id":184,"date":"2011-07-28T14:38:05","date_gmt":"2011-07-28T13:38:05","guid":{"rendered":"https:\/\/www.cuihamo.fr\/?page_id=184"},"modified":"2024-08-18T21:07:36","modified_gmt":"2024-08-18T20:07:36","slug":"ecole-de-maleke","status":"publish","type":"page","link":"https:\/\/cuihamo.fr\/?page_id=184","title":{"rendered":"Ecole de Mal\u00e9k\u00e8"},"content":{"rendered":"<table>\n<tbody>\n<tr>\n<td>\n<figure id=\"attachment_403\" aria-describedby=\"caption-attachment-403\" style=\"width: 300px\" class=\"wp-caption aligncenter\"><a href=\"https:\/\/cuihamo.fr\/?attachment_id=413\" rel=\"attachment wp-att-413\"><img loading=\"lazy\" decoding=\"async\" class=\"size-medium wp-image-413\" title=\"Ancienne \u00e9cole de Mal\u00e9k\u00e9 _1\" src=\"https:\/\/cuihamo.fr\/wp-content\/uploads\/2011\/07\/Ancienne-\u00e9cole-de-Mal\u00e9k\u00e9-_11-300x186.jpg\" alt=\"\" width=\"300\" height=\"186\" srcset=\"https:\/\/cuihamo.fr\/wp-content\/uploads\/2011\/07\/Ancienne-\u00e9cole-de-Mal\u00e9k\u00e9-_11-300x186.jpg 300w, https:\/\/cuihamo.fr\/wp-content\/uploads\/2011\/07\/Ancienne-\u00e9cole-de-Mal\u00e9k\u00e9-_11-1024x637.jpg 1024w, https:\/\/cuihamo.fr\/wp-content\/uploads\/2011\/07\/Ancienne-\u00e9cole-de-Mal\u00e9k\u00e9-_11.jpg 2043w\" sizes=\"auto, (max-width: 300px) 100vw, 300px\" \/><\/a><figcaption id=\"caption-attachment-403\" class=\"wp-caption-text\">Ancienne \u00e9cole de Mal\u00e9k\u00e8<\/figcaption><\/figure>\n<\/td>\n<td>\n<figure id=\"attachment_403\" aria-describedby=\"caption-attachment-403\" style=\"width: 300px\" class=\"wp-caption aligncenter\"><img loading=\"lazy\" decoding=\"async\" title=\"Ancienne \u00e9cole de Mal\u00e9k\u00e9_2\" src=\"https:\/\/cuihamo.fr\/wp-content\/uploads\/2011\/07\/Ancienne-\u00e9cole-de-Mal\u00e9k\u00e9_2-300x200.jpg\" alt=\"\" width=\"300\" height=\"200\"\/><figcaption id=\"caption-attachment-403\" class=\"wp-caption-text\">Ancienne \u00e9cole de Mal\u00e9k\u00e8<\/figcaption><\/figure>\n<\/td>\n<\/tr>\n<\/tbody>\n<\/table>\n<figure id=\"attachment_411\" aria-describedby=\"caption-attachment-411\" style=\"width: 300px\" class=\"wp-caption aligncenter\"><a href=\"https:\/\/cuihamo.fr\/?attachment_id=411\" rel=\"attachment wp-att-411\"><img loading=\"lazy\" decoding=\"async\" title=\"Int\u00e9rieur de l'ancienne \u00e9cole de Mal\u00e9k\u00e9\" src=\"https:\/\/cuihamo.fr\/wp-content\/uploads\/2011\/07\/Int\u00e9rieur-de-lancienne-\u00e9cole-de-Mal\u00e9k\u00e9-300x225.jpg\" alt=\"\" width=\"300\" height=\"225\"\/><\/a><figcaption id=\"caption-attachment-411\" class=\"wp-caption-text\">Int\u00e9rieur de l&rsquo;ancienne \u00e9cole de Mal\u00e9k\u00e8<\/figcaption><\/figure>\n<p>L&rsquo;\u00e9cole de Mal\u00e9k\u00e8, village de la&nbsp;r\u00e9gion de SOUZA, a \u00e9t\u00e9 reconstruite en 2005 \u00e0 l&rsquo;aide de fonds r\u00e9colt\u00e9s hors cadre associatif.<\/p>\n<table>\n<tbody>\n<tr>\n<td>\n<figure id=\"attachment_410\" aria-describedby=\"caption-attachment-410\" style=\"width: 300px\" class=\"wp-caption aligncenter\"><a href=\"https:\/\/cuihamo.fr\/?attachment_id=410\" rel=\"attachment wp-att-410\"><img loading=\"lazy\" decoding=\"async\" title=\"Nouvelle \u00e9cole de Mal\u00e9k\u00e9 avant finitions\" src=\"https:\/\/cuihamo.fr\/wp-content\/uploads\/2011\/07\/Nouvelle-\u00e9cole-de-Mal\u00e9k\u00e9-avant-finitions-300x225.jpg\" alt=\"\" width=\"300\" height=\"225\"\/><\/a><figcaption id=\"caption-attachment-410\" class=\"wp-caption-text\">Nouvelle \u00e9cole de Mal\u00e9k\u00e8 avant finitions<\/figcaption><\/figure>\n<\/td>\n<td>\n<figure id=\"attachment_409\" aria-describedby=\"caption-attachment-409\" style=\"width: 300px\" class=\"wp-caption aligncenter\"><a href=\"https:\/\/cuihamo.fr\/?attachment_id=409\" rel=\"attachment wp-att-409\"><img loading=\"lazy\" decoding=\"async\" title=\"Nouvelle \u00e9cole de Mal\u00e9k\u00e9 en 2005_b\" src=\"https:\/\/cuihamo.fr\/wp-content\/uploads\/2011\/07\/Nouvelle-\u00e9cole-de-Mal\u00e9k\u00e9-en-2005_b-300x225.jpg\" alt=\"\" width=\"300\" height=\"225\"\/><\/a><figcaption id=\"caption-attachment-409\" class=\"wp-caption-text\">Nouvelle \u00e9cole de Mal\u00e9k\u00e8 en 2005<\/figcaption><\/figure>\n<\/td>\n<\/tr>\n<\/tbody>\n<\/table>\n\n\n<p>En 2022\/2023, l&rsquo;\u00e9cole de Mal\u00e9k\u00e8 a \u00e9t\u00e9 dot\u00e9e de tables et de chaises.<\/p>\n\n\n\n<figure class=\"wp-block-embed-youtube wp-block-embed is-type-video is-provider-youtube wp-embed-aspect-16-9 wp-has-aspect-ratio\"><div class=\"wp-block-embed__wrapper\">\n<iframe loading=\"lazy\" title=\"Remise des tables et chaises \u00e0 Maleke\" width=\"925\" height=\"520\" src=\"https:\/\/www.youtube.com\/embed\/Jwmvx88Q_SU?feature=oembed\" frameborder=\"0\" allow=\"accelerometer; autoplay; clipboard-write; encrypted-media; gyroscope; picture-in-picture; web-share\" referrerpolicy=\"strict-origin-when-cross-origin\" allowfullscreen><\/iframe>\n<\/div><\/figure>\n","protected":false},"excerpt":{"rendered":"<p>L&rsquo;\u00e9cole de Mal\u00e9k\u00e8, village de la&nbsp;r\u00e9gion de SOUZA, a \u00e9t\u00e9 reconstruite en 2005 \u00e0 l&rsquo;aide de fonds r\u00e9colt\u00e9s hors cadre associatif. En 2022\/2023, l&rsquo;\u00e9cole de Mal\u00e9k\u00e8 a \u00e9t\u00e9 dot\u00e9e de tables et de chaises.<\/p>\n","protected":false},"author":5,"featured_media":0,"parent":77,"menu_order":1,"comment_status":"closed","ping_status":"open","template":"","meta":{"footnotes":""},"class_list":["post-184","page","type-page","status-publish","hentry"],"_links":{"self":[{"href":"https:\/\/cuihamo.fr\/index.php?rest_route=\/wp\/v2\/pages\/184","targetHints":{"allow":["GET"]}}],"collection":[{"href":"https:\/\/cuihamo.fr\/index.php?rest_route=\/wp\/v2\/pages"}],"about":[{"href":"https:\/\/cuihamo.fr\/index.php?rest_route=\/wp\/v2\/types\/page"}],"author":[{"embeddable":true,"href":"https:\/\/cuihamo.fr\/index.php?rest_route=\/wp\/v2\/users\/5"}],"replies":[{"embeddable":true,"href":"https:\/\/cuihamo.fr\/index.php?rest_route=%2Fwp%2Fv2%2Fcomments&post=184"}],"version-history":[{"count":14,"href":"https:\/\/cuihamo.fr\/index.php?rest_route=\/wp\/v2\/pages\/184\/revisions"}],"predecessor-version":[{"id":1127,"href":"https:\/\/cuihamo.fr\/index.php?rest_route=\/wp\/v2\/pages\/184\/revisions\/1127"}],"up":[{"embeddable":true,"href":"https:\/\/cuihamo.fr\/index.php?rest_route=\/wp\/v2\/pages\/77"}],"wp:attachment":[{"href":"https:\/\/cuihamo.fr\/index.php?rest_route=%2Fwp%2Fv2%2Fmedia&parent=184"}],"curies":[{"name":"wp","href":"https:\/\/api.w.org\/{rel}","templated":true}]}}