{"id":27,"date":"2010-11-07T13:35:51","date_gmt":"2010-11-07T12:35:51","guid":{"rendered":"http:\/\/localhost\/wordpress\/?page_id=27"},"modified":"2025-07-26T10:57:38","modified_gmt":"2025-07-26T09:57:38","slug":"projets","status":"publish","type":"page","link":"https:\/\/cuihamo.fr\/?page_id=27","title":{"rendered":"Projets 2025\/2026"},"content":{"rendered":"\n<p><\/p>\n\n\n\n<p class=\"has-vivid-red-color has-text-color has-link-color wp-elements-e3da679e0a58938fee1b7c5db7609a44\"><strong>Projets 2025\/2026:<\/strong><\/p>\n\n\n\n<p><\/p>\n\n\n\n<p>1- Prise en charge des frais de scolarit\u00e9 des \u00e9l\u00e8ves aveugles<\/p>\n\n\n\n<p>2- Frais de scolarit\u00e9 pour des jeunes d\u00e9munis<\/p>\n\n\n\n<p>3- Frais de scolarit\u00e9 pour des enfants r\u00e9fugi\u00e9s de guerre<\/p>\n\n\n\n<p>4- Installation de deux jeunes form\u00e9s en ferronnerie: achat d\u2019une meuleuse et de divers mat\u00e9riaux pour d\u00e9buter, location d\u2019un terrain pour y \u00e9riger un petit hangar avec branchement \u00e9lectrique.<\/p>\n\n\n\n<p>5- Construction d\u2019un bureau dans l\u2019\u00e9cole de LOUM CHANTIER GARE.<\/p>\n\n\n\n<p>6- Travaux dans la maison d\u2019accueil CUIHAMO&nbsp;: carrelage, \u00e9lectricit\u00e9, etc.<\/p>\n\n\n\n<p>7- Construction de salles de classe et toilettes \u00e0 l&rsquo;\u00e9cole de LOUM CHANTIER GARE.<\/p>\n\n\n\n<p><\/p>\n","protected":false},"excerpt":{"rendered":"<p>Projets 2025\/2026: 1- Prise en charge des frais de scolarit\u00e9 des \u00e9l\u00e8ves aveugles 2- Frais de scolarit\u00e9 pour des jeunes d\u00e9munis 3- Frais de scolarit\u00e9 pour des enfants r\u00e9fugi\u00e9s de guerre 4- Installation de deux&hellip;<\/p>\n<p class=\"more-link-wrapper\"><a href=\"https:\/\/cuihamo.fr\/?page_id=27\" class=\"more-link\">Continue Reading<span class=\"screen-reader-text\"> \u00ab\u00a0Projets 2025\/2026\u00a0\u00bb<\/span><\/a><\/p>\n","protected":false},"author":7,"featured_media":0,"parent":23,"menu_order":-4,"comment_status":"closed","ping_status":"closed","template":"","meta":{"footnotes":""},"class_list":["post-27","page","type-page","status-publish","hentry"],"_links":{"self":[{"href":"https:\/\/cuihamo.fr\/index.php?rest_route=\/wp\/v2\/pages\/27","targetHints":{"allow":["GET"]}}],"collection":[{"href":"https:\/\/cuihamo.fr\/index.php?rest_route=\/wp\/v2\/pages"}],"about":[{"href":"https:\/\/cuihamo.fr\/index.php?rest_route=\/wp\/v2\/types\/page"}],"author":[{"embeddable":true,"href":"https:\/\/cuihamo.fr\/index.php?rest_route=\/wp\/v2\/users\/7"}],"replies":[{"embeddable":true,"href":"https:\/\/cuihamo.fr\/index.php?rest_route=%2Fwp%2Fv2%2Fcomments&post=27"}],"version-history":[{"count":49,"href":"https:\/\/cuihamo.fr\/index.php?rest_route=\/wp\/v2\/pages\/27\/revisions"}],"predecessor-version":[{"id":1328,"href":"https:\/\/cuihamo.fr\/index.php?rest_route=\/wp\/v2\/pages\/27\/revisions\/1328"}],"up":[{"embeddable":true,"href":"https:\/\/cuihamo.fr\/index.php?rest_route=\/wp\/v2\/pages\/23"}],"wp:attachment":[{"href":"https:\/\/cuihamo.fr\/index.php?rest_route=%2Fwp%2Fv2%2Fmedia&parent=27"}],"curies":[{"name":"wp","href":"https:\/\/api.w.org\/{rel}","templated":true}]}}