{"id":29,"date":"2010-11-07T13:36:10","date_gmt":"2010-11-07T12:36:10","guid":{"rendered":"http:\/\/localhost\/wordpress\/?page_id=29"},"modified":"2018-08-12T14:07:10","modified_gmt":"2018-08-12T13:07:10","slug":"soutiens","status":"publish","type":"page","link":"https:\/\/cuihamo.fr\/?page_id=29","title":{"rendered":"Soutiens \u00e0 Cui.Ha.Mo"},"content":{"rendered":"<p>Pour soutenir ses actions, l\u2019association a besoin de fonds.<\/p>\n<p>Ainsi de nombreuses personnes participent par l\u2019interm\u00e9diaire de dons, pour lesquels un re\u00e7u fiscal leur est d\u00e9livr\u00e9.<\/p>\n<p>Nous rappelons pour les personnes assujetties \u00e0 l\u2019imp\u00f4t sur le revenu, que les dons sont d\u00e9ductibles \u00e0 hauteur de 66%, par exemple, alors pour un don de 100\u20ac, il ne vous revient qu&rsquo;\u00e0 34\u20ac, mais l&rsquo;association disposera toujours de 100\u20ac pour pouvoir mener ses actions. Ces d\u00e9ductions d&rsquo;imp\u00f4ts sont possibles \u00e9tant donn\u00e9 que l\u2019association est r\u00e9gie par les articles 21 \u00e0 79 du Code Civil Local maintenu en vigueur dans les d\u00e9partements du Haut-Rhin, du Bas-Rhin et de la Moselle par la loi d\u2019introduction de la l\u00e9gislation civile fran\u00e7aise du 1<sup>er<\/sup> juin 1924.<\/p>\n<p>L\u2019association r\u00e9colte des habits d\u2019\u00e9t\u00e9 pour enfants et adultes, des jouets, du mat\u00e9riel scolaire et du mat\u00e9riel m\u00e9dical.<\/p>\n<p>Des chargements sont exp\u00e9di\u00e9s chaque ann\u00e9e par bateau \u00e0 destination de DOUALA et les membres sur place proc\u00e8dent \u00e0 la distribution.<\/p>\n<p>&nbsp;<\/p>\n<p><strong>Pour nous rejoindre, afin de renforcer notre action, adh\u00e9rez \u00e0 notre association! <\/strong><strong>Cotisation annuelle : 20 \u20ac<\/strong><\/p>\n","protected":false},"excerpt":{"rendered":"<p>Pour soutenir ses actions, l\u2019association a besoin de fonds. Ainsi de nombreuses personnes participent par l\u2019interm\u00e9diaire de dons, pour lesquels un re\u00e7u fiscal leur est d\u00e9livr\u00e9. Nous rappelons pour les personnes assujetties \u00e0 l\u2019imp\u00f4t sur&hellip;<\/p>\n<p class=\"more-link-wrapper\"><a href=\"https:\/\/cuihamo.fr\/?page_id=29\" class=\"more-link\">Continue Reading<span class=\"screen-reader-text\"> \u00ab\u00a0Soutiens \u00e0 Cui.Ha.Mo\u00a0\u00bb<\/span><\/a><\/p>\n","protected":false},"author":7,"featured_media":0,"parent":0,"menu_order":6,"comment_status":"closed","ping_status":"open","template":"","meta":{"footnotes":""},"class_list":["post-29","page","type-page","status-publish","hentry"],"_links":{"self":[{"href":"https:\/\/cuihamo.fr\/index.php?rest_route=\/wp\/v2\/pages\/29","targetHints":{"allow":["GET"]}}],"collection":[{"href":"https:\/\/cuihamo.fr\/index.php?rest_route=\/wp\/v2\/pages"}],"about":[{"href":"https:\/\/cuihamo.fr\/index.php?rest_route=\/wp\/v2\/types\/page"}],"author":[{"embeddable":true,"href":"https:\/\/cuihamo.fr\/index.php?rest_route=\/wp\/v2\/users\/7"}],"replies":[{"embeddable":true,"href":"https:\/\/cuihamo.fr\/index.php?rest_route=%2Fwp%2Fv2%2Fcomments&post=29"}],"version-history":[{"count":29,"href":"https:\/\/cuihamo.fr\/index.php?rest_route=\/wp\/v2\/pages\/29\/revisions"}],"predecessor-version":[{"id":916,"href":"https:\/\/cuihamo.fr\/index.php?rest_route=\/wp\/v2\/pages\/29\/revisions\/916"}],"wp:attachment":[{"href":"https:\/\/cuihamo.fr\/index.php?rest_route=%2Fwp%2Fv2%2Fmedia&parent=29"}],"curies":[{"name":"wp","href":"https:\/\/api.w.org\/{rel}","templated":true}]}}