{"id":48,"date":"2010-11-07T13:54:00","date_gmt":"2010-11-07T12:54:00","guid":{"rendered":"http:\/\/localhost\/wordpress\/?page_id=48"},"modified":"2024-08-18T19:52:30","modified_gmt":"2024-08-18T18:52:30","slug":"scolarite","status":"publish","type":"page","link":"https:\/\/cuihamo.fr\/?page_id=48","title":{"rendered":"Scolarit\u00e9"},"content":{"rendered":"<p><span style=\"color: #ff0000;\">2023\/2024:<\/span><\/p>\n<p>L&rsquo;Association a pris en charge les frais de scolarit\u00e9 de cinq enfants d\u00e9munis et vingt enfants r\u00e9fugi\u00e9s de guerre.<\/p>\n<p><span style=\"color: #ff0000;\">2022\/2023:<\/span><\/p>\n<p>L&rsquo;Association a pris en charge les frais de scolarit\u00e9 de sept enfants d\u00e9munis et vingt enfants r\u00e9fugi\u00e9s de guerre.<\/p>\n<p><span style=\"color: #ff0000;\">2021\/2022:<\/span><\/p>\n<p>L&rsquo;Association a pris en charge les frais de scolarit\u00e9 de sept enfants d\u00e9munis et vingt enfants r\u00e9fugi\u00e9s de guerre.<\/p>\n<p><span style=\"color: #ff0000;\">2020\/2021:<\/span><\/p>\n<p>L&rsquo; Association a pris en charge les frais de scolarit\u00e9 de\u00a0douze \u00e9l\u00e8ves aveugles, de sept jeunes d\u00e9munis, de seize enfants d\u00e9plac\u00e9s de guerre\u00a0 ainsi que pour deux universitaires.<\/p>\n<p><span style=\"color: #ff0000;\">2019\/2020:<\/span><\/p>\n<p>L&rsquo; Association a pris en charge les frais de scolarit\u00e9 de\u00a0douze \u00e9l\u00e8ves aveugles, de huit jeunes d\u00e9munis, de treize enfants d\u00e9plac\u00e9s de guerre\u00a0 ainsi que pour deux universitaires.<\/p>\n<p><span style=\"color: #ff0000;\">2018\/2019:<\/span><\/p>\n<p>L&rsquo;Association a pris en charge les frais de scolarit\u00e9 de douze \u00e9l\u00e8ves aveugles, de huit enfants d\u00e9munis, onze enfants r\u00e9fugi\u00e9s de guerre ainsi que de deux universitaires et la derni\u00e8re ann\u00e9e d&rsquo;\u00e9tude de l&rsquo;\u00e9l\u00e8ve infirmi\u00e8re.<\/p>\n<p><span style=\"color: #ff0000;\">2017\/2018:<\/span><\/p>\n<p>L&rsquo;Association a pris en charge les frais de scolarit\u00e9 de douze \u00e9l\u00e8ves aveugles et de neuf enfants d\u00e9munis ainsi que d&rsquo;un universitaire et d&rsquo;une \u00e9l\u00e8ve infirmi\u00e8re.<\/p>\n<p><span style=\"color: #ff0000;\">2016\/2017:<\/span><\/p>\n<p>L&rsquo;Association a pris en charge les frais de scolarit\u00e9 de dix \u00e9l\u00e8ves aveugles et de sept enfants d\u00e9munis ainsi que d&rsquo;une \u00e9l\u00e8ve infirmi\u00e8re.<\/p>\n<p><span style=\"color: #ff0000;\">2015\/2016:<\/span><\/p>\n<p>L&rsquo;Association a pris en charge les frais de scolarit\u00e9 de dix \u00e9l\u00e8ves aveugles et de sept enfants d\u00e9munis ainsi que deux universitaires et d&rsquo;une \u00e9l\u00e8ve infirmi\u00e8re.<\/p>\n<p><span style=\"color: #ff0000;\">2014\/2015:<\/span><\/p>\n<p>L&rsquo;Association\u00a0prend en charge de la scolarit\u00e9 d\u2019\u00e9l\u00e8ves orphelins ou compl\u00e8tement d\u00e9munis\u00a0; elle concerne l\u2019habillement, les repas et tous les frais scolaires. Ainsi 7 \u00e9l\u00e8ves dont deux en 6<sup>e<\/sup> , un en 3<sup>e<\/sup>, un en seconde, un en 1<sup>\u00e8re<\/sup> et deux en Terminale ont b\u00e9n\u00e9fici\u00e9 de ce soutien.<\/p>\n<p>L&rsquo;Association a \u00e9galement r\u00e9gl\u00e9 les frais de scolarit\u00e9 pour une \u00e9tudiante infirmi\u00e8re en premi\u00e8re ann\u00e9e de formation.<\/p>\n<p><span style=\"color: #ff0000;\">2013\/2014:<\/span><\/p>\n<p>L&rsquo;Association soutient des enfants en leur fournissant l&rsquo;uniforme, les cahiers, les frais scolaires. Ils \u00e9taient une quinzaine. Mais suite au non -int\u00e9ressement de certains enfants, l&rsquo;Association ne soutient plus que huit \u00e9l\u00e8ves : trois en\u00a03e, qui ont obtenu leur Certificat d&rsquo;\u00e9tudes, deux en 1\u00e8re et trois en Terminale; deux sont\u00a0d\u00e9sormais titulaires du Baccalaur\u00e9at section scientifique et \u00a0les r\u00e9sultats\u00a0pour le troisi\u00e8me\u00a0ne sont pas encore connus \u00e0 ce jour.<\/p>\n","protected":false},"excerpt":{"rendered":"<p>2023\/2024: L&rsquo;Association a pris en charge les frais de scolarit\u00e9 de cinq enfants d\u00e9munis et vingt enfants r\u00e9fugi\u00e9s de guerre. 2022\/2023: L&rsquo;Association a pris en charge les frais de scolarit\u00e9 de sept enfants d\u00e9munis et&hellip;<\/p>\n<p class=\"more-link-wrapper\"><a href=\"https:\/\/cuihamo.fr\/?page_id=48\" class=\"more-link\">Continue Reading<span class=\"screen-reader-text\"> \u00ab\u00a0Scolarit\u00e9\u00a0\u00bb<\/span><\/a><\/p>\n","protected":false},"author":7,"featured_media":0,"parent":23,"menu_order":7,"comment_status":"closed","ping_status":"open","template":"","meta":{"footnotes":""},"class_list":["post-48","page","type-page","status-publish","hentry"],"_links":{"self":[{"href":"https:\/\/cuihamo.fr\/index.php?rest_route=\/wp\/v2\/pages\/48","targetHints":{"allow":["GET"]}}],"collection":[{"href":"https:\/\/cuihamo.fr\/index.php?rest_route=\/wp\/v2\/pages"}],"about":[{"href":"https:\/\/cuihamo.fr\/index.php?rest_route=\/wp\/v2\/types\/page"}],"author":[{"embeddable":true,"href":"https:\/\/cuihamo.fr\/index.php?rest_route=\/wp\/v2\/users\/7"}],"replies":[{"embeddable":true,"href":"https:\/\/cuihamo.fr\/index.php?rest_route=%2Fwp%2Fv2%2Fcomments&post=48"}],"version-history":[{"count":31,"href":"https:\/\/cuihamo.fr\/index.php?rest_route=\/wp\/v2\/pages\/48\/revisions"}],"predecessor-version":[{"id":1103,"href":"https:\/\/cuihamo.fr\/index.php?rest_route=\/wp\/v2\/pages\/48\/revisions\/1103"}],"up":[{"embeddable":true,"href":"https:\/\/cuihamo.fr\/index.php?rest_route=\/wp\/v2\/pages\/23"}],"wp:attachment":[{"href":"https:\/\/cuihamo.fr\/index.php?rest_route=%2Fwp%2Fv2%2Fmedia&parent=48"}],"curies":[{"name":"wp","href":"https:\/\/api.w.org\/{rel}","templated":true}]}}