{"id":534,"date":"2013-07-28T01:05:25","date_gmt":"2013-07-28T00:05:25","guid":{"rendered":"https:\/\/www.cuihamo.fr\/?page_id=534"},"modified":"2016-08-25T13:17:25","modified_gmt":"2016-08-25T12:17:25","slug":"ecole-de-mbanga","status":"publish","type":"page","link":"https:\/\/cuihamo.fr\/?page_id=534","title":{"rendered":"Ecole de Mbanga"},"content":{"rendered":"<p>&nbsp;<\/p>\n<p>Diverses vues de l&rsquo;\u00e9cole de MBANGA avant le ravalement.<\/p>\n<p><a href=\"https:\/\/cuihamo.fr\/?attachment_id=591\" rel=\"attachment wp-att-591\"><img loading=\"lazy\" decoding=\"async\" class=\"aligncenter size-medium wp-image-591\" title=\"Ecole de Mbanga_1\" src=\"https:\/\/cuihamo.fr\/wp-content\/uploads\/2013\/07\/Ecole-de-Mbanga_1-300x225.jpg\" alt=\"\" width=\"300\" height=\"225\" srcset=\"https:\/\/cuihamo.fr\/wp-content\/uploads\/2013\/07\/Ecole-de-Mbanga_1-300x225.jpg 300w, https:\/\/cuihamo.fr\/wp-content\/uploads\/2013\/07\/Ecole-de-Mbanga_1-1024x769.jpg 1024w\" sizes=\"auto, (max-width: 300px) 100vw, 300px\" \/><\/a><\/p>\n<p><a href=\"https:\/\/cuihamo.fr\/?attachment_id=592\" rel=\"attachment wp-att-592\"><img loading=\"lazy\" decoding=\"async\" class=\"aligncenter size-medium wp-image-592\" title=\"Ecole de Mbanga_2\" src=\"https:\/\/cuihamo.fr\/wp-content\/uploads\/2013\/07\/Ecole-de-Mbanga_2-300x225.jpg\" alt=\"\" width=\"300\" height=\"225\" srcset=\"https:\/\/cuihamo.fr\/wp-content\/uploads\/2013\/07\/Ecole-de-Mbanga_2-300x225.jpg 300w, https:\/\/cuihamo.fr\/wp-content\/uploads\/2013\/07\/Ecole-de-Mbanga_2-1024x769.jpg 1024w\" sizes=\"auto, (max-width: 300px) 100vw, 300px\" \/><\/a><\/p>\n<p><a href=\"https:\/\/cuihamo.fr\/?attachment_id=593\" rel=\"attachment wp-att-593\"><img loading=\"lazy\" decoding=\"async\" class=\"aligncenter size-medium wp-image-593\" title=\"Ecole de Mbanga_3\" src=\"https:\/\/cuihamo.fr\/wp-content\/uploads\/2013\/07\/Ecole-de-Mbanga_3-300x225.jpg\" alt=\"\" width=\"300\" height=\"225\" srcset=\"https:\/\/cuihamo.fr\/wp-content\/uploads\/2013\/07\/Ecole-de-Mbanga_3-300x225.jpg 300w, https:\/\/cuihamo.fr\/wp-content\/uploads\/2013\/07\/Ecole-de-Mbanga_3-1024x769.jpg 1024w\" sizes=\"auto, (max-width: 300px) 100vw, 300px\" \/><\/a><\/p>\n<p><a href=\"https:\/\/cuihamo.fr\/?attachment_id=594\" rel=\"attachment wp-att-594\"><img loading=\"lazy\" decoding=\"async\" class=\"aligncenter size-medium wp-image-594\" title=\"Ecole de Mbanga_4\" src=\"https:\/\/cuihamo.fr\/wp-content\/uploads\/2013\/07\/Ecole-de-Mbanga_4-300x225.jpg\" alt=\"\" width=\"300\" height=\"225\" srcset=\"https:\/\/cuihamo.fr\/wp-content\/uploads\/2013\/07\/Ecole-de-Mbanga_4-300x225.jpg 300w, https:\/\/cuihamo.fr\/wp-content\/uploads\/2013\/07\/Ecole-de-Mbanga_4-1024x769.jpg 1024w\" sizes=\"auto, (max-width: 300px) 100vw, 300px\" \/><\/a><\/p>\n<p>En phase de r\u00e9novation:<\/p>\n<p><a href=\"https:\/\/cuihamo.fr\/?attachment_id=595\" rel=\"attachment wp-att-595\"><img loading=\"lazy\" decoding=\"async\" class=\"aligncenter size-medium wp-image-595\" title=\"Ecole de Mbanga_5\" src=\"https:\/\/cuihamo.fr\/wp-content\/uploads\/2013\/07\/Ecole-de-Mbanga_5-300x225.jpg\" alt=\"\" width=\"300\" height=\"225\" srcset=\"https:\/\/cuihamo.fr\/wp-content\/uploads\/2013\/07\/Ecole-de-Mbanga_5-300x225.jpg 300w, https:\/\/cuihamo.fr\/wp-content\/uploads\/2013\/07\/Ecole-de-Mbanga_5-1024x769.jpg 1024w\" sizes=\"auto, (max-width: 300px) 100vw, 300px\" \/><\/a><\/p>\n<p><a href=\"https:\/\/cuihamo.fr\/?attachment_id=596\" rel=\"attachment wp-att-596\"><img loading=\"lazy\" decoding=\"async\" class=\"aligncenter size-medium wp-image-596\" title=\"Ecole de Mbanga_6\" src=\"https:\/\/cuihamo.fr\/wp-content\/uploads\/2013\/07\/Ecole-de-Mbanga_6-300x225.jpg\" alt=\"\" width=\"300\" height=\"225\" srcset=\"https:\/\/cuihamo.fr\/wp-content\/uploads\/2013\/07\/Ecole-de-Mbanga_6-300x225.jpg 300w, https:\/\/cuihamo.fr\/wp-content\/uploads\/2013\/07\/Ecole-de-Mbanga_6-1024x769.jpg 1024w\" sizes=\"auto, (max-width: 300px) 100vw, 300px\" \/><\/a><\/p>\n<p><a href=\"https:\/\/cuihamo.fr\/?attachment_id=597\" rel=\"attachment wp-att-597\"><img loading=\"lazy\" decoding=\"async\" class=\"aligncenter size-medium wp-image-597\" title=\"Ecole de Mbanga_7\" src=\"https:\/\/cuihamo.fr\/wp-content\/uploads\/2013\/07\/Ecole-de-Mbanga_7-300x225.jpg\" alt=\"\" width=\"300\" height=\"225\" srcset=\"https:\/\/cuihamo.fr\/wp-content\/uploads\/2013\/07\/Ecole-de-Mbanga_7-300x225.jpg 300w, https:\/\/cuihamo.fr\/wp-content\/uploads\/2013\/07\/Ecole-de-Mbanga_7-1024x769.jpg 1024w\" sizes=\"auto, (max-width: 300px) 100vw, 300px\" \/><\/a><\/p>\n<p><a href=\"https:\/\/cuihamo.fr\/?attachment_id=598\" rel=\"attachment wp-att-598\"><img loading=\"lazy\" decoding=\"async\" class=\"aligncenter size-medium wp-image-598\" title=\"Ecole de Mbanga_8\" src=\"https:\/\/cuihamo.fr\/wp-content\/uploads\/2013\/07\/Ecole-de-Mbanga_8-300x225.jpg\" alt=\"\" width=\"300\" height=\"225\" srcset=\"https:\/\/cuihamo.fr\/wp-content\/uploads\/2013\/07\/Ecole-de-Mbanga_8-300x225.jpg 300w, https:\/\/cuihamo.fr\/wp-content\/uploads\/2013\/07\/Ecole-de-Mbanga_8-1024x769.jpg 1024w\" sizes=\"auto, (max-width: 300px) 100vw, 300px\" \/><\/a><\/p>\n<p>L&rsquo;\u00e9cole apr\u00e8s la r\u00e9fection des peintures:<\/p>\n<p><a href=\"https:\/\/cuihamo.fr\/?attachment_id=602\" rel=\"attachment wp-att-602\"><img loading=\"lazy\" decoding=\"async\" class=\"aligncenter size-medium wp-image-602\" title=\"Ecole de Mbanga_9\" src=\"https:\/\/cuihamo.fr\/wp-content\/uploads\/2013\/07\/Ecole-de-Mbanga_9-300x225.jpg\" alt=\"\" width=\"300\" height=\"225\" srcset=\"https:\/\/cuihamo.fr\/wp-content\/uploads\/2013\/07\/Ecole-de-Mbanga_9-300x225.jpg 300w, https:\/\/cuihamo.fr\/wp-content\/uploads\/2013\/07\/Ecole-de-Mbanga_9-1024x769.jpg 1024w\" sizes=\"auto, (max-width: 300px) 100vw, 300px\" \/><\/a><\/p>\n<p><a href=\"https:\/\/cuihamo.fr\/?attachment_id=603\" rel=\"attachment wp-att-603\"><img loading=\"lazy\" decoding=\"async\" class=\"aligncenter size-medium wp-image-603\" title=\"Ecole de Mbanga_10\" src=\"https:\/\/cuihamo.fr\/wp-content\/uploads\/2013\/07\/Ecole-de-Mbanga_10-300x225.jpg\" alt=\"\" width=\"300\" height=\"225\" srcset=\"https:\/\/cuihamo.fr\/wp-content\/uploads\/2013\/07\/Ecole-de-Mbanga_10-300x225.jpg 300w, https:\/\/cuihamo.fr\/wp-content\/uploads\/2013\/07\/Ecole-de-Mbanga_10-1024x769.jpg 1024w\" sizes=\"auto, (max-width: 300px) 100vw, 300px\" \/><\/a><\/p>\n<p>Les enfants heureux de retrouver leur \u00e9cole rafra\u00eechie:<\/p>\n<p><a href=\"https:\/\/cuihamo.fr\/?attachment_id=604\" rel=\"attachment wp-att-604\"><img loading=\"lazy\" decoding=\"async\" class=\"aligncenter size-medium wp-image-604\" title=\"Ecole de Mbanga_11\" src=\"https:\/\/cuihamo.fr\/wp-content\/uploads\/2013\/07\/Ecole-de-Mbanga_11-300x225.jpg\" alt=\"\" width=\"300\" height=\"225\" srcset=\"https:\/\/cuihamo.fr\/wp-content\/uploads\/2013\/07\/Ecole-de-Mbanga_11-300x225.jpg 300w, https:\/\/cuihamo.fr\/wp-content\/uploads\/2013\/07\/Ecole-de-Mbanga_11-1024x769.jpg 1024w\" sizes=\"auto, (max-width: 300px) 100vw, 300px\" \/><\/a><\/p>\n<p><a href=\"https:\/\/cuihamo.fr\/?attachment_id=605\" rel=\"attachment wp-att-605\"><img loading=\"lazy\" decoding=\"async\" class=\"aligncenter size-medium wp-image-605\" title=\"Ecole de Mbanga_12\" src=\"https:\/\/cuihamo.fr\/wp-content\/uploads\/2013\/07\/Ecole-de-Mbanga_12-300x225.jpg\" alt=\"\" width=\"300\" height=\"225\" srcset=\"https:\/\/cuihamo.fr\/wp-content\/uploads\/2013\/07\/Ecole-de-Mbanga_12-300x225.jpg 300w, https:\/\/cuihamo.fr\/wp-content\/uploads\/2013\/07\/Ecole-de-Mbanga_12-1024x769.jpg 1024w\" sizes=\"auto, (max-width: 300px) 100vw, 300px\" \/><\/a><\/p>\n<p>R\u00e9alisation des fondations des toilettes de l&rsquo;\u00e9cole de MBANGA:<\/p>\n<p><a href=\"https:\/\/cuihamo.fr\/?attachment_id=607\" rel=\"attachment wp-att-607\"><img loading=\"lazy\" decoding=\"async\" class=\"aligncenter size-medium wp-image-607\" title=\"toilettes_Mbanga_1\" src=\"https:\/\/cuihamo.fr\/wp-content\/uploads\/2013\/07\/toilettes_Mbanga_11-300x225.jpg\" alt=\"\" width=\"300\" height=\"225\" srcset=\"https:\/\/cuihamo.fr\/wp-content\/uploads\/2013\/07\/toilettes_Mbanga_11-300x225.jpg 300w, https:\/\/cuihamo.fr\/wp-content\/uploads\/2013\/07\/toilettes_Mbanga_11-1024x769.jpg 1024w\" sizes=\"auto, (max-width: 300px) 100vw, 300px\" \/><\/a><\/p>\n<p>&nbsp;<\/p>\n<p><a href=\"https:\/\/cuihamo.fr\/?attachment_id=608\" rel=\"attachment wp-att-608\"><img loading=\"lazy\" decoding=\"async\" class=\"aligncenter size-medium wp-image-608\" title=\"toilettes_Mbanga_2\" src=\"https:\/\/cuihamo.fr\/wp-content\/uploads\/2013\/07\/toilettes_Mbanga_2-300x225.jpg\" alt=\"\" width=\"300\" height=\"225\" srcset=\"https:\/\/cuihamo.fr\/wp-content\/uploads\/2013\/07\/toilettes_Mbanga_2-300x225.jpg 300w, https:\/\/cuihamo.fr\/wp-content\/uploads\/2013\/07\/toilettes_Mbanga_2-1024x769.jpg 1024w\" sizes=\"auto, (max-width: 300px) 100vw, 300px\" \/><\/a><\/p>\n<p>&nbsp;<\/p>\n<p><a href=\"https:\/\/cuihamo.fr\/?attachment_id=609\" rel=\"attachment wp-att-609\"><img loading=\"lazy\" decoding=\"async\" class=\"aligncenter size-medium wp-image-609\" title=\"toilettes_Mbanga_3\" src=\"https:\/\/cuihamo.fr\/wp-content\/uploads\/2013\/07\/toilettes_Mbanga_3-300x225.jpg\" alt=\"\" width=\"300\" height=\"225\" srcset=\"https:\/\/cuihamo.fr\/wp-content\/uploads\/2013\/07\/toilettes_Mbanga_3-300x225.jpg 300w, https:\/\/cuihamo.fr\/wp-content\/uploads\/2013\/07\/toilettes_Mbanga_3-1024x769.jpg 1024w\" sizes=\"auto, (max-width: 300px) 100vw, 300px\" \/><\/a><\/p>\n<p>&nbsp;<\/p>\n<p><a href=\"https:\/\/cuihamo.fr\/?attachment_id=610\" rel=\"attachment wp-att-610\"><img loading=\"lazy\" decoding=\"async\" class=\"aligncenter size-medium wp-image-610\" title=\"toilettes_Mbanga_4\" src=\"https:\/\/cuihamo.fr\/wp-content\/uploads\/2013\/07\/toilettes_Mbanga_4-300x225.jpg\" alt=\"\" width=\"300\" height=\"225\" srcset=\"https:\/\/cuihamo.fr\/wp-content\/uploads\/2013\/07\/toilettes_Mbanga_4-300x225.jpg 300w, https:\/\/cuihamo.fr\/wp-content\/uploads\/2013\/07\/toilettes_Mbanga_4-1024x769.jpg 1024w\" sizes=\"auto, (max-width: 300px) 100vw, 300px\" \/><\/a><\/p>\n<p>&nbsp;<\/p>\n<p>Construction des toilettes\u00a0:<\/p>\n<p><a href=\"https:\/\/cuihamo.fr\/?attachment_id=611\" rel=\"attachment wp-att-611\"><img loading=\"lazy\" decoding=\"async\" class=\"aligncenter size-medium wp-image-611\" title=\"toilettes_Mbanga_5\" src=\"https:\/\/cuihamo.fr\/wp-content\/uploads\/2013\/07\/toilettes_Mbanga_5-300x225.jpg\" alt=\"\" width=\"300\" height=\"225\" srcset=\"https:\/\/cuihamo.fr\/wp-content\/uploads\/2013\/07\/toilettes_Mbanga_5-300x225.jpg 300w, https:\/\/cuihamo.fr\/wp-content\/uploads\/2013\/07\/toilettes_Mbanga_5-1024x769.jpg 1024w\" sizes=\"auto, (max-width: 300px) 100vw, 300px\" \/><\/a><\/p>\n<p>&nbsp;<\/p>\n<p><a href=\"https:\/\/cuihamo.fr\/?attachment_id=612\" rel=\"attachment wp-att-612\"><img loading=\"lazy\" decoding=\"async\" class=\"aligncenter size-medium wp-image-612\" title=\"toilettes_Mbanga_6\" src=\"https:\/\/cuihamo.fr\/wp-content\/uploads\/2013\/07\/toilettes_Mbanga_6-300x225.jpg\" alt=\"\" width=\"300\" height=\"225\" srcset=\"https:\/\/cuihamo.fr\/wp-content\/uploads\/2013\/07\/toilettes_Mbanga_6-300x225.jpg 300w, https:\/\/cuihamo.fr\/wp-content\/uploads\/2013\/07\/toilettes_Mbanga_6-1024x769.jpg 1024w\" sizes=\"auto, (max-width: 300px) 100vw, 300px\" \/><\/a><\/p>\n<p>&nbsp;<\/p>\n<p><a href=\"https:\/\/cuihamo.fr\/?attachment_id=613\" rel=\"attachment wp-att-613\"><img loading=\"lazy\" decoding=\"async\" class=\"aligncenter size-medium wp-image-613\" title=\"toilettes_Mbanga_7\" src=\"https:\/\/cuihamo.fr\/wp-content\/uploads\/2013\/07\/toilettes_Mbanga_7-300x225.jpg\" alt=\"\" width=\"300\" height=\"225\" srcset=\"https:\/\/cuihamo.fr\/wp-content\/uploads\/2013\/07\/toilettes_Mbanga_7-300x225.jpg 300w, https:\/\/cuihamo.fr\/wp-content\/uploads\/2013\/07\/toilettes_Mbanga_7-1024x769.jpg 1024w\" sizes=\"auto, (max-width: 300px) 100vw, 300px\" \/><\/a><\/p>\n<p>&nbsp;<\/p>\n<p><a href=\"https:\/\/cuihamo.fr\/?attachment_id=614\" rel=\"attachment wp-att-614\"><img loading=\"lazy\" decoding=\"async\" class=\"aligncenter size-medium wp-image-614\" title=\"toilettes_Mbanga_8\" src=\"https:\/\/cuihamo.fr\/wp-content\/uploads\/2013\/07\/toilettes_Mbanga_8-300x225.jpg\" alt=\"\" width=\"300\" height=\"225\" srcset=\"https:\/\/cuihamo.fr\/wp-content\/uploads\/2013\/07\/toilettes_Mbanga_8-300x225.jpg 300w, https:\/\/cuihamo.fr\/wp-content\/uploads\/2013\/07\/toilettes_Mbanga_8-1024x769.jpg 1024w\" sizes=\"auto, (max-width: 300px) 100vw, 300px\" \/><\/a><\/p>\n<p><img loading=\"lazy\" decoding=\"async\" class=\"aligncenter size-medium wp-image-616\" title=\"toilettes_Mbanga_10\" src=\"https:\/\/cuihamo.fr\/wp-content\/uploads\/2013\/07\/toilettes_Mbanga_10-300x225.jpg\" alt=\"\" width=\"300\" height=\"225\" srcset=\"https:\/\/cuihamo.fr\/wp-content\/uploads\/2013\/07\/toilettes_Mbanga_10-300x225.jpg 300w, https:\/\/cuihamo.fr\/wp-content\/uploads\/2013\/07\/toilettes_Mbanga_10-1024x769.jpg 1024w\" sizes=\"auto, (max-width: 300px) 100vw, 300px\" \/><\/p>\n<figure id=\"attachment_615\" aria-describedby=\"caption-attachment-615\" style=\"width: 300px\" class=\"wp-caption aligncenter\"><a href=\"https:\/\/cuihamo.fr\/?attachment_id=615\" rel=\"attachment wp-att-615\"><img loading=\"lazy\" decoding=\"async\" class=\"size-medium wp-image-615\" title=\"toilettes_Mbanga_9\" src=\"https:\/\/cuihamo.fr\/wp-content\/uploads\/2013\/07\/toilettes_Mbanga_9-300x225.jpg\" alt=\"\" width=\"300\" height=\"225\" srcset=\"https:\/\/cuihamo.fr\/wp-content\/uploads\/2013\/07\/toilettes_Mbanga_9-300x225.jpg 300w, https:\/\/cuihamo.fr\/wp-content\/uploads\/2013\/07\/toilettes_Mbanga_9-1024x769.jpg 1024w\" sizes=\"auto, (max-width: 300px) 100vw, 300px\" \/><\/a><figcaption id=\"caption-attachment-615\" class=\"wp-caption-text\">Les enfants d\u00e9couvrent leurs nouvelles toilettes.<\/figcaption><\/figure>\n<p>&nbsp;<\/p>\n<p><a href=\"https:\/\/cuihamo.fr\/?attachment_id=617\" rel=\"attachment wp-att-617\"><img loading=\"lazy\" decoding=\"async\" class=\"aligncenter size-medium wp-image-617\" title=\"toilettes_Mbanga_11\" src=\"https:\/\/cuihamo.fr\/wp-content\/uploads\/2013\/07\/toilettes_Mbanga_111-300x225.jpg\" alt=\"\" width=\"300\" height=\"225\" srcset=\"https:\/\/cuihamo.fr\/wp-content\/uploads\/2013\/07\/toilettes_Mbanga_111-300x225.jpg 300w, https:\/\/cuihamo.fr\/wp-content\/uploads\/2013\/07\/toilettes_Mbanga_111-1024x769.jpg 1024w\" sizes=\"auto, (max-width: 300px) 100vw, 300px\" \/><\/a><\/p>\n<p>Les enfants remerciant l&rsquo;Association CUI.HA.MO. pour la r\u00e9alisation des toilettes.<\/p>\n<p>&nbsp;<\/p>\n<p><a href=\"https:\/\/cuihamo.fr\/?attachment_id=618\" rel=\"attachment wp-att-618\"><img loading=\"lazy\" decoding=\"async\" class=\"aligncenter size-medium wp-image-618\" title=\"toilettes_Mbanga_12\" src=\"https:\/\/cuihamo.fr\/wp-content\/uploads\/2013\/07\/toilettes_Mbanga_12-300x225.jpg\" alt=\"\" width=\"300\" height=\"225\" srcset=\"https:\/\/cuihamo.fr\/wp-content\/uploads\/2013\/07\/toilettes_Mbanga_12-300x225.jpg 300w, https:\/\/cuihamo.fr\/wp-content\/uploads\/2013\/07\/toilettes_Mbanga_12-1024x769.jpg 1024w\" sizes=\"auto, (max-width: 300px) 100vw, 300px\" \/><\/a><\/p>\n<p>&nbsp;<\/p>\n<p><a href=\"https:\/\/cuihamo.fr\/?attachment_id=619\" rel=\"attachment wp-att-619\"><img loading=\"lazy\" decoding=\"async\" class=\"aligncenter size-medium wp-image-619\" title=\"toilettes_Mbanga_13\" src=\"https:\/\/cuihamo.fr\/wp-content\/uploads\/2013\/07\/toilettes_Mbanga_13-300x225.jpg\" alt=\"\" width=\"300\" height=\"225\" srcset=\"https:\/\/cuihamo.fr\/wp-content\/uploads\/2013\/07\/toilettes_Mbanga_13-300x225.jpg 300w, https:\/\/cuihamo.fr\/wp-content\/uploads\/2013\/07\/toilettes_Mbanga_13-1024x769.jpg 1024w\" sizes=\"auto, (max-width: 300px) 100vw, 300px\" \/><\/a><\/p>\n<p>&nbsp;<\/p>\n<p>&nbsp;<\/p>\n<p>&nbsp;<\/p>\n<p>&nbsp;<\/p>\n","protected":false},"excerpt":{"rendered":"<p>&nbsp; Diverses vues de l&rsquo;\u00e9cole de MBANGA avant le ravalement. En phase de r\u00e9novation: L&rsquo;\u00e9cole apr\u00e8s la r\u00e9fection des peintures: Les enfants heureux de retrouver leur \u00e9cole rafra\u00eechie: R\u00e9alisation des fondations des toilettes de l&rsquo;\u00e9cole&hellip;<\/p>\n<p class=\"more-link-wrapper\"><a href=\"https:\/\/cuihamo.fr\/?page_id=534\" class=\"more-link\">Continue Reading<span class=\"screen-reader-text\"> \u00ab\u00a0Ecole de Mbanga\u00a0\u00bb<\/span><\/a><\/p>\n","protected":false},"author":5,"featured_media":0,"parent":77,"menu_order":4,"comment_status":"closed","ping_status":"open","template":"","meta":{"footnotes":""},"class_list":["post-534","page","type-page","status-publish","hentry"],"_links":{"self":[{"href":"https:\/\/cuihamo.fr\/index.php?rest_route=\/wp\/v2\/pages\/534","targetHints":{"allow":["GET"]}}],"collection":[{"href":"https:\/\/cuihamo.fr\/index.php?rest_route=\/wp\/v2\/pages"}],"about":[{"href":"https:\/\/cuihamo.fr\/index.php?rest_route=\/wp\/v2\/types\/page"}],"author":[{"embeddable":true,"href":"https:\/\/cuihamo.fr\/index.php?rest_route=\/wp\/v2\/users\/5"}],"replies":[{"embeddable":true,"href":"https:\/\/cuihamo.fr\/index.php?rest_route=%2Fwp%2Fv2%2Fcomments&post=534"}],"version-history":[{"count":7,"href":"https:\/\/cuihamo.fr\/index.php?rest_route=\/wp\/v2\/pages\/534\/revisions"}],"predecessor-version":[{"id":829,"href":"https:\/\/cuihamo.fr\/index.php?rest_route=\/wp\/v2\/pages\/534\/revisions\/829"}],"up":[{"embeddable":true,"href":"https:\/\/cuihamo.fr\/index.php?rest_route=\/wp\/v2\/pages\/77"}],"wp:attachment":[{"href":"https:\/\/cuihamo.fr\/index.php?rest_route=%2Fwp%2Fv2%2Fmedia&parent=534"}],"curies":[{"name":"wp","href":"https:\/\/api.w.org\/{rel}","templated":true}]}}