{"id":6,"date":"2010-11-07T00:32:57","date_gmt":"2010-11-07T00:32:57","guid":{"rendered":"http:\/\/localhost\/wordpress\/?page_id=6"},"modified":"2025-07-26T10:56:14","modified_gmt":"2025-07-26T09:56:14","slug":"actualites","status":"publish","type":"page","link":"https:\/\/cuihamo.fr\/?page_id=6","title":{"rendered":"Actualit\u00e9s"},"content":{"rendered":"\n<p><strong>Madame, Monsieur, Chers amis membres et bienfaiteurs,<\/strong><\/p>\n\n\n\n<p>Nous nous sommes retrouv\u00e9s en ce 25 juillet 2025 en la salle polyvalente o\u00f9 une centaine de personnes ont assist\u00e9 \u00e0 cette soir\u00e9e pendant laquelle a eu l&rsquo;assembl\u00e9e g\u00e9n\u00e9rale de l&rsquo;Association CUIHAMO avec des actions et des comptes de 2024 et la vid\u00e9oprojection anim\u00e9e par le P\u00e8re Gabriel suivie d&rsquo;un moment de convivialit\u00e9.<\/p>\n\n\n\n<p>Nos actions continuent en faveur de nos amis Camerounais dont la mis\u00e8re ne s\u2019est pas estomp\u00e9e.<\/p>\n\n\n\n<p>Quant au P\u00e8re Gabriel, il a \u00e9t\u00e9 parmi nous pendant un mois. Depuis le 1er septembre 2024, il est \u00e0 nouveau affect\u00e9 au CAMEROUN, son pays d&rsquo;origine et dessert la paroisse de LOUM, situ\u00e9e \u00e0 55km de l\u00e0 o\u00f9 il avait exerc\u00e9 auparavant (SOUZA, KOMBE). Avec son \u00e9quipe, il soutient les plus pauvres et d\u00e9favoris\u00e9s, dont les besoins sont tous aussi importants que dans les villages pr\u00e9c\u00e9dents.<\/p>\n\n\n\n<p>Avec nos chaleureux remerciements pour votre appui,<\/p>\n\n\n\n<p>Amicales salutations, et \u00e0 bient\u00f4t.<\/p>\n\n\n\n<p>Le Pr\u00e9sident&nbsp; et le P\u00e8re Gabriel<\/p>\n\n\n\n<p>Voici le lien vid\u00e9o des actions men\u00e9es:<\/p>\n\n\n\n<figure class=\"wp-block-embed is-type-video is-provider-youtube wp-block-embed-youtube wp-embed-aspect-16-9 wp-has-aspect-ratio\"><div class=\"wp-block-embed__wrapper\">\n<iframe loading=\"lazy\" title=\"Cuihamo 2024\/2025\" width=\"925\" height=\"520\" src=\"https:\/\/www.youtube.com\/embed\/Se2Jpg1Xykg?feature=oembed\" frameborder=\"0\" allow=\"accelerometer; autoplay; clipboard-write; encrypted-media; gyroscope; picture-in-picture; web-share\" referrerpolicy=\"strict-origin-when-cross-origin\" allowfullscreen><\/iframe>\n<\/div><\/figure>\n","protected":false},"excerpt":{"rendered":"<p>Madame, Monsieur, Chers amis membres et bienfaiteurs, Nous nous sommes retrouv\u00e9s en ce 25 juillet 2025 en la salle polyvalente o\u00f9 une centaine de personnes ont assist\u00e9 \u00e0 cette soir\u00e9e pendant laquelle a eu l&rsquo;assembl\u00e9e&hellip;<\/p>\n<p class=\"more-link-wrapper\"><a href=\"https:\/\/cuihamo.fr\/?page_id=6\" class=\"more-link\">Continue Reading<span class=\"screen-reader-text\"> \u00ab\u00a0Actualit\u00e9s\u00a0\u00bb<\/span><\/a><\/p>\n","protected":false},"author":7,"featured_media":0,"parent":0,"menu_order":1,"comment_status":"closed","ping_status":"open","template":"","meta":{"footnotes":""},"class_list":["post-6","page","type-page","status-publish","hentry"],"_links":{"self":[{"href":"https:\/\/cuihamo.fr\/index.php?rest_route=\/wp\/v2\/pages\/6","targetHints":{"allow":["GET"]}}],"collection":[{"href":"https:\/\/cuihamo.fr\/index.php?rest_route=\/wp\/v2\/pages"}],"about":[{"href":"https:\/\/cuihamo.fr\/index.php?rest_route=\/wp\/v2\/types\/page"}],"author":[{"embeddable":true,"href":"https:\/\/cuihamo.fr\/index.php?rest_route=\/wp\/v2\/users\/7"}],"replies":[{"embeddable":true,"href":"https:\/\/cuihamo.fr\/index.php?rest_route=%2Fwp%2Fv2%2Fcomments&post=6"}],"version-history":[{"count":37,"href":"https:\/\/cuihamo.fr\/index.php?rest_route=\/wp\/v2\/pages\/6\/revisions"}],"predecessor-version":[{"id":1327,"href":"https:\/\/cuihamo.fr\/index.php?rest_route=\/wp\/v2\/pages\/6\/revisions\/1327"}],"wp:attachment":[{"href":"https:\/\/cuihamo.fr\/index.php?rest_route=%2Fwp%2Fv2%2Fmedia&parent=6"}],"curies":[{"name":"wp","href":"https:\/\/api.w.org\/{rel}","templated":true}]}}