{"id":748,"date":"2015-07-26T15:57:26","date_gmt":"2015-07-26T14:57:26","guid":{"rendered":"https:\/\/www.cuihamo.fr\/?page_id=748"},"modified":"2024-08-18T20:51:22","modified_gmt":"2024-08-18T19:51:22","slug":"748-2","status":"publish","type":"page","link":"https:\/\/cuihamo.fr\/?page_id=748","title":{"rendered":"Ecole de Komb\u00e9"},"content":{"rendered":"<figure id=\"attachment_674\" aria-describedby=\"caption-attachment-674\" style=\"width: 300px\" class=\"wp-caption aligncenter\"><a href=\"https:\/\/cuihamo.fr\/wp-content\/uploads\/2010\/11\/El\u00e8ves-devant-l\u00e9cole-de-KOMBE.jpg\"><img loading=\"lazy\" decoding=\"async\" class=\"size-medium wp-image-674\" src=\"https:\/\/cuihamo.fr\/wp-content\/uploads\/2010\/11\/El\u00e8ves-devant-l\u00e9cole-de-KOMBE-300x225.jpg\" alt=\"El\u00e8ves devant l'ancienne \u00e9cole de KOMBE\" width=\"300\" height=\"225\" srcset=\"https:\/\/cuihamo.fr\/wp-content\/uploads\/2010\/11\/El\u00e8ves-devant-l\u00e9cole-de-KOMBE-300x225.jpg 300w, https:\/\/cuihamo.fr\/wp-content\/uploads\/2010\/11\/El\u00e8ves-devant-l\u00e9cole-de-KOMBE-1024x768.jpg 1024w\" sizes=\"auto, (max-width: 300px) 100vw, 300px\" \/><\/a><figcaption id=\"caption-attachment-674\" class=\"wp-caption-text\">El\u00e8ves devant l&rsquo;ancienne \u00e9cole de KOMBE<\/figcaption><\/figure>\n<figure id=\"attachment_673\" aria-describedby=\"caption-attachment-673\" style=\"width: 300px\" class=\"wp-caption aligncenter\"><a href=\"https:\/\/cuihamo.fr\/wp-content\/uploads\/2010\/11\/Ecole-actuelle-de-KOMBE.jpg\"><img loading=\"lazy\" decoding=\"async\" class=\"size-medium wp-image-673\" src=\"https:\/\/cuihamo.fr\/wp-content\/uploads\/2010\/11\/Ecole-actuelle-de-KOMBE-300x225.jpg\" alt=\"Ancienne \u00e9cole de KOMBE, le toit d'une partie s'\u00e9tant \u00e9ffrondr\u00e9e\" width=\"300\" height=\"225\" srcset=\"https:\/\/cuihamo.fr\/wp-content\/uploads\/2010\/11\/Ecole-actuelle-de-KOMBE-300x225.jpg 300w, https:\/\/cuihamo.fr\/wp-content\/uploads\/2010\/11\/Ecole-actuelle-de-KOMBE-1024x768.jpg 1024w\" sizes=\"auto, (max-width: 300px) 100vw, 300px\" \/><\/a><figcaption id=\"caption-attachment-673\" class=\"wp-caption-text\">Ancienne \u00e9cole de KOMBE, le toit d&rsquo;une partie s&rsquo;\u00e9tant \u00e9ffrondr\u00e9e<\/figcaption><\/figure>\n<figure id=\"attachment_672\" aria-describedby=\"caption-attachment-672\" style=\"width: 300px\" class=\"wp-caption aligncenter\"><a href=\"https:\/\/cuihamo.fr\/wp-content\/uploads\/2010\/11\/B\u00e2timent-actuel-de-l\u00e9cole-de-KOMBE.jpg\"><img loading=\"lazy\" decoding=\"async\" class=\"size-medium wp-image-672\" src=\"https:\/\/cuihamo.fr\/wp-content\/uploads\/2010\/11\/B\u00e2timent-actuel-de-l\u00e9cole-de-KOMBE-300x225.jpg\" alt=\"B\u00e2timent de l'ancienne \u00e9cole de KOMBE\" width=\"300\" height=\"225\" srcset=\"https:\/\/cuihamo.fr\/wp-content\/uploads\/2010\/11\/B\u00e2timent-actuel-de-l\u00e9cole-de-KOMBE-300x225.jpg 300w, https:\/\/cuihamo.fr\/wp-content\/uploads\/2010\/11\/B\u00e2timent-actuel-de-l\u00e9cole-de-KOMBE-1024x768.jpg 1024w\" sizes=\"auto, (max-width: 300px) 100vw, 300px\" \/><\/a><figcaption id=\"caption-attachment-672\" class=\"wp-caption-text\">B\u00e2timent de l&rsquo;ancienne \u00e9cole de KOMBE<\/figcaption><\/figure>\n<figure id=\"attachment_749\" aria-describedby=\"caption-attachment-749\" style=\"width: 300px\" class=\"wp-caption aligncenter\"><a href=\"https:\/\/cuihamo.fr\/wp-content\/uploads\/2015\/07\/construction-de-la-nouvelle-\u00e9cole-Komb\u00e9-0.jpg\"><img loading=\"lazy\" decoding=\"async\" class=\"size-medium wp-image-749\" src=\"https:\/\/cuihamo.fr\/wp-content\/uploads\/2015\/07\/construction-de-la-nouvelle-\u00e9cole-Komb\u00e9-0-300x225.jpg\" alt=\"Construction de la nouvelle \u00e9cole de Komb\u00e9\" width=\"300\" height=\"225\" srcset=\"https:\/\/cuihamo.fr\/wp-content\/uploads\/2015\/07\/construction-de-la-nouvelle-\u00e9cole-Komb\u00e9-0-300x225.jpg 300w, https:\/\/cuihamo.fr\/wp-content\/uploads\/2015\/07\/construction-de-la-nouvelle-\u00e9cole-Komb\u00e9-0-1024x768.jpg 1024w\" sizes=\"auto, (max-width: 300px) 100vw, 300px\" \/><\/a><figcaption id=\"caption-attachment-749\" class=\"wp-caption-text\">Construction de la nouvelle \u00e9cole de Komb\u00e9<\/figcaption><\/figure>\n<figure id=\"attachment_750\" aria-describedby=\"caption-attachment-750\" style=\"width: 300px\" class=\"wp-caption aligncenter\"><a href=\"https:\/\/cuihamo.fr\/wp-content\/uploads\/2015\/07\/construction-de-la-nouvelle-\u00e9cole-Komb\u00e9-1.jpg\"><img loading=\"lazy\" decoding=\"async\" class=\"size-medium wp-image-750\" src=\"https:\/\/cuihamo.fr\/wp-content\/uploads\/2015\/07\/construction-de-la-nouvelle-\u00e9cole-Komb\u00e9-1-300x300.jpg\" alt=\"Construction de la nouvelle \u00e9cole de Komb\u00e9\" width=\"300\" height=\"300\" srcset=\"https:\/\/cuihamo.fr\/wp-content\/uploads\/2015\/07\/construction-de-la-nouvelle-\u00e9cole-Komb\u00e9-1-300x300.jpg 300w, https:\/\/cuihamo.fr\/wp-content\/uploads\/2015\/07\/construction-de-la-nouvelle-\u00e9cole-Komb\u00e9-1-150x150.jpg 150w, https:\/\/cuihamo.fr\/wp-content\/uploads\/2015\/07\/construction-de-la-nouvelle-\u00e9cole-Komb\u00e9-1-1024x1024.jpg 1024w\" sizes=\"auto, (max-width: 300px) 100vw, 300px\" \/><\/a><figcaption id=\"caption-attachment-750\" class=\"wp-caption-text\">Construction de la nouvelle \u00e9cole de Komb\u00e9<\/figcaption><\/figure>\n<figure id=\"attachment_751\" aria-describedby=\"caption-attachment-751\" style=\"width: 225px\" class=\"wp-caption aligncenter\"><a href=\"https:\/\/cuihamo.fr\/wp-content\/uploads\/2015\/07\/cr\u00e9pissage-de-la-nouvelle-\u00e9cole-de-Komb\u00e9-2.jpg\"><img loading=\"lazy\" decoding=\"async\" class=\"size-medium wp-image-751\" src=\"https:\/\/cuihamo.fr\/wp-content\/uploads\/2015\/07\/cr\u00e9pissage-de-la-nouvelle-\u00e9cole-de-Komb\u00e9-2-225x300.jpg\" alt=\"Cr\u00e9pissage de la nouvelle \u00e9cole de Komb\u00e9 \" width=\"225\" height=\"300\" srcset=\"https:\/\/cuihamo.fr\/wp-content\/uploads\/2015\/07\/cr\u00e9pissage-de-la-nouvelle-\u00e9cole-de-Komb\u00e9-2-225x300.jpg 225w, https:\/\/cuihamo.fr\/wp-content\/uploads\/2015\/07\/cr\u00e9pissage-de-la-nouvelle-\u00e9cole-de-Komb\u00e9-2-768x1024.jpg 768w\" sizes=\"auto, (max-width: 225px) 100vw, 225px\" \/><\/a><figcaption id=\"caption-attachment-751\" class=\"wp-caption-text\">Cr\u00e9pissage de la nouvelle \u00e9cole de Komb\u00e9<\/figcaption><\/figure>\n<figure id=\"attachment_755\" aria-describedby=\"caption-attachment-755\" style=\"width: 300px\" class=\"wp-caption aligncenter\"><a href=\"https:\/\/cuihamo.fr\/wp-content\/uploads\/2015\/07\/mise-en-place-de-la-charpente-de-la-nouvelle-\u00e9cole-de-Komb\u00e9.jpg\"><img loading=\"lazy\" decoding=\"async\" class=\"size-medium wp-image-755\" src=\"https:\/\/cuihamo.fr\/wp-content\/uploads\/2015\/07\/mise-en-place-de-la-charpente-de-la-nouvelle-\u00e9cole-de-Komb\u00e9-300x225.jpg\" alt=\"Mise en place de la charpente de la nouvelle \u00e9cole de Komb\u00e9\" width=\"300\" height=\"225\" srcset=\"https:\/\/cuihamo.fr\/wp-content\/uploads\/2015\/07\/mise-en-place-de-la-charpente-de-la-nouvelle-\u00e9cole-de-Komb\u00e9-300x225.jpg 300w, https:\/\/cuihamo.fr\/wp-content\/uploads\/2015\/07\/mise-en-place-de-la-charpente-de-la-nouvelle-\u00e9cole-de-Komb\u00e9-1024x768.jpg 1024w\" sizes=\"auto, (max-width: 300px) 100vw, 300px\" \/><\/a><figcaption id=\"caption-attachment-755\" class=\"wp-caption-text\">Mise en place de la charpente de la nouvelle \u00e9cole de Komb\u00e9<\/figcaption><\/figure>\n<figure id=\"attachment_756\" aria-describedby=\"caption-attachment-756\" style=\"width: 225px\" class=\"wp-caption aligncenter\"><a href=\"https:\/\/cuihamo.fr\/wp-content\/uploads\/2015\/07\/toles-de-la-nouvelle-\u00e9cole-de-komb\u00e9.jpg\"><img loading=\"lazy\" decoding=\"async\" class=\"size-medium wp-image-756\" src=\"https:\/\/cuihamo.fr\/wp-content\/uploads\/2015\/07\/toles-de-la-nouvelle-\u00e9cole-de-komb\u00e9-225x300.jpg\" alt=\"T\u00f4les pour la nouvelle \u00e9cole de komb\u00e9\" width=\"225\" height=\"300\" srcset=\"https:\/\/cuihamo.fr\/wp-content\/uploads\/2015\/07\/toles-de-la-nouvelle-\u00e9cole-de-komb\u00e9-225x300.jpg 225w, https:\/\/cuihamo.fr\/wp-content\/uploads\/2015\/07\/toles-de-la-nouvelle-\u00e9cole-de-komb\u00e9-768x1024.jpg 768w\" sizes=\"auto, (max-width: 225px) 100vw, 225px\" \/><\/a><figcaption id=\"caption-attachment-756\" class=\"wp-caption-text\">T\u00f4les pour la nouvelle \u00e9cole de komb\u00e9<\/figcaption><\/figure>\n<figure id=\"attachment_754\" aria-describedby=\"caption-attachment-754\" style=\"width: 300px\" class=\"wp-caption aligncenter\"><a href=\"https:\/\/cuihamo.fr\/wp-content\/uploads\/2015\/07\/enfants-de-Komb\u00e9-devant-leur-future-\u00e9cole.jpg\"><img loading=\"lazy\" decoding=\"async\" class=\"size-medium wp-image-754\" src=\"https:\/\/cuihamo.fr\/wp-content\/uploads\/2015\/07\/enfants-de-Komb\u00e9-devant-leur-future-\u00e9cole-300x225.jpg\" alt=\"Enfants de Komb\u00e9 devant leur future \u00e9cole\" width=\"300\" height=\"225\" srcset=\"https:\/\/cuihamo.fr\/wp-content\/uploads\/2015\/07\/enfants-de-Komb\u00e9-devant-leur-future-\u00e9cole-300x225.jpg 300w, https:\/\/cuihamo.fr\/wp-content\/uploads\/2015\/07\/enfants-de-Komb\u00e9-devant-leur-future-\u00e9cole-1024x768.jpg 1024w\" sizes=\"auto, (max-width: 300px) 100vw, 300px\" \/><\/a><figcaption id=\"caption-attachment-754\" class=\"wp-caption-text\">Enfants de Komb\u00e9 devant leur future \u00e9cole<\/figcaption><\/figure>\n<figure id=\"attachment_752\" aria-describedby=\"caption-attachment-752\" style=\"width: 300px\" class=\"wp-caption aligncenter\"><a href=\"https:\/\/cuihamo.fr\/wp-content\/uploads\/2015\/07\/\u00e9cole-de-Komb\u00e9-en-travaux-1.jpg\"><img loading=\"lazy\" decoding=\"async\" class=\"size-medium wp-image-752\" src=\"https:\/\/cuihamo.fr\/wp-content\/uploads\/2015\/07\/\u00e9cole-de-Komb\u00e9-en-travaux-1-300x225.jpg\" alt=\"Ecole de Komb\u00e9 en travaux\" width=\"300\" height=\"225\" srcset=\"https:\/\/cuihamo.fr\/wp-content\/uploads\/2015\/07\/\u00e9cole-de-Komb\u00e9-en-travaux-1-300x225.jpg 300w, https:\/\/cuihamo.fr\/wp-content\/uploads\/2015\/07\/\u00e9cole-de-Komb\u00e9-en-travaux-1-1024x768.jpg 1024w\" sizes=\"auto, (max-width: 300px) 100vw, 300px\" \/><\/a><figcaption id=\"caption-attachment-752\" class=\"wp-caption-text\">Ecole de Komb\u00e9 en travaux<\/figcaption><\/figure>\n<figure id=\"attachment_753\" aria-describedby=\"caption-attachment-753\" style=\"width: 300px\" class=\"wp-caption aligncenter\"><a href=\"https:\/\/cuihamo.fr\/wp-content\/uploads\/2015\/07\/\u00e9cole-de-Komb\u00e9-en-travaux-2.jpg\"><img loading=\"lazy\" decoding=\"async\" class=\"size-medium wp-image-753\" src=\"https:\/\/cuihamo.fr\/wp-content\/uploads\/2015\/07\/\u00e9cole-de-Komb\u00e9-en-travaux-2-300x225.jpg\" alt=\"Ecole de Komb\u00e9 en travaux \" width=\"300\" height=\"225\" srcset=\"https:\/\/cuihamo.fr\/wp-content\/uploads\/2015\/07\/\u00e9cole-de-Komb\u00e9-en-travaux-2-300x225.jpg 300w, https:\/\/cuihamo.fr\/wp-content\/uploads\/2015\/07\/\u00e9cole-de-Komb\u00e9-en-travaux-2-1024x768.jpg 1024w\" sizes=\"auto, (max-width: 300px) 100vw, 300px\" \/><\/a><figcaption id=\"caption-attachment-753\" class=\"wp-caption-text\">Ecole de Komb\u00e9 en travaux<\/figcaption><\/figure>\n<p>En 2015, l&rsquo;Association a financ\u00e9 la construction d&rsquo;une nouvelle salle de classe.<\/p>\n<p>En 2016, investissement dans la construction d&rsquo;une autre salle de classe.<\/p>\n<p>En 2017: Construction de toilettes et d&rsquo;un bureau pour les t\u00e2ches administratives ainsi que fourniture de mobilier suppl\u00e9mentaire dans les salles de classe : bancs et tables.<\/p>\n<p>Malheureusement, d\u00e9but 2018, une temp\u00eate a arrach\u00e9 la&nbsp; toiture d&rsquo;une salle de classe, qu&rsquo;il va falloir remplacer.<\/p>\n<p><img loading=\"lazy\" decoding=\"async\" class=\"aligncenter size-medium wp-image-934\" src=\"https:\/\/cuihamo.fr\/wp-content\/uploads\/2015\/07\/photo-1d\u00e9gats-temp\u00eate-\u00e9cole-de-Komb\u00e9-300x225.jpg\" alt=\"\" width=\"300\" height=\"225\" srcset=\"https:\/\/cuihamo.fr\/wp-content\/uploads\/2015\/07\/photo-1d\u00e9gats-temp\u00eate-\u00e9cole-de-Komb\u00e9-300x225.jpg 300w, https:\/\/cuihamo.fr\/wp-content\/uploads\/2015\/07\/photo-1d\u00e9gats-temp\u00eate-\u00e9cole-de-Komb\u00e9-768x576.jpg 768w, https:\/\/cuihamo.fr\/wp-content\/uploads\/2015\/07\/photo-1d\u00e9gats-temp\u00eate-\u00e9cole-de-Komb\u00e9-1024x768.jpg 1024w, https:\/\/cuihamo.fr\/wp-content\/uploads\/2015\/07\/photo-1d\u00e9gats-temp\u00eate-\u00e9cole-de-Komb\u00e9.jpg 1080w\" sizes=\"auto, (max-width: 300px) 100vw, 300px\" \/><\/p>\n<p><img loading=\"lazy\" decoding=\"async\" class=\"aligncenter size-medium wp-image-935\" src=\"https:\/\/cuihamo.fr\/wp-content\/uploads\/2015\/07\/photo-2-d\u00e9gats-ecole-Komb\u00e9-300x225.jpg\" alt=\"\" width=\"300\" height=\"225\" srcset=\"https:\/\/cuihamo.fr\/wp-content\/uploads\/2015\/07\/photo-2-d\u00e9gats-ecole-Komb\u00e9-300x225.jpg 300w, https:\/\/cuihamo.fr\/wp-content\/uploads\/2015\/07\/photo-2-d\u00e9gats-ecole-Komb\u00e9-768x576.jpg 768w, https:\/\/cuihamo.fr\/wp-content\/uploads\/2015\/07\/photo-2-d\u00e9gats-ecole-Komb\u00e9-1024x768.jpg 1024w, https:\/\/cuihamo.fr\/wp-content\/uploads\/2015\/07\/photo-2-d\u00e9gats-ecole-Komb\u00e9.jpg 1080w\" sizes=\"auto, (max-width: 300px) 100vw, 300px\" \/><\/p>\n<p><img loading=\"lazy\" decoding=\"async\" class=\"aligncenter size-medium wp-image-936\" src=\"https:\/\/cuihamo.fr\/wp-content\/uploads\/2015\/07\/photo-3-d\u00e9gats-ecole-de-Komb\u00e9-300x225.jpg\" alt=\"\" width=\"300\" height=\"225\" srcset=\"https:\/\/cuihamo.fr\/wp-content\/uploads\/2015\/07\/photo-3-d\u00e9gats-ecole-de-Komb\u00e9-300x225.jpg 300w, https:\/\/cuihamo.fr\/wp-content\/uploads\/2015\/07\/photo-3-d\u00e9gats-ecole-de-Komb\u00e9-768x576.jpg 768w, https:\/\/cuihamo.fr\/wp-content\/uploads\/2015\/07\/photo-3-d\u00e9gats-ecole-de-Komb\u00e9-1024x768.jpg 1024w, https:\/\/cuihamo.fr\/wp-content\/uploads\/2015\/07\/photo-3-d\u00e9gats-ecole-de-Komb\u00e9.jpg 1080w\" sizes=\"auto, (max-width: 300px) 100vw, 300px\" \/><\/p>\n<p><img loading=\"lazy\" decoding=\"async\" class=\"aligncenter size-medium wp-image-937\" src=\"https:\/\/cuihamo.fr\/wp-content\/uploads\/2015\/07\/photo-4-d\u00e9gats-\u00e9cole-de-Komb\u00e9-300x225.jpg\" alt=\"\" width=\"300\" height=\"225\" srcset=\"https:\/\/cuihamo.fr\/wp-content\/uploads\/2015\/07\/photo-4-d\u00e9gats-\u00e9cole-de-Komb\u00e9-300x225.jpg 300w, https:\/\/cuihamo.fr\/wp-content\/uploads\/2015\/07\/photo-4-d\u00e9gats-\u00e9cole-de-Komb\u00e9-768x576.jpg 768w, https:\/\/cuihamo.fr\/wp-content\/uploads\/2015\/07\/photo-4-d\u00e9gats-\u00e9cole-de-Komb\u00e9-1024x768.jpg 1024w, https:\/\/cuihamo.fr\/wp-content\/uploads\/2015\/07\/photo-4-d\u00e9gats-\u00e9cole-de-Komb\u00e9.jpg 1080w\" sizes=\"auto, (max-width: 300px) 100vw, 300px\" \/><\/p>\n<p>En 2018, la toiture endommag\u00e9e a \u00e9t\u00e9 refaite. Deux nouvelles salles de classe ont \u00e9t\u00e9 construites et un puits a \u00e9t\u00e9 for\u00e9 et une pompe \u00e0 bras install\u00e9e :<\/p>\n<figure id=\"attachment_965\" aria-describedby=\"caption-attachment-965\" style=\"width: 300px\" class=\"wp-caption aligncenter\"><img loading=\"lazy\" decoding=\"async\" class=\"size-medium wp-image-965\" src=\"https:\/\/cuihamo.fr\/wp-content\/uploads\/2015\/07\/2018-D\u00e9but-des-travaux-300x225.jpg\" alt=\"\" width=\"300\" height=\"225\" srcset=\"https:\/\/cuihamo.fr\/wp-content\/uploads\/2015\/07\/2018-D\u00e9but-des-travaux-300x225.jpg 300w, https:\/\/cuihamo.fr\/wp-content\/uploads\/2015\/07\/2018-D\u00e9but-des-travaux-768x577.jpg 768w, https:\/\/cuihamo.fr\/wp-content\/uploads\/2015\/07\/2018-D\u00e9but-des-travaux-1024x769.jpg 1024w, https:\/\/cuihamo.fr\/wp-content\/uploads\/2015\/07\/2018-D\u00e9but-des-travaux.jpg 1080w\" sizes=\"auto, (max-width: 300px) 100vw, 300px\" \/><figcaption id=\"caption-attachment-965\" class=\"wp-caption-text\">D\u00e9but des travaux<\/figcaption><\/figure>\n<figure id=\"attachment_966\" aria-describedby=\"caption-attachment-966\" style=\"width: 300px\" class=\"wp-caption aligncenter\"><img loading=\"lazy\" decoding=\"async\" class=\"size-medium wp-image-966\" src=\"https:\/\/cuihamo.fr\/wp-content\/uploads\/2015\/07\/2018-Forage-du-puits-pr\u00e8s-des-nouvelles-salles-en-construction-300x225.jpg\" alt=\"\" width=\"300\" height=\"225\" srcset=\"https:\/\/cuihamo.fr\/wp-content\/uploads\/2015\/07\/2018-Forage-du-puits-pr\u00e8s-des-nouvelles-salles-en-construction-300x225.jpg 300w, https:\/\/cuihamo.fr\/wp-content\/uploads\/2015\/07\/2018-Forage-du-puits-pr\u00e8s-des-nouvelles-salles-en-construction-768x577.jpg 768w, https:\/\/cuihamo.fr\/wp-content\/uploads\/2015\/07\/2018-Forage-du-puits-pr\u00e8s-des-nouvelles-salles-en-construction-1024x769.jpg 1024w, https:\/\/cuihamo.fr\/wp-content\/uploads\/2015\/07\/2018-Forage-du-puits-pr\u00e8s-des-nouvelles-salles-en-construction.jpg 1080w\" sizes=\"auto, (max-width: 300px) 100vw, 300px\" \/><figcaption id=\"caption-attachment-966\" class=\"wp-caption-text\">Forage du puits pr\u00e8s des nouvelles salles en construction<\/figcaption><\/figure>\n<figure id=\"attachment_967\" aria-describedby=\"caption-attachment-967\" style=\"width: 300px\" class=\"wp-caption aligncenter\"><img loading=\"lazy\" decoding=\"async\" class=\"size-medium wp-image-967\" src=\"https:\/\/cuihamo.fr\/wp-content\/uploads\/2015\/07\/2018-Puits-desservant-l\u00e9cole-de-Komb\u00e9-avec-sa-pompe-\u00e0-bras-300x169.jpg\" alt=\"\" width=\"300\" height=\"169\" srcset=\"https:\/\/cuihamo.fr\/wp-content\/uploads\/2015\/07\/2018-Puits-desservant-l\u00e9cole-de-Komb\u00e9-avec-sa-pompe-\u00e0-bras-300x169.jpg 300w, https:\/\/cuihamo.fr\/wp-content\/uploads\/2015\/07\/2018-Puits-desservant-l\u00e9cole-de-Komb\u00e9-avec-sa-pompe-\u00e0-bras-768x432.jpg 768w, https:\/\/cuihamo.fr\/wp-content\/uploads\/2015\/07\/2018-Puits-desservant-l\u00e9cole-de-Komb\u00e9-avec-sa-pompe-\u00e0-bras-1024x576.jpg 1024w, https:\/\/cuihamo.fr\/wp-content\/uploads\/2015\/07\/2018-Puits-desservant-l\u00e9cole-de-Komb\u00e9-avec-sa-pompe-\u00e0-bras.jpg 1080w\" sizes=\"auto, (max-width: 300px) 100vw, 300px\" \/><figcaption id=\"caption-attachment-967\" class=\"wp-caption-text\">Puits desservant l&rsquo;\u00e9cole de Komb\u00e9 avec sa pompe \u00e0 bras.<\/figcaption><\/figure>\n<figure id=\"attachment_968\" aria-describedby=\"caption-attachment-968\" style=\"width: 300px\" class=\"wp-caption aligncenter\"><img loading=\"lazy\" decoding=\"async\" class=\"size-medium wp-image-968\" src=\"https:\/\/cuihamo.fr\/wp-content\/uploads\/2015\/07\/2018-Les-salles-de-classe-en-construction-300x169.jpg\" alt=\"\" width=\"300\" height=\"169\" srcset=\"https:\/\/cuihamo.fr\/wp-content\/uploads\/2015\/07\/2018-Les-salles-de-classe-en-construction-300x169.jpg 300w, https:\/\/cuihamo.fr\/wp-content\/uploads\/2015\/07\/2018-Les-salles-de-classe-en-construction-768x432.jpg 768w, https:\/\/cuihamo.fr\/wp-content\/uploads\/2015\/07\/2018-Les-salles-de-classe-en-construction-1024x576.jpg 1024w, https:\/\/cuihamo.fr\/wp-content\/uploads\/2015\/07\/2018-Les-salles-de-classe-en-construction.jpg 1080w\" sizes=\"auto, (max-width: 300px) 100vw, 300px\" \/><figcaption id=\"caption-attachment-968\" class=\"wp-caption-text\">Les salles de classe en construction.<\/figcaption><\/figure>\n<p>En 2020, l&rsquo;Association a r\u00e9alis\u00e9 la construction des acc\u00e8s en b\u00e9ton devant les salles de classe.<\/p>\n<p>En 2022\/2023, les images de la Fanfare des \u00e9coliers de Mal\u00e9k\u00e8 dont CUI HA MO a fourni les instruments de musique:<\/p>\n\n\n<figure class=\"wp-block-embed-youtube wp-block-embed is-type-video is-provider-youtube wp-embed-aspect-16-9 wp-has-aspect-ratio\"><div class=\"wp-block-embed__wrapper\">\n<iframe loading=\"lazy\" title=\"Remise de la fanfare \u00e0 l&#039;\u00e9cole de Komb\u00e9\" width=\"925\" height=\"520\" src=\"https:\/\/www.youtube.com\/embed\/lt0JBOFIyuE?feature=oembed\" frameborder=\"0\" allow=\"accelerometer; autoplay; clipboard-write; encrypted-media; gyroscope; picture-in-picture; web-share\" referrerpolicy=\"strict-origin-when-cross-origin\" allowfullscreen><\/iframe>\n<\/div><\/figure>\n","protected":false},"excerpt":{"rendered":"<p>En 2015, l&rsquo;Association a financ\u00e9 la construction d&rsquo;une nouvelle salle de classe. En 2016, investissement dans la construction d&rsquo;une autre salle de classe. En 2017: Construction de toilettes et d&rsquo;un bureau pour les t\u00e2ches administratives&hellip;<\/p>\n<p class=\"more-link-wrapper\"><a href=\"https:\/\/cuihamo.fr\/?page_id=748\" class=\"more-link\">Continue Reading<span class=\"screen-reader-text\"> \u00ab\u00a0Ecole de Komb\u00e9\u00a0\u00bb<\/span><\/a><\/p>\n","protected":false},"author":5,"featured_media":0,"parent":77,"menu_order":3,"comment_status":"closed","ping_status":"open","template":"","meta":{"footnotes":""},"class_list":["post-748","page","type-page","status-publish","hentry"],"_links":{"self":[{"href":"https:\/\/cuihamo.fr\/index.php?rest_route=\/wp\/v2\/pages\/748","targetHints":{"allow":["GET"]}}],"collection":[{"href":"https:\/\/cuihamo.fr\/index.php?rest_route=\/wp\/v2\/pages"}],"about":[{"href":"https:\/\/cuihamo.fr\/index.php?rest_route=\/wp\/v2\/types\/page"}],"author":[{"embeddable":true,"href":"https:\/\/cuihamo.fr\/index.php?rest_route=\/wp\/v2\/users\/5"}],"replies":[{"embeddable":true,"href":"https:\/\/cuihamo.fr\/index.php?rest_route=%2Fwp%2Fv2%2Fcomments&post=748"}],"version-history":[{"count":10,"href":"https:\/\/cuihamo.fr\/index.php?rest_route=\/wp\/v2\/pages\/748\/revisions"}],"predecessor-version":[{"id":1125,"href":"https:\/\/cuihamo.fr\/index.php?rest_route=\/wp\/v2\/pages\/748\/revisions\/1125"}],"up":[{"embeddable":true,"href":"https:\/\/cuihamo.fr\/index.php?rest_route=\/wp\/v2\/pages\/77"}],"wp:attachment":[{"href":"https:\/\/cuihamo.fr\/index.php?rest_route=%2Fwp%2Fv2%2Fmedia&parent=748"}],"curies":[{"name":"wp","href":"https:\/\/api.w.org\/{rel}","templated":true}]}}