{"id":807,"date":"2016-07-30T17:07:32","date_gmt":"2016-07-30T16:07:32","guid":{"rendered":"https:\/\/www.cuihamo.fr\/?page_id=807"},"modified":"2025-07-26T18:03:42","modified_gmt":"2025-07-26T17:03:42","slug":"vie-des-beneficiaires","status":"publish","type":"page","link":"https:\/\/cuihamo.fr\/?page_id=807","title":{"rendered":"Vie des b\u00e9n\u00e9ficiaires"},"content":{"rendered":"\n<p>2023\/2024: Repas pour des enfants d\u00e9munis:<\/p>\n\n\n\n<figure class=\"wp-block-embed is-type-video is-provider-youtube wp-block-embed-youtube wp-embed-aspect-4-3 wp-has-aspect-ratio\"><div class=\"wp-block-embed__wrapper\">\n<iframe loading=\"lazy\" title=\"Repas avec des d\u00e9munis\" width=\"925\" height=\"520\" src=\"https:\/\/www.youtube.com\/embed\/jlurYygIoho?feature=oembed\" frameborder=\"0\" allow=\"accelerometer; autoplay; clipboard-write; encrypted-media; gyroscope; picture-in-picture; web-share\" referrerpolicy=\"strict-origin-when-cross-origin\" allowfullscreen><\/iframe>\n<\/div><\/figure>\n\n\n\n<p>2023\/2024: Voici une vid\u00e9o montrant la fabrication de cadres pour les ruches:<\/p>\n\n\n\n<figure class=\"wp-block-embed is-type-video is-provider-youtube wp-block-embed-youtube wp-embed-aspect-16-9 wp-has-aspect-ratio\"><div class=\"wp-block-embed__wrapper\">\n<iframe loading=\"lazy\" title=\"Fabrication des cadres de ruches\" width=\"925\" height=\"520\" src=\"https:\/\/www.youtube.com\/embed\/N8Gyg4fhobs?feature=oembed\" frameborder=\"0\" allow=\"accelerometer; autoplay; clipboard-write; encrypted-media; gyroscope; picture-in-picture; web-share\" referrerpolicy=\"strict-origin-when-cross-origin\" allowfullscreen><\/iframe>\n<\/div><\/figure>\n\n\n\n<p>En 2022\/2023, une scie a \u00e9t\u00e9 achet\u00e9e par CUI HA MO pour faciliter la construction des ruches:<\/p>\n\n\n\n<figure class=\"wp-block-embed is-type-video is-provider-youtube wp-block-embed-youtube wp-embed-aspect-16-9 wp-has-aspect-ratio\"><div class=\"wp-block-embed__wrapper\">\n<iframe loading=\"lazy\" title=\"La nouvelle scie\" width=\"925\" height=\"520\" src=\"https:\/\/www.youtube.com\/embed\/y8x4oJifM5w?feature=oembed\" frameborder=\"0\" allow=\"accelerometer; autoplay; clipboard-write; encrypted-media; gyroscope; picture-in-picture; web-share\" referrerpolicy=\"strict-origin-when-cross-origin\" allowfullscreen><\/iframe>\n<\/div><\/figure>\n\n\n<p>En 2016, a \u00e9t\u00e9 r\u00e9alis\u00e9e une vid\u00e9o concernant la vie des b\u00e9n\u00e9ficiaires au Cameroun.<\/p>\n<p><iframe loading=\"lazy\" title=\"Docu Kompina 2016\" width=\"925\" height=\"520\" src=\"https:\/\/www.youtube.com\/embed\/Jr-3PNqE0rI?feature=oembed\" frameborder=\"0\" allow=\"accelerometer; autoplay; clipboard-write; encrypted-media; gyroscope; picture-in-picture; web-share\" referrerpolicy=\"strict-origin-when-cross-origin\" allowfullscreen><\/iframe><\/p>\n<p>&nbsp;<\/p>\n<p>Un \u00e9tudiant de l&rsquo;universit\u00e9 de Dschang remercie l&rsquo;Association CUI.HA.MO.:<\/p>\n<div style=\"width: 480px;\" class=\"wp-video\"><video class=\"wp-video-shortcode\" id=\"video-807-1\" width=\"480\" height=\"480\" preload=\"metadata\" controls=\"controls\"><source type=\"video\/mp4\" src=\"https:\/\/cuihamo.fr\/wp-content\/uploads\/2016\/07\/VID-20160619-WA0000.mp4?_=1\" \/><a href=\"https:\/\/cuihamo.fr\/wp-content\/uploads\/2016\/07\/VID-20160619-WA0000.mp4\">https:\/\/cuihamo.fr\/wp-content\/uploads\/2016\/07\/VID-20160619-WA0000.mp4<\/a><\/video><\/div>\n<p>&nbsp;<\/p>\n<p>Au centre des aveugles :<\/p>\n<div style=\"width: 925px;\" class=\"wp-video\"><video class=\"wp-video-shortcode\" id=\"video-807-2\" width=\"925\" height=\"520\" preload=\"metadata\" controls=\"controls\"><source type=\"video\/mp4\" src=\"https:\/\/cuihamo.fr\/wp-content\/uploads\/2016\/07\/VID_20160621_102733.mp4?_=2\" \/><a href=\"https:\/\/cuihamo.fr\/wp-content\/uploads\/2016\/07\/VID_20160621_102733.mp4\">https:\/\/cuihamo.fr\/wp-content\/uploads\/2016\/07\/VID_20160621_102733.mp4<\/a><\/video><\/div>\n<p>&nbsp;<\/p>\n<p>&nbsp;<\/p>","protected":false},"excerpt":{"rendered":"<p>2023\/2024: Repas pour des enfants d\u00e9munis: 2023\/2024: Voici une vid\u00e9o montrant la fabrication de cadres pour les ruches: En 2022\/2023, une scie a \u00e9t\u00e9 achet\u00e9e par CUI HA MO pour faciliter la construction des ruches:&hellip;<\/p>\n<p class=\"more-link-wrapper\"><a href=\"https:\/\/cuihamo.fr\/?page_id=807\" class=\"more-link\">Continue Reading<span class=\"screen-reader-text\"> \u00ab\u00a0Vie des b\u00e9n\u00e9ficiaires\u00a0\u00bb<\/span><\/a><\/p>\n","protected":false},"author":5,"featured_media":0,"parent":23,"menu_order":15,"comment_status":"closed","ping_status":"open","template":"","meta":{"footnotes":""},"class_list":["post-807","page","type-page","status-publish","hentry"],"_links":{"self":[{"href":"https:\/\/cuihamo.fr\/index.php?rest_route=\/wp\/v2\/pages\/807","targetHints":{"allow":["GET"]}}],"collection":[{"href":"https:\/\/cuihamo.fr\/index.php?rest_route=\/wp\/v2\/pages"}],"about":[{"href":"https:\/\/cuihamo.fr\/index.php?rest_route=\/wp\/v2\/types\/page"}],"author":[{"embeddable":true,"href":"https:\/\/cuihamo.fr\/index.php?rest_route=\/wp\/v2\/users\/5"}],"replies":[{"embeddable":true,"href":"https:\/\/cuihamo.fr\/index.php?rest_route=%2Fwp%2Fv2%2Fcomments&post=807"}],"version-history":[{"count":11,"href":"https:\/\/cuihamo.fr\/index.php?rest_route=\/wp\/v2\/pages\/807\/revisions"}],"predecessor-version":[{"id":1338,"href":"https:\/\/cuihamo.fr\/index.php?rest_route=\/wp\/v2\/pages\/807\/revisions\/1338"}],"up":[{"embeddable":true,"href":"https:\/\/cuihamo.fr\/index.php?rest_route=\/wp\/v2\/pages\/23"}],"wp:attachment":[{"href":"https:\/\/cuihamo.fr\/index.php?rest_route=%2Fwp%2Fv2%2Fmedia&parent=807"}],"curies":[{"name":"wp","href":"https:\/\/api.w.org\/{rel}","templated":true}]}}