{"id":9,"date":"2010-11-07T01:44:03","date_gmt":"2010-11-07T00:44:03","guid":{"rendered":"http:\/\/localhost\/wordpress\/?page_id=9"},"modified":"2019-07-20T19:24:21","modified_gmt":"2019-07-20T18:24:21","slug":"informations-sur-lassociation","status":"publish","type":"page","link":"https:\/\/cuihamo.fr\/","title":{"rendered":"L&rsquo;Association"},"content":{"rendered":"<div class=\"mceTemp mceIEcenter\">\n<div class=\"mceTemp mceIEcenter\">Le p\u00e8re Gabriel KANMOGNE a souvent relat\u00e9 du sort des enfants d\u00e9munis, malades et des difficult\u00e9s auxquelles les Camerounais doivent quotidiennement faire face. Lorsqu\u2019Ir\u00e8ne et Edouard KLEIN se sont rendus au Cameroun, ils ont \u00e9t\u00e9 profond\u00e9ment touch\u00e9s par la mis\u00e8re. C\u2019est \u00e0 la suite de ce voyage qu\u2019Edouard a pris \u00e0 c\u0153ur d\u2019informer la population du secteur, des conditions de vie de ces gens et d\u2019essayer de leur venir en aide.<\/div>\n<p>&nbsp;<\/p>\n<figure id=\"attachment_372\" aria-describedby=\"caption-attachment-372\" style=\"width: 300px\" class=\"wp-caption aligncenter\"><a href=\"https:\/\/cuihamo.fr\/?attachment_id=372\" rel=\"attachment wp-att-372\"><img loading=\"lazy\" decoding=\"async\" class=\" wp-image-372\" title=\"Irene et Edouard et les enfants\" src=\"https:\/\/cuihamo.fr\/wp-content\/uploads\/2010\/11\/Irene-et-Edouard-et-les-enfants.jpg\" alt=\"\" width=\"300\" height=\"225\" \/><\/a><figcaption id=\"caption-attachment-372\" class=\"wp-caption-text\">Edouard et Ir\u00e8ne distribuant des bonbons aux enfants de l&rsquo;\u00e9cole maternelle de Souza.<\/figcaption><\/figure>\n<\/div>\n<div class=\"mceTemp mceIEcenter\"><\/div>\n<p>De nombreuses personnes ont soutenu Edouard dans son action pendant une dizaine d\u2019ann\u00e9es, mais hors cadre associatif.<\/p>\n<p>Puis, l\u2019association CUI.HA.MO. \u00ab\u00a0Ensemble donnons de l\u2019espoir\u00a0\u00bb a \u00e9t\u00e9 fond\u00e9e en 2008. Actuellement, elle compte 39 membres actifs et de nombreux bienfaiteurs.<\/p>\n<p>Au Cameroun, l\u2019Association dispose\u00a0du P\u00e8re Gabriel et de trois membres, qui coordonnent nos actions\u00a0sur place.<\/p>\n<p>L\u2019Association a pour but de soutenir mat\u00e9riellement, humainement, socialement et moralement des projets sociaux, \u00e9ducatifs et de sant\u00e9. L\u2019association s\u2019est fix\u00e9e pour objectifs\u00a0:<\/p>\n<p>&#8211; Accompagner des projets de construction d\u2019\u00e9coles et de soutien scolaire.<\/p>\n<p>&#8211; Participer aux frais de nourriture et logis de jeunes orphelins en \u00e9cole et coll\u00e8ge.<\/p>\n<p>&#8211; Investir dans les diff\u00e9rentes formations professionnelles des jeunes.<\/p>\n<p>&#8211; Soutenir des projets sanitaires et sociaux.<\/p>\n<p>&#8211; Lutter contre la paup\u00e9risation.<\/p>\n<p>&#8211; Soutenir et accompagner les communaut\u00e9s paysannes des\u00a0villages\u00a0oeuvrant pour le d\u00e9veloppement et l\u2019autosuffisance alimentaire en zones rurales.<\/p>\n<p>&#8211;\u00a0Aider au d\u00e9veloppement.<\/p>\n<p>Les statuts ont \u00e9t\u00e9 d\u00e9pos\u00e9s au tribunal d\u2019Instance de Sarreguemines.<\/p>\n","protected":false},"excerpt":{"rendered":"<p>Le p\u00e8re Gabriel KANMOGNE a souvent relat\u00e9 du sort des enfants d\u00e9munis, malades et des difficult\u00e9s auxquelles les Camerounais doivent quotidiennement faire face. Lorsqu\u2019Ir\u00e8ne et Edouard KLEIN se sont rendus au Cameroun, ils ont \u00e9t\u00e9&hellip;<\/p>\n<p class=\"more-link-wrapper\"><a href=\"https:\/\/cuihamo.fr\/\" class=\"more-link\">Continue Reading<span class=\"screen-reader-text\"> \u00ab\u00a0L&rsquo;Association\u00a0\u00bb<\/span><\/a><\/p>\n","protected":false},"author":7,"featured_media":0,"parent":0,"menu_order":2,"comment_status":"closed","ping_status":"open","template":"","meta":{"footnotes":""},"class_list":["post-9","page","type-page","status-publish","hentry"],"_links":{"self":[{"href":"https:\/\/cuihamo.fr\/index.php?rest_route=\/wp\/v2\/pages\/9","targetHints":{"allow":["GET"]}}],"collection":[{"href":"https:\/\/cuihamo.fr\/index.php?rest_route=\/wp\/v2\/pages"}],"about":[{"href":"https:\/\/cuihamo.fr\/index.php?rest_route=\/wp\/v2\/types\/page"}],"author":[{"embeddable":true,"href":"https:\/\/cuihamo.fr\/index.php?rest_route=\/wp\/v2\/users\/7"}],"replies":[{"embeddable":true,"href":"https:\/\/cuihamo.fr\/index.php?rest_route=%2Fwp%2Fv2%2Fcomments&post=9"}],"version-history":[{"count":28,"href":"https:\/\/cuihamo.fr\/index.php?rest_route=\/wp\/v2\/pages\/9\/revisions"}],"predecessor-version":[{"id":943,"href":"https:\/\/cuihamo.fr\/index.php?rest_route=\/wp\/v2\/pages\/9\/revisions\/943"}],"wp:attachment":[{"href":"https:\/\/cuihamo.fr\/index.php?rest_route=%2Fwp%2Fv2%2Fmedia&parent=9"}],"curies":[{"name":"wp","href":"https:\/\/api.w.org\/{rel}","templated":true}]}}