{"id":945,"date":"2019-07-20T19:55:09","date_gmt":"2019-07-20T18:55:09","guid":{"rendered":"https:\/\/www.cuihamo.fr\/?page_id=945"},"modified":"2025-03-02T22:42:04","modified_gmt":"2025-03-02T21:42:04","slug":"actions-20182019","status":"publish","type":"page","link":"https:\/\/cuihamo.fr\/?page_id=945","title":{"rendered":"Actions 2018\/2019"},"content":{"rendered":"<p>Durant l\u2019ann\u00e9e \u00e9coul\u00e9e, CUI HA MO a soutenu au Cameroun diff\u00e9rentes actions&nbsp;:<\/p>\n<p>&nbsp;<\/p>\n<p>1-Prise en charge du solde de l\u2019investissement achat imprimante index Braille<\/p>\n<p>2- Construction d\u2019une chambre pour la cuisini\u00e8re au centre des aveugle<\/p>\n<p>3- Prise en charge frais m\u00e9dicaux du jeune handicap\u00e9 KOM Ferdinand<\/p>\n<p>4- Construction de 2 salles de classe \u00e9cole de KOMBE<\/p>\n<p>5- Forage d\u2019un puits pour l\u2019\u00e9cole de KOMBE<\/p>\n<p>6- R\u00e9fection de 3 salles de classe KOMPINA<\/p>\n<p>7- R\u00e9fection de toiture endommag\u00e9e par la temp\u00eate \u00e0 l\u2019\u00e9cole de KOMBE<\/p>\n<p>8- Construction d\u2019un r\u00e9fectoire au centre des aveugles<\/p>\n<p>9- Frais de scolarit\u00e9 pour 8 enfants d\u00e9munis&nbsp; 2018\/2019<\/p>\n<p>10- Frais de scolarit\u00e9 pour 11 enfants r\u00e9fugi\u00e9s de guerre 2018\/2019<\/p>\n<p>11- Frais de scolarit\u00e9 pour 12 enfants aveugles&nbsp; 2018\/2019<\/p>\n<p>Une autre activit\u00e9 consiste \u00e0 exp\u00e9dier des colis avec du mat\u00e9riel scolaire&nbsp;; des ordinateurs, des jouets, des livres, des habits essentiellement d\u2019enfants et de femmes, des jouets, du mat\u00e9riel m\u00e9dical etc\u2026<\/p>\n<p>&nbsp;<\/p>\n<p>Voici le lien vers le film projet\u00e9 lors de l&rsquo;Assembl\u00e9e G\u00e9n\u00e9rale du 19 juillet 2019 :<\/p>\n<p><span style=\"color: #0000ff;\"><a href=\"https:\/\/youtu.be\/y6rahaI0ADE\">https:\/\/youtu.be\/y6rahaI0ADE<\/a><\/span><\/p>\n<p>&nbsp;<\/p>\n<p>&nbsp;<\/p>\n","protected":false},"excerpt":{"rendered":"<p>Durant l\u2019ann\u00e9e \u00e9coul\u00e9e, CUI HA MO a soutenu au Cameroun diff\u00e9rentes actions&nbsp;: &nbsp; 1-Prise en charge du solde de l\u2019investissement achat imprimante index Braille 2- Construction d\u2019une chambre pour la cuisini\u00e8re au centre des aveugle&hellip;<\/p>\n<p class=\"more-link-wrapper\"><a href=\"https:\/\/cuihamo.fr\/?page_id=945\" class=\"more-link\">Continue Reading<span class=\"screen-reader-text\"> \u00ab\u00a0Actions 2018\/2019\u00a0\u00bb<\/span><\/a><\/p>\n","protected":false},"author":5,"featured_media":0,"parent":23,"menu_order":3,"comment_status":"closed","ping_status":"closed","template":"","meta":{"footnotes":""},"class_list":["post-945","page","type-page","status-publish","hentry"],"_links":{"self":[{"href":"https:\/\/cuihamo.fr\/index.php?rest_route=\/wp\/v2\/pages\/945","targetHints":{"allow":["GET"]}}],"collection":[{"href":"https:\/\/cuihamo.fr\/index.php?rest_route=\/wp\/v2\/pages"}],"about":[{"href":"https:\/\/cuihamo.fr\/index.php?rest_route=\/wp\/v2\/types\/page"}],"author":[{"embeddable":true,"href":"https:\/\/cuihamo.fr\/index.php?rest_route=\/wp\/v2\/users\/5"}],"replies":[{"embeddable":true,"href":"https:\/\/cuihamo.fr\/index.php?rest_route=%2Fwp%2Fv2%2Fcomments&post=945"}],"version-history":[{"count":12,"href":"https:\/\/cuihamo.fr\/index.php?rest_route=\/wp\/v2\/pages\/945\/revisions"}],"predecessor-version":[{"id":1306,"href":"https:\/\/cuihamo.fr\/index.php?rest_route=\/wp\/v2\/pages\/945\/revisions\/1306"}],"up":[{"embeddable":true,"href":"https:\/\/cuihamo.fr\/index.php?rest_route=\/wp\/v2\/pages\/23"}],"wp:attachment":[{"href":"https:\/\/cuihamo.fr\/index.php?rest_route=%2Fwp%2Fv2%2Fmedia&parent=945"}],"curies":[{"name":"wp","href":"https:\/\/api.w.org\/{rel}","templated":true}]}}