{"id":992,"date":"2020-07-24T20:14:07","date_gmt":"2020-07-24T19:14:07","guid":{"rendered":"https:\/\/www.cuihamo.fr\/?page_id=992"},"modified":"2025-03-02T22:42:20","modified_gmt":"2025-03-02T21:42:20","slug":"actions-20192020","status":"publish","type":"page","link":"https:\/\/cuihamo.fr\/?page_id=992","title":{"rendered":"Actions 2019\/2020"},"content":{"rendered":"<p>Durant l\u2019ann\u00e9e \u00e9coul\u00e9e, CUI HA MO a soutenu au Cameroun diff\u00e9rentes actions&nbsp;:<\/p>\n<p>1- Au centre des aveugles&nbsp;:<\/p>\n<p>&#8211; peinture au r\u00e9fectoire<\/p>\n<p>&#8211; achat de tables et chaises<\/p>\n<p>&#8211; construction d\u2019une cuisine<\/p>\n<p>2- Ecole de Komb\u00e9&nbsp;: achat et pose de deux portes<\/p>\n<p>3- Changement de la pompe et nettoyage du puits \u00e0 KOMBE<\/p>\n<p>4- Prise en charge de 12 \u00e9l\u00e8ves aveugles 2019\/2020<\/p>\n<p>5- Frais de scolarit\u00e9 pour de 8 jeunes d\u00e9munis 2019\/2020<\/p>\n<p>6- Frais de scolarit\u00e9 pour 13 enfants d\u00e9plac\u00e9s de guerre 2019\/2020<\/p>\n<p>7- Frais de scolarit\u00e9 pour 2 universitaires 2019\/2020<\/p>\n<p>8-Frais de formation d&rsquo;une \u00e9l\u00e8ve infirmi\u00e8re 3e ann\u00e9e 2019\/2020<\/p>\n<p>9- Frais pour installation professionnelle d&rsquo;une aveugle (glaci\u00e8re)<\/p>\n<p>Une autre activit\u00e9 consiste \u00e0 exp\u00e9dier des colis avec des ordinateurs, des jouets, des habits essentiellement d\u2019enfants et de femmes, des jouets, du mat\u00e9riel m\u00e9dical etc\u2026<\/p>\n<p>&nbsp;<\/p>\n<p>Voici le lien vers le film r\u00e9capitulant diff\u00e9rentes actions:<\/p>\n<p><iframe loading=\"lazy\" title=\"Film 2020 r\u00e9capitulant diff\u00e9rentes actions CUIHAMO\" width=\"925\" height=\"694\" src=\"https:\/\/www.youtube.com\/embed\/wvIV1vrqzfM?feature=oembed\" frameborder=\"0\" allow=\"accelerometer; autoplay; clipboard-write; encrypted-media; gyroscope; picture-in-picture; web-share\" referrerpolicy=\"strict-origin-when-cross-origin\" allowfullscreen><\/iframe><\/p>\n<p>&nbsp;<\/p>\n<p>&nbsp;<\/p>\n<p>&nbsp;<\/p>\n","protected":false},"excerpt":{"rendered":"<p>Durant l\u2019ann\u00e9e \u00e9coul\u00e9e, CUI HA MO a soutenu au Cameroun diff\u00e9rentes actions&nbsp;: 1- Au centre des aveugles&nbsp;: &#8211; peinture au r\u00e9fectoire &#8211; achat de tables et chaises &#8211; construction d\u2019une cuisine 2- Ecole de Komb\u00e9&nbsp;:&hellip;<\/p>\n<p class=\"more-link-wrapper\"><a href=\"https:\/\/cuihamo.fr\/?page_id=992\" class=\"more-link\">Continue Reading<span class=\"screen-reader-text\"> \u00ab\u00a0Actions 2019\/2020\u00a0\u00bb<\/span><\/a><\/p>\n","protected":false},"author":5,"featured_media":0,"parent":23,"menu_order":2,"comment_status":"closed","ping_status":"closed","template":"","meta":{"footnotes":""},"class_list":["post-992","page","type-page","status-publish","hentry"],"_links":{"self":[{"href":"https:\/\/cuihamo.fr\/index.php?rest_route=\/wp\/v2\/pages\/992","targetHints":{"allow":["GET"]}}],"collection":[{"href":"https:\/\/cuihamo.fr\/index.php?rest_route=\/wp\/v2\/pages"}],"about":[{"href":"https:\/\/cuihamo.fr\/index.php?rest_route=\/wp\/v2\/types\/page"}],"author":[{"embeddable":true,"href":"https:\/\/cuihamo.fr\/index.php?rest_route=\/wp\/v2\/users\/5"}],"replies":[{"embeddable":true,"href":"https:\/\/cuihamo.fr\/index.php?rest_route=%2Fwp%2Fv2%2Fcomments&post=992"}],"version-history":[{"count":7,"href":"https:\/\/cuihamo.fr\/index.php?rest_route=\/wp\/v2\/pages\/992\/revisions"}],"predecessor-version":[{"id":1308,"href":"https:\/\/cuihamo.fr\/index.php?rest_route=\/wp\/v2\/pages\/992\/revisions\/1308"}],"up":[{"embeddable":true,"href":"https:\/\/cuihamo.fr\/index.php?rest_route=\/wp\/v2\/pages\/23"}],"wp:attachment":[{"href":"https:\/\/cuihamo.fr\/index.php?rest_route=%2Fwp%2Fv2%2Fmedia&parent=992"}],"curies":[{"name":"wp","href":"https:\/\/api.w.org\/{rel}","templated":true}]}}